{"id":196,"date":"2021-11-04T20:14:45","date_gmt":"2021-11-05T04:14:45","guid":{"rendered":"https:\/\/firesafer.com\/?post_type=product&#038;p=196"},"modified":"2023-04-06T05:59:46","modified_gmt":"2023-04-06T13:59:46","slug":"co2-nachfullmaschine","status":"publish","type":"product","link":"https:\/\/firesafer.com\/de\/product\/co2-refilling-machine\/","title":{"rendered":"GMT-C CO2-Feuerl\u00f6scher-Nachf\u00fcllmaschine"},"content":{"rendered":"<p>Funktionen und Vorteile:<\/p>\n<ul>\n<li>Keine Heizung und keine K\u00fchlung erforderlich<\/li>\n<li>Unabh\u00e4ngig von der Umgebungstemperatur beim Bef\u00fcllen<\/li>\n<li>Die wichtigen Teile des Kolbenrings bestehen aus verschlei\u00dffesten, bei hoher Temperatur gesinterten Materialien mit den Vorteilen der Verschlei\u00dffestigkeit, hohen Druckbest\u00e4ndigkeit, hohen Temperaturbest\u00e4ndigkeit usw.<\/li>\n<li>Ein- und Auslassventile werden mit modernster Technologie f\u00fcr Hochdruck-Gastankpumpen hergestellt<\/li>\n<li>Zylinder komplett aus Edelstahl und Kurbelgeh\u00e4use komplett aus Aluminium mit 1,5 kW Hochleistungs-Markenmotor<\/li>\n<\/ul>\n<p>&nbsp;<\/p>\n<p>Die CO2-Abf\u00fcllmaschine der dritten Generation ben\u00f6tigt beim Bef\u00fcllen weder Heizung noch K\u00fchlung und ist unabh\u00e4ngig von der Umgebungstemperatur (normalerweise ist ein Bef\u00fcllen von -25 \u00b0C bis +40 \u00b0C m\u00f6glich). Beim Bef\u00fcllen wird das CO2 aus der gro\u00dfen Flasche zuerst abgepumpt und dann, nachdem es durch die professionelle CO2-Presse in der Abf\u00fcllmaschine unter Druck gesetzt wurde, schnell in die kleine Flasche gef\u00fcllt. Das Bef\u00fcllen einer Flasche mit 3 kg CO2 dauert nur 1 Minute und das Nachf\u00fcllen 5\u201310 Sekunden. Die Stromkosten betragen 3\u20135 Cent. Sie kann tragbare C2-Feuerl\u00f6scher mit 1, 2, 3, 5, 7 und 9 kg sowie CO2-Feuerl\u00f6scher auf Trolleys mit 25 kg, 45 kg und 100 kg bef\u00fcllen und CO2 auch zur\u00fcckpumpen, wodurch CO2 aus der kleinen Flasche in die gro\u00dfe Flasche oder andere kleine Flaschen zur\u00fcckgepumpt werden kann. Die Vorteile sind einfaches und schnelles Bef\u00fcllen, Strom- und Gasersparnis sowie einfache Wartung. Diese Abf\u00fcllanlage geh\u00f6rt zur Feuerl\u00f6scherproduktion und -wartungsfabrik.<\/p>\n<p>&nbsp;<\/p>\n<ol>\n<li><span data-spm-anchor-id=\"a2700.details.0.i51.2463729d5lqq1N\">Wir sind Profis in der Herstellung lebensrettender Produkte<\/span><\/li>\n<li data-spm-anchor-id=\"a2700.details.0.i50.2463729d5lqq1N\">OEM verf\u00fcgbar und drucken Sie Ihr Logo<\/li>\n<li>Wir haben mehr als 10 Jahre Kundenservice-Gruppe und vertraut mit Versand<\/li>\n<li>Dadurch wird eine fr\u00fchzeitige und reibungslose Lieferung gew\u00e4hrleistet und die Kosten f\u00fcr den Kunden werden gesenkt.<\/li>\n<li data-spm-anchor-id=\"a2700.details.0.i49.2463729d5lqq1N\">Der Kundenservice steht an erster Stelle und antwortet innerhalb von 24 Stunden.<\/li>\n<\/ol>","protected":false},"excerpt":{"rendered":"<p data-spm-anchor-id=\"a2700.details.0.i29.2463729d5lqq1N\"><span data-spm-anchor-id=\"a2700.details.0.i28.2463729d5lqq1N\">Die GMT-C CO2-Abf\u00fcllmaschine ist eine kleine und tragbare Abf\u00fcllmaschine. Sowohl der Kolben mit Siphon als auch <\/span>Mitteldruckbeh\u00e4lter k\u00f6nnen zur CO2-Bef\u00fcllung verwendet werden.<\/p>\n<p><span data-spm-anchor-id=\"a2700.details.0.i34.2463729d5lqq1N\">Beim Bef\u00fcllen muss eine elektronische Waage als Grundlage f\u00fcr das F\u00fcllgewicht verwendet werden.<\/span><\/p>\n<p data-spm-anchor-id=\"a2700.details.0.i47.2463729d5lqq1N\">","protected":false},"featured_media":1867,"template":"","meta":{"_acf_changed":false,"_seopress_robots_primary_cat":"none","_seopress_titles_title":"","_seopress_titles_desc":"","_seopress_robots_index":""},"product_brand":[],"product_cat":[50],"product_tag":[],"class_list":{"0":"post-196","1":"product","2":"type-product","3":"status-publish","4":"has-post-thumbnail","6":"product_cat-co2-refilling-machine","8":"first","9":"instock","10":"shipping-taxable","11":"product-type-simple"},"acf":[],"_links":{"self":[{"href":"https:\/\/firesafer.com\/de\/wp-json\/wp\/v2\/product\/196","targetHints":{"allow":["GET"]}}],"collection":[{"href":"https:\/\/firesafer.com\/de\/wp-json\/wp\/v2\/product"}],"about":[{"href":"https:\/\/firesafer.com\/de\/wp-json\/wp\/v2\/types\/product"}],"wp:featuredmedia":[{"embeddable":true,"href":"https:\/\/firesafer.com\/de\/wp-json\/wp\/v2\/media\/1867"}],"wp:attachment":[{"href":"https:\/\/firesafer.com\/de\/wp-json\/wp\/v2\/media?parent=196"}],"wp:term":[{"taxonomy":"product_brand","embeddable":true,"href":"https:\/\/firesafer.com\/de\/wp-json\/wp\/v2\/product_brand?post=196"},{"taxonomy":"product_cat","embeddable":true,"href":"https:\/\/firesafer.com\/de\/wp-json\/wp\/v2\/product_cat?post=196"},{"taxonomy":"product_tag","embeddable":true,"href":"https:\/\/firesafer.com\/de\/wp-json\/wp\/v2\/product_tag?post=196"}],"curies":[{"name":"wp","href":"https:\/\/api.w.org\/{rel}","templated":true}]}}