{"id":3470,"date":"2022-03-30T07:16:27","date_gmt":"2022-03-30T15:16:27","guid":{"rendered":"https:\/\/firesafer.com\/?post_type=product&#038;p=3470"},"modified":"2024-07-10T07:13:19","modified_gmt":"2024-07-10T15:13:19","slug":"fs-10a-einzelstation-feuerloscher-fullmaschine","status":"publish","type":"product","link":"https:\/\/firesafer.com\/de\/product\/fs-10a-single-station-fire-extinguisher-filling-machine\/","title":{"rendered":"FS-10A Einzelstation-Feuerl\u00f6scher-F\u00fcllmaschine"},"content":{"rendered":"<p><strong>Wichtigste technische Parameter.<\/strong><\/p>\n<p>1. PLC: Taiwan Yonghong<br \/>\n2. Die Arbeitsumgebungstemperatur betr\u00e4gt -10 Grad \u2013 +40 Grad, die Betriebsspannung AC380V dreiphasig<br \/>\n3. Material Ventilzylinder: Stern<br \/>\n4. Touchscreen: Velon<br \/>\n5. Gummiring: Innendurchmesser \u03c628*4 (f\u00fcr Vakuumventil); Innendurchmesser \u03c65*1,5 (f\u00fcr Vakuumentlastungsventil)<br \/>\n6. Ger\u00e4tegr\u00f6\u00dfe.<br \/>\nEinzelstation-Trockenpulver-Abf\u00fcllmaschine (L*B*H): 980*660*1100 (vor Ber\u00fccksichtigung der Gr\u00f6\u00dfe des Pulverbeh\u00e4lters) (nur als Referenz)<\/p>\n<p>&nbsp;<\/p>\n<h2>Arbeitsablauf:<\/h2>\n<p>Starten Sie die Vakuumpumpe und beobachten Sie das Vakuummeter. Wenn das Vakuum \u00fcber -0,085 liegt, kann die Hauptmaschine normal arbeiten.<br \/>\nF\u00fcllvorbereitung: Klicken Sie auf den Touchscreen und rufen Sie den \u201eParameterbildschirm\u201c auf, um die F\u00fcllparameter wie Untergrenze, Mittelgrenze und Obergrenze einzustellen. Klicken Sie auf die entsprechende Parameterposition, um die Parameter einzustellen. Klicken Sie auf ENTER und kehren Sie nach Abschluss der Ausr\u00fcstung zur Startseite zur\u00fcck.<\/p>\n<p>&nbsp;<\/p>\n<p><strong>Tabelle mit F\u00fcllparametern (spezifische Parameter werden entsprechend der tats\u00e4chlichen Trockenpulverdichte angepasst)<\/strong><\/p>\n<p>&nbsp;<\/p>\n<table>\n<tbody>\n<tr>\n<td width=\"130\"><strong>\u3000<\/strong><\/td>\n<td width=\"238\">Unterer Grenzwert<\/td>\n<td width=\"210\">Mittlerer Grenzwert<\/td>\n<td width=\"217\">Oberer Grenzwert<\/td>\n<\/tr>\n<tr>\n<td width=\"130\"><strong>0,5 kg<\/strong><\/td>\n<td width=\"238\">0.3<\/td>\n<td width=\"210\">0.5<\/td>\n<td width=\"217\">0.51<\/td>\n<\/tr>\n<tr>\n<td width=\"130\"><strong>1 kg<\/strong><\/td>\n<td width=\"238\">0.3-0.7<\/td>\n<td width=\"210\">0.7-0.95<\/td>\n<td width=\"217\">1.05<\/td>\n<\/tr>\n<tr>\n<td width=\"130\"><strong>2 kg<\/strong><\/td>\n<td width=\"238\">1-1.3<\/td>\n<td width=\"210\">1.6-1.95<\/td>\n<td width=\"217\">2.05<\/td>\n<\/tr>\n<tr>\n<td width=\"130\"><strong>3 kg<\/strong><\/td>\n<td width=\"238\">2-2.3<\/td>\n<td width=\"210\">2.6-2.95<\/td>\n<td width=\"217\">3.09<\/td>\n<\/tr>\n<tr>\n<td width=\"130\"><strong>4 kg<\/strong><\/td>\n<td width=\"238\">3-3.3<\/td>\n<td width=\"210\">3.6-3.95<\/td>\n<td width=\"217\">4.08<\/td>\n<\/tr>\n<tr>\n<td width=\"130\"><strong>6 kg<\/strong><\/td>\n<td width=\"238\">4.5-5.5<\/td>\n<td width=\"210\">5.7-5.95<\/td>\n<td width=\"217\">6.1<\/td>\n<\/tr>\n<tr>\n<td width=\"130\"><strong>8 kg<\/strong><\/td>\n<td width=\"238\">6.5-7.5<\/td>\n<td width=\"210\">7.7-7.95<\/td>\n<td width=\"217\">8.1<\/td>\n<\/tr>\n<\/tbody>\n<\/table>\n<p>&nbsp;<\/p>\n<p>Hinweis: Die Vorvakuumzeit (beim Einf\u00fcllen von 3 oder 4 kg) kann auf 2\u20133 Sekunden eingestellt werden, (beim Einf\u00fcllen von 5 oder 8 kg) auf 5\u20136 Sekunden.<\/p>\n<p>&nbsp;<\/p>\n<h2>Ablauf des F\u00fcllvorgangs:<\/h2>\n<p>Stellen Sie die leere Flasche auf die Plattform und richten Sie die F\u00fcll\u00f6ffnung aus. Nachdem die Hand die leere Flasche losl\u00e4sst, startet das Ger\u00e4t automatisch (dr\u00fccken Sie die Starttaste f\u00fcr die F\u00fcllung). Der Host verz\u00f6gert automatisch die Reinigung, stellt ein Vorvakuum her, \u00f6ffnet das Materialventil, schlie\u00dft das Materialventil automatisch, wenn das F\u00fcllgewicht den eingestellten Wert erreicht, reinigt die Rohrleitung und nimmt eine qualifizierte Beurteilung des Produkts vor.<br \/>\nBeim Austausch von Trockenpulver oder bei sehr feinem Trockenpulver k\u00f6nnen Sie die Vakuumierzeit auf dem Touchscreen anpassen, um den besten F\u00fclleffekt zu erzielen.<br \/>\nSchalten Sie die Vakuumpumpe am Ende jedes Arbeitstages aus und klicken Sie auf dem Touchscreen auf \u201eDebugging-Bildschirm\u201c und anschlie\u00dfend auf \u201eReinigung\u201c, um das Programm zu \u00f6ffnen. Das System startet nun das automatische Reinigungsprogramm des Staubsammlers. Reinigen Sie den Filter einmal im Monat (nehmen Sie die Filterpatrone heraus und blasen Sie sie mit trockener Luft aus, um sicherzustellen, dass sie nach dem Einbau dicht ist).<\/p>","protected":false},"excerpt":{"rendered":"<p><strong>Produktionskapazit\u00e4t<\/strong>: 150 St\u00fcck \/ Stunde<\/p>\n<p><strong>F\u00fcllbereich<\/strong>: 1-30 kg<\/p>\n<ul>\n<li>Kontinuierlich und automatisch<\/li>\n<li>Gut zur Umwelt<\/li>\n<li>Hochpr\u00e4zises F\u00fcllen<\/li>\n<li>Lange Nutzungsdauer<\/li>\n<\/ul>\n<p><strong>F\u00fcllpr\u00e4zision<\/strong> : 1 kg \u2264 0,02<\/p>","protected":false},"featured_media":3693,"template":"","meta":{"_acf_changed":false,"_seopress_robots_primary_cat":"none","_seopress_titles_title":"","_seopress_titles_desc":"","_seopress_robots_index":""},"product_brand":[],"product_cat":[48],"product_tag":[],"class_list":{"0":"post-3470","1":"product","2":"type-product","3":"status-publish","4":"has-post-thumbnail","6":"product_cat-dry-powder-filling-machine","8":"first","9":"instock","10":"shipping-taxable","11":"product-type-simple"},"acf":[],"_links":{"self":[{"href":"https:\/\/firesafer.com\/de\/wp-json\/wp\/v2\/product\/3470","targetHints":{"allow":["GET"]}}],"collection":[{"href":"https:\/\/firesafer.com\/de\/wp-json\/wp\/v2\/product"}],"about":[{"href":"https:\/\/firesafer.com\/de\/wp-json\/wp\/v2\/types\/product"}],"wp:featuredmedia":[{"embeddable":true,"href":"https:\/\/firesafer.com\/de\/wp-json\/wp\/v2\/media\/3693"}],"wp:attachment":[{"href":"https:\/\/firesafer.com\/de\/wp-json\/wp\/v2\/media?parent=3470"}],"wp:term":[{"taxonomy":"product_brand","embeddable":true,"href":"https:\/\/firesafer.com\/de\/wp-json\/wp\/v2\/product_brand?post=3470"},{"taxonomy":"product_cat","embeddable":true,"href":"https:\/\/firesafer.com\/de\/wp-json\/wp\/v2\/product_cat?post=3470"},{"taxonomy":"product_tag","embeddable":true,"href":"https:\/\/firesafer.com\/de\/wp-json\/wp\/v2\/product_tag?post=3470"}],"curies":[{"name":"wp","href":"https:\/\/api.w.org\/{rel}","templated":true}]}}