{"id":3626,"date":"2022-05-13T05:07:31","date_gmt":"2022-05-13T13:07:31","guid":{"rendered":"https:\/\/firesafer.com\/?post_type=product&#038;p=3626"},"modified":"2024-07-10T06:48:33","modified_gmt":"2024-07-10T14:48:33","slug":"feuerloscher-fullmaschine-fs-20a","status":"publish","type":"product","link":"https:\/\/firesafer.com\/de\/product\/fs-20a-extinguisher-filling-machine\/","title":{"rendered":"FS-20A ABC Hochgeschwindigkeits-Trockenpulver-Feuerl\u00f6scher-F\u00fcllmaschine"},"content":{"rendered":"<p><strong>Tragbare Feuerl\u00f6scher-Trockenpulver-Abf\u00fcllleitung mit zwei Positionen, einfacher Typ<\/strong><\/p>\n<p>&nbsp;<\/p>\n<p><img fetchpriority=\"high\" decoding=\"async\" class=\"wp-image-3854 size-large\" src=\"http:\/\/firesafer.com\/wp-content\/uploads\/2022\/05\/double-station-powder-filling-machine-1024x667.jpg\" alt=\"Doppelstation-Pulverf\u00fcllmaschine\" width=\"800\" height=\"521\" srcset=\"https:\/\/firesafer.com\/wp-content\/uploads\/2022\/05\/double-station-powder-filling-machine.jpg 1024w, https:\/\/firesafer.com\/wp-content\/uploads\/2022\/05\/double-station-powder-filling-machine-300x196.jpg 300w, https:\/\/firesafer.com\/wp-content\/uploads\/2022\/05\/double-station-powder-filling-machine-768x500.jpg 768w, https:\/\/firesafer.com\/wp-content\/uploads\/2022\/05\/double-station-powder-filling-machine-600x391.jpg 600w\" sizes=\"(max-width: 800px) 100vw, 800px\" \/><\/p>\n<p><strong>Vorteile<\/strong>:<\/p>\n<p>Die gesamte Anlage ist in drei Trockenpulver-Abfangsysteme unterteilt<\/p>\n<p>Die erste Stufe: pneumatisches Quetschventil<\/p>\n<p>Die zweite Stufe: T-Kugelhahn und d\u00fcnner Zylinder vom Typ SDA<\/p>\n<p>Die dritte Stufe: Das Trockenpulver-Abfangsystem saugt den gesamten verbleibenden Staub aus der Flaschen\u00f6ffnung der Abf\u00fcllmaschine und den im Abf\u00fcllkopf schwebenden Staub zur\u00fcck in den R\u00fcckgewinnungstank au\u00dferhalb der Anlage, wodurch Materialverschwendung reduziert und das Ph\u00e4nomen der massiven Staubverschmutzung gel\u00f6st wird<\/p>","protected":false},"excerpt":{"rendered":"<p><strong>Produktionskapazit\u00e4t<\/strong>: 350 St\u00fcck \/ Stunde<\/p>\n<p><strong>F\u00fcllbereich<\/strong>: 1-12 kg<\/p>\n<ul>\n<li>Hoher Automatisierungsgrad<\/li>\n<li>Geltende Spezifikationen<\/li>\n<li>Hohe Produktionseffizienz<\/li>\n<\/ul>","protected":false},"featured_media":3766,"template":"","meta":{"_acf_changed":false,"_seopress_robots_primary_cat":"none","_seopress_titles_title":"","_seopress_titles_desc":"","_seopress_robots_index":""},"product_brand":[],"product_cat":[48],"product_tag":[],"class_list":{"0":"post-3626","1":"product","2":"type-product","3":"status-publish","4":"has-post-thumbnail","6":"product_cat-dry-powder-filling-machine","8":"first","9":"instock","10":"shipping-taxable","11":"product-type-simple"},"acf":[],"_links":{"self":[{"href":"https:\/\/firesafer.com\/de\/wp-json\/wp\/v2\/product\/3626","targetHints":{"allow":["GET"]}}],"collection":[{"href":"https:\/\/firesafer.com\/de\/wp-json\/wp\/v2\/product"}],"about":[{"href":"https:\/\/firesafer.com\/de\/wp-json\/wp\/v2\/types\/product"}],"wp:featuredmedia":[{"embeddable":true,"href":"https:\/\/firesafer.com\/de\/wp-json\/wp\/v2\/media\/3766"}],"wp:attachment":[{"href":"https:\/\/firesafer.com\/de\/wp-json\/wp\/v2\/media?parent=3626"}],"wp:term":[{"taxonomy":"product_brand","embeddable":true,"href":"https:\/\/firesafer.com\/de\/wp-json\/wp\/v2\/product_brand?post=3626"},{"taxonomy":"product_cat","embeddable":true,"href":"https:\/\/firesafer.com\/de\/wp-json\/wp\/v2\/product_cat?post=3626"},{"taxonomy":"product_tag","embeddable":true,"href":"https:\/\/firesafer.com\/de\/wp-json\/wp\/v2\/product_tag?post=3626"}],"curies":[{"name":"wp","href":"https:\/\/api.w.org\/{rel}","templated":true}]}}