{"id":4209,"date":"2022-06-16T00:54:53","date_gmt":"2022-06-16T08:54:53","guid":{"rendered":"https:\/\/firesafer.com\/?post_type=product&#038;p=4209"},"modified":"2024-07-10T06:47:55","modified_gmt":"2024-07-10T14:47:55","slug":"trockenpulver-abfullmaschine-fs-30a","status":"publish","type":"product","link":"https:\/\/firesafer.com\/de\/product\/fs-30a-dry-powder-filling-machine\/","title":{"rendered":"FS-30A Trockenpulver-Feuerl\u00f6scher-F\u00fcllmaschine f\u00fcr die Feuerl\u00f6scherproduktion"},"content":{"rendered":"<p><strong>Tragbare Feuerl\u00f6scher-Trockenpulver-Abf\u00fcllanlage mit drei Stationen, einfacher Typ<\/strong><\/p>\n<p>&nbsp;<\/p>\n<p><img fetchpriority=\"high\" decoding=\"async\" class=\"wp-image-4217 size-full\" src=\"http:\/\/firesafer.com\/wp-content\/uploads\/2022\/06\/Three-stations-workflow-1.jpg\" alt=\"Workflow mit drei Stationen\" width=\"1331\" height=\"702\" srcset=\"https:\/\/firesafer.com\/wp-content\/uploads\/2022\/06\/Three-stations-workflow-1.jpg 1024w, https:\/\/firesafer.com\/wp-content\/uploads\/2022\/06\/Three-stations-workflow-1-300x158.jpg 300w, https:\/\/firesafer.com\/wp-content\/uploads\/2022\/06\/Three-stations-workflow-1-768x405.jpg 768w, https:\/\/firesafer.com\/wp-content\/uploads\/2022\/06\/Three-stations-workflow-1-600x316.jpg 600w\" sizes=\"(max-width: 1331px) 100vw, 1331px\" \/><\/p>\n<table style=\"height: 391px;\" width=\"1059\">\n<tbody>\n<tr>\n<td width=\"151\"><strong>Hauptprodukt<\/strong><\/td>\n<td width=\"116\"><strong>Effizienz<\/strong><\/p>\n<p><strong>( St\u00fcck \/ Stunde )<\/strong><\/td>\n<td width=\"74\"><strong>Leistung<\/strong><\/p>\n<p><strong>(Kw)<\/strong><\/td>\n<td width=\"166\"><strong>Gr\u00f6\u00dfe<\/strong><\/p>\n<p><strong>L*B*B (mm)<\/strong><\/td>\n<td width=\"236\"><strong>Bemerkungen<\/strong><\/td>\n<\/tr>\n<tr>\n<td width=\"151\">Drei-Stationen-Abf\u00fcllmaschine<\/td>\n<td width=\"116\">400<\/td>\n<td width=\"74\">4<\/td>\n<td width=\"166\">1300*1300*2000<\/td>\n<td width=\"236\">F\u00fcr 4 kg\/St\u00fcck;<\/td>\n<\/tr>\n<tr>\n<td width=\"151\">\u00d6lauftragsmaschine<\/td>\n<td width=\"116\">500<\/td>\n<td width=\"74\">0.45<\/td>\n<td width=\"166\">850*620*2692<\/td>\n<td width=\"236\">Einfaches Einsetzen und Einfetten des Strohhalms<\/td>\n<\/tr>\n<tr>\n<td width=\"151\">Vorgeschraubte Ventilmaschine<\/td>\n<td width=\"116\">500<\/td>\n<td width=\"74\">0.45<\/td>\n<td width=\"166\">620*780*900<\/td>\n<td width=\"236\">Verbessern Sie die Effizienz beim manuellen Vorschrauben von Ventilen<\/td>\n<\/tr>\n<tr>\n<td width=\"151\">Ventilanzugsmaschine<\/td>\n<td width=\"116\">500<\/td>\n<td width=\"74\">3.5<\/td>\n<td width=\"166\">900**90*1200<\/td>\n<td width=\"236\">Drehmomentregelung mit einstellbarem Drehmoment<\/td>\n<\/tr>\n<tr>\n<td width=\"151\">F\u00f6rderstrecke<\/td>\n<td width=\"116\">500<\/td>\n<td width=\"74\">3<\/td>\n<td width=\"166\">4000*300*800-2 Zeilen<\/td>\n<td width=\"236\">P\u00fctting aus rostfreiem Stahl widersteht effektiv der Pulverkorrosion<\/td>\n<\/tr>\n<\/tbody>\n<\/table>","protected":false},"excerpt":{"rendered":"<p><strong>Produktionskapazit\u00e4t<\/strong>: 400 St\u00fcck \/ Stunde<\/p>\n<p><strong>F\u00fcllbereich<\/strong>: 1-12 kg<\/p>\n<ul>\n<li>Hoher Automatisierungsgrad<\/li>\n<li>Geltende Spezifikationen<\/li>\n<li>Absolute Effizienz<\/li>\n<li><strong>Hohes Preis-Leistungs-Verh\u00e4ltnis<\/strong><\/li>\n<li>Staubfreie Verschmutzung<\/li>\n<li>Bildschirmsteuerung<\/li>\n<\/ul>","protected":false},"featured_media":4212,"template":"","meta":{"_acf_changed":false,"_seopress_robots_primary_cat":"none","_seopress_titles_title":"","_seopress_titles_desc":"","_seopress_robots_index":""},"product_brand":[],"product_cat":[48],"product_tag":[],"class_list":{"0":"post-4209","1":"product","2":"type-product","3":"status-publish","4":"has-post-thumbnail","6":"product_cat-dry-powder-filling-machine","8":"first","9":"instock","10":"shipping-taxable","11":"product-type-simple"},"acf":[],"_links":{"self":[{"href":"https:\/\/firesafer.com\/de\/wp-json\/wp\/v2\/product\/4209","targetHints":{"allow":["GET"]}}],"collection":[{"href":"https:\/\/firesafer.com\/de\/wp-json\/wp\/v2\/product"}],"about":[{"href":"https:\/\/firesafer.com\/de\/wp-json\/wp\/v2\/types\/product"}],"wp:featuredmedia":[{"embeddable":true,"href":"https:\/\/firesafer.com\/de\/wp-json\/wp\/v2\/media\/4212"}],"wp:attachment":[{"href":"https:\/\/firesafer.com\/de\/wp-json\/wp\/v2\/media?parent=4209"}],"wp:term":[{"taxonomy":"product_brand","embeddable":true,"href":"https:\/\/firesafer.com\/de\/wp-json\/wp\/v2\/product_brand?post=4209"},{"taxonomy":"product_cat","embeddable":true,"href":"https:\/\/firesafer.com\/de\/wp-json\/wp\/v2\/product_cat?post=4209"},{"taxonomy":"product_tag","embeddable":true,"href":"https:\/\/firesafer.com\/de\/wp-json\/wp\/v2\/product_tag?post=4209"}],"curies":[{"name":"wp","href":"https:\/\/api.w.org\/{rel}","templated":true}]}}