{"id":4222,"date":"2022-06-16T02:09:52","date_gmt":"2022-06-16T10:09:52","guid":{"rendered":"https:\/\/firesafer.com\/?post_type=product&#038;p=4222"},"modified":"2024-07-10T06:46:36","modified_gmt":"2024-07-10T14:46:36","slug":"fs-40a-abfullmaschine","status":"publish","type":"product","link":"https:\/\/firesafer.com\/de\/product\/fs-40a-fiiling-machine\/","title":{"rendered":"FS-40A Vollautomatische Trockenpulver-Feuerl\u00f6scher-F\u00fcllmaschine Feuerl\u00f6scher-F\u00fclllinie"},"content":{"rendered":"<p><strong>Tragbare Abf\u00fcllanlage f\u00fcr Trockenpulver-Feuerl\u00f6scher mit vier Stationen<\/strong><\/p>\n<p><img fetchpriority=\"high\" decoding=\"async\" class=\"size-full wp-image-4228\" src=\"http:\/\/firesafer.com\/wp-content\/uploads\/2022\/06\/Four-Stations-Work-Flow.jpg\" alt=\"Arbeitsablauf mit vier Stationen\" width=\"1724\" height=\"1129\" srcset=\"https:\/\/firesafer.com\/wp-content\/uploads\/2022\/06\/Four-Stations-Work-Flow.jpg 1024w, https:\/\/firesafer.com\/wp-content\/uploads\/2022\/06\/Four-Stations-Work-Flow-300x196.jpg 300w, https:\/\/firesafer.com\/wp-content\/uploads\/2022\/06\/Four-Stations-Work-Flow-768x503.jpg 768w, https:\/\/firesafer.com\/wp-content\/uploads\/2022\/06\/Four-Stations-Work-Flow-1536x1006.jpg 1536w, https:\/\/firesafer.com\/wp-content\/uploads\/2022\/06\/Four-Stations-Work-Flow-600x393.jpg 600w\" sizes=\"(max-width: 1724px) 100vw, 1724px\" \/><\/p>\n<p>&nbsp;<\/p>","protected":false},"excerpt":{"rendered":"<p><strong>Produktionskapazit\u00e4t<\/strong>: 500 St\u00fcck \/ Stunde<\/p>\n<p><strong>F\u00fcllbereich<\/strong>: 3-8 kg<\/p>\n<ul>\n<li>Hoher Automatisierungsgrad<\/li>\n<li>Extrem effizient<\/li>\n<li>Ma\u00dfgefertigter Gummiring zur Verhinderung des Austretens von kleinstem Staub<\/li>\n<li>Transparente Beobachtungsluke zum Schutz vor Staub<\/li>\n<li>Bessere Best\u00e4ndigkeit gegen Trockenpulverkorrosion<\/li>\n<li>Automatisches Ventilschrauben<\/li>\n<li>Gro\u00dfe \u00dcbergangspulverf\u00fcllung<\/li>\n<\/ul>","protected":false},"featured_media":4227,"template":"","meta":{"_acf_changed":false,"_seopress_robots_primary_cat":"none","_seopress_titles_title":"","_seopress_titles_desc":"","_seopress_robots_index":""},"product_brand":[],"product_cat":[48],"product_tag":[],"class_list":{"0":"post-4222","1":"product","2":"type-product","3":"status-publish","4":"has-post-thumbnail","6":"product_cat-dry-powder-filling-machine","8":"first","9":"instock","10":"shipping-taxable","11":"product-type-simple"},"acf":[],"_links":{"self":[{"href":"https:\/\/firesafer.com\/de\/wp-json\/wp\/v2\/product\/4222","targetHints":{"allow":["GET"]}}],"collection":[{"href":"https:\/\/firesafer.com\/de\/wp-json\/wp\/v2\/product"}],"about":[{"href":"https:\/\/firesafer.com\/de\/wp-json\/wp\/v2\/types\/product"}],"wp:featuredmedia":[{"embeddable":true,"href":"https:\/\/firesafer.com\/de\/wp-json\/wp\/v2\/media\/4227"}],"wp:attachment":[{"href":"https:\/\/firesafer.com\/de\/wp-json\/wp\/v2\/media?parent=4222"}],"wp:term":[{"taxonomy":"product_brand","embeddable":true,"href":"https:\/\/firesafer.com\/de\/wp-json\/wp\/v2\/product_brand?post=4222"},{"taxonomy":"product_cat","embeddable":true,"href":"https:\/\/firesafer.com\/de\/wp-json\/wp\/v2\/product_cat?post=4222"},{"taxonomy":"product_tag","embeddable":true,"href":"https:\/\/firesafer.com\/de\/wp-json\/wp\/v2\/product_tag?post=4222"}],"curies":[{"name":"wp","href":"https:\/\/api.w.org\/{rel}","templated":true}]}}