{"id":196,"date":"2021-11-04T20:14:45","date_gmt":"2021-11-05T04:14:45","guid":{"rendered":"https:\/\/firesafer.com\/?post_type=product&#038;p=196"},"modified":"2023-04-06T05:59:46","modified_gmt":"2023-04-06T13:59:46","slug":"maquina-de-recarga-de-co2","status":"publish","type":"product","link":"https:\/\/firesafer.com\/es\/product\/co2-refilling-machine\/","title":{"rendered":"M\u00e1quina de recarga de extintor de CO2 GMT-C"},"content":{"rendered":"<p>Caracter\u00edsticas y ventajas:<\/p>\n<ul>\n<li>No requiere calefacci\u00f3n ni refrigeraci\u00f3n.<\/li>\n<li>Independiente de la temperatura ambiente durante el llenado<\/li>\n<li>Las partes importantes del anillo del pist\u00f3n est\u00e1n hechas de materiales resistentes al desgaste sinterizados a alta temperatura, con las ventajas de resistencia al desgaste, resistencia a alta presi\u00f3n, resistencia a alta temperatura, etc.<\/li>\n<li>Las v\u00e1lvulas de admisi\u00f3n y escape se fabrican con la \u00faltima tecnolog\u00eda para bombas de llenado de gas de alta presi\u00f3n.<\/li>\n<li>Cilindro totalmente de acero inoxidable y c\u00e1rter totalmente de aluminio con motor de marca de alta potencia de 1,5 kW.<\/li>\n<\/ul>\n<p>&nbsp;<\/p>\n<p>La m\u00e1quina de llenado de CO2 de tercera generaci\u00f3n no necesita calefacci\u00f3n ni refrigeraci\u00f3n durante el llenado, y no se ve afectada por la temperatura ambiente (se puede llenar de -25 \u00b0C a +40 \u00b0C normalmente), al llenar, el CO2 en el cilindro grande se bombea primero y luego se llena r\u00e1pidamente en el cilindro peque\u00f1o despu\u00e9s de ser presurizado por la prensa profesional de CO2 en la m\u00e1quina de llenado. Solo toma 1 minuto llenar 1 botella de 3 kg de CO2 y 5-10 segundos para rellenar el CO2, y el costo de electricidad es de 3-5 centavos. Puede llenar extintores de incendios port\u00e1tiles C2 de 1, 2, 3, 5, 7, 9 kg y extintores de incendios de CO2 tipo carrito de 25 kg, 45 kg, 100 kg, y tambi\u00e9n puede bombear CO2 de regreso, lo que puede bombear CO2 de regreso de un cilindro peque\u00f1o a un cilindro grande u otros cilindros peque\u00f1os. Tiene las ventajas de llenado f\u00e1cil, r\u00e1pido, ahorro de energ\u00eda, ahorro de gas, f\u00e1cil mantenimiento, etc. Es el equipo de llenado asociado con la producci\u00f3n de extintores de incendios y la f\u00e1brica de mantenimiento de extintores de incendios.<\/p>\n<p>&nbsp;<\/p>\n<ol>\n<li><span data-spm-anchor-id=\"a2700.details.0.i51.2463729d5lqq1N\">Somos profesionales en la fabricaci\u00f3n de productos que salvan vidas.<\/span><\/li>\n<li data-spm-anchor-id=\"a2700.details.0.i50.2463729d5lqq1N\">OEM disponible e imprime tu logotipo.<\/li>\n<li>Contamos con un grupo de servicio al cliente con m\u00e1s de 10 a\u00f1os de experiencia y estamos familiarizados con el env\u00edo.<\/li>\n<li>Lo que permitir\u00e1 un env\u00edo temprano y sin problemas y reducir\u00e1 el costo para el cliente.<\/li>\n<li data-spm-anchor-id=\"a2700.details.0.i49.2463729d5lqq1N\">El servicio de atenci\u00f3n al cliente es lo primero y responder\u00e1 dentro de las 24 horas.<\/li>\n<\/ol>","protected":false},"excerpt":{"rendered":"<p data-spm-anchor-id=\"a2700.details.0.i29.2463729d5lqq1N\"><span data-spm-anchor-id=\"a2700.details.0.i28.2463729d5lqq1N\">La m\u00e1quina llenadora de CO2 GMT-C es una llenadora peque\u00f1a y port\u00e1til. Tanto el frasco con sif\u00f3n como el <\/span>El tanque de presi\u00f3n media se puede utilizar para rellenar con CO2.<\/p>\n<p><span data-spm-anchor-id=\"a2700.details.0.i34.2463729d5lqq1N\">Se debe utilizar una balanza electr\u00f3nica como base del peso de llenado durante el llenado.<\/span><\/p>\n<p data-spm-anchor-id=\"a2700.details.0.i47.2463729d5lqq1N\">","protected":false},"featured_media":1867,"template":"","meta":{"_acf_changed":false,"_seopress_robots_primary_cat":"none","_seopress_titles_title":"","_seopress_titles_desc":"","_seopress_robots_index":""},"product_brand":[],"product_cat":[50],"product_tag":[],"class_list":{"0":"post-196","1":"product","2":"type-product","3":"status-publish","4":"has-post-thumbnail","6":"product_cat-co2-refilling-machine","8":"first","9":"instock","10":"shipping-taxable","11":"product-type-simple"},"acf":[],"_links":{"self":[{"href":"https:\/\/firesafer.com\/es\/wp-json\/wp\/v2\/product\/196","targetHints":{"allow":["GET"]}}],"collection":[{"href":"https:\/\/firesafer.com\/es\/wp-json\/wp\/v2\/product"}],"about":[{"href":"https:\/\/firesafer.com\/es\/wp-json\/wp\/v2\/types\/product"}],"wp:featuredmedia":[{"embeddable":true,"href":"https:\/\/firesafer.com\/es\/wp-json\/wp\/v2\/media\/1867"}],"wp:attachment":[{"href":"https:\/\/firesafer.com\/es\/wp-json\/wp\/v2\/media?parent=196"}],"wp:term":[{"taxonomy":"product_brand","embeddable":true,"href":"https:\/\/firesafer.com\/es\/wp-json\/wp\/v2\/product_brand?post=196"},{"taxonomy":"product_cat","embeddable":true,"href":"https:\/\/firesafer.com\/es\/wp-json\/wp\/v2\/product_cat?post=196"},{"taxonomy":"product_tag","embeddable":true,"href":"https:\/\/firesafer.com\/es\/wp-json\/wp\/v2\/product_tag?post=196"}],"curies":[{"name":"wp","href":"https:\/\/api.w.org\/{rel}","templated":true}]}}