{"id":3626,"date":"2022-05-13T05:07:31","date_gmt":"2022-05-13T13:07:31","guid":{"rendered":"https:\/\/firesafer.com\/?post_type=product&#038;p=3626"},"modified":"2024-07-10T06:48:33","modified_gmt":"2024-07-10T14:48:33","slug":"maquina-de-llenado-de-extintores-fs-20a","status":"publish","type":"product","link":"https:\/\/firesafer.com\/es\/product\/fs-20a-extinguisher-filling-machine\/","title":{"rendered":"M\u00e1quina de llenado de extintor de polvo seco de alta velocidad FS-20A ABC"},"content":{"rendered":"<p><strong>L\u00ednea de llenado de polvo seco para extintor port\u00e1til de tipo simple de dos posiciones<\/strong><\/p>\n<p>&nbsp;<\/p>\n<p><img fetchpriority=\"high\" decoding=\"async\" class=\"wp-image-3854 size-large\" src=\"http:\/\/firesafer.com\/wp-content\/uploads\/2022\/05\/double-station-powder-filling-machine-1024x667.jpg\" alt=\"m\u00e1quina llenadora de polvo de doble estaci\u00f3n\" width=\"800\" height=\"521\" srcset=\"https:\/\/firesafer.com\/wp-content\/uploads\/2022\/05\/double-station-powder-filling-machine.jpg 1024w, https:\/\/firesafer.com\/wp-content\/uploads\/2022\/05\/double-station-powder-filling-machine-300x196.jpg 300w, https:\/\/firesafer.com\/wp-content\/uploads\/2022\/05\/double-station-powder-filling-machine-768x500.jpg 768w, https:\/\/firesafer.com\/wp-content\/uploads\/2022\/05\/double-station-powder-filling-machine-600x391.jpg 600w\" sizes=\"(max-width: 800px) 100vw, 800px\" \/><\/p>\n<p><strong>Ventajas<\/strong>:<\/p>\n<p>Todo el equipo est\u00e1 dividido en tres sistemas de interceptaci\u00f3n de polvo seco.<\/p>\n<p>Primera etapa: v\u00e1lvula de pinza neum\u00e1tica<\/p>\n<p>Segunda etapa: v\u00e1lvula de bola en T y cilindro delgado tipo SDA<\/p>\n<p>La tercera etapa: el sistema de intercepci\u00f3n de polvo seco extrae todo el polvo restante de la boca de la botella de la m\u00e1quina llenadora y el polvo que flota en el cabezal de llenado de regreso al tanque de recuperaci\u00f3n fuera del equipo, lo que reduce el desperdicio de material y resuelve el fen\u00f3meno de la contaminaci\u00f3n masiva por polvo.<\/p>","protected":false},"excerpt":{"rendered":"<p><strong>Capacidad de producci\u00f3n<\/strong>:350 piezas\/hora<\/p>\n<p><strong>Rango de llenado<\/strong>:1-12 kilos<\/p>\n<ul>\n<li>Alto grado de automatizaci\u00f3n<\/li>\n<li>Especificaciones aplicables<\/li>\n<li>Alta eficiencia de producci\u00f3n<\/li>\n<\/ul>","protected":false},"featured_media":3766,"template":"","meta":{"_acf_changed":false,"_seopress_robots_primary_cat":"none","_seopress_titles_title":"","_seopress_titles_desc":"","_seopress_robots_index":""},"product_brand":[],"product_cat":[48],"product_tag":[],"class_list":{"0":"post-3626","1":"product","2":"type-product","3":"status-publish","4":"has-post-thumbnail","6":"product_cat-dry-powder-filling-machine","8":"first","9":"instock","10":"shipping-taxable","11":"product-type-simple"},"acf":[],"_links":{"self":[{"href":"https:\/\/firesafer.com\/es\/wp-json\/wp\/v2\/product\/3626","targetHints":{"allow":["GET"]}}],"collection":[{"href":"https:\/\/firesafer.com\/es\/wp-json\/wp\/v2\/product"}],"about":[{"href":"https:\/\/firesafer.com\/es\/wp-json\/wp\/v2\/types\/product"}],"wp:featuredmedia":[{"embeddable":true,"href":"https:\/\/firesafer.com\/es\/wp-json\/wp\/v2\/media\/3766"}],"wp:attachment":[{"href":"https:\/\/firesafer.com\/es\/wp-json\/wp\/v2\/media?parent=3626"}],"wp:term":[{"taxonomy":"product_brand","embeddable":true,"href":"https:\/\/firesafer.com\/es\/wp-json\/wp\/v2\/product_brand?post=3626"},{"taxonomy":"product_cat","embeddable":true,"href":"https:\/\/firesafer.com\/es\/wp-json\/wp\/v2\/product_cat?post=3626"},{"taxonomy":"product_tag","embeddable":true,"href":"https:\/\/firesafer.com\/es\/wp-json\/wp\/v2\/product_tag?post=3626"}],"curies":[{"name":"wp","href":"https:\/\/api.w.org\/{rel}","templated":true}]}}