{"id":4209,"date":"2022-06-16T00:54:53","date_gmt":"2022-06-16T08:54:53","guid":{"rendered":"https:\/\/firesafer.com\/?post_type=product&#038;p=4209"},"modified":"2024-07-10T06:47:55","modified_gmt":"2024-07-10T14:47:55","slug":"maquina-de-llenado-de-polvo-seco-fs-30a","status":"publish","type":"product","link":"https:\/\/firesafer.com\/es\/product\/fs-30a-dry-powder-filling-machine\/","title":{"rendered":"M\u00e1quina de llenado de extintores de polvo seco FS-30A para la producci\u00f3n de extintores"},"content":{"rendered":"<p><strong>L\u00ednea de llenado de polvo seco para extintor port\u00e1til de tipo simple de tres estaciones<\/strong><\/p>\n<p>&nbsp;<\/p>\n<p><img fetchpriority=\"high\" decoding=\"async\" class=\"wp-image-4217 size-full\" src=\"http:\/\/firesafer.com\/wp-content\/uploads\/2022\/06\/Three-stations-workflow-1.jpg\" alt=\"Flujo de trabajo de tres estaciones\" width=\"1331\" height=\"702\" srcset=\"https:\/\/firesafer.com\/wp-content\/uploads\/2022\/06\/Three-stations-workflow-1.jpg 1024w, https:\/\/firesafer.com\/wp-content\/uploads\/2022\/06\/Three-stations-workflow-1-300x158.jpg 300w, https:\/\/firesafer.com\/wp-content\/uploads\/2022\/06\/Three-stations-workflow-1-768x405.jpg 768w, https:\/\/firesafer.com\/wp-content\/uploads\/2022\/06\/Three-stations-workflow-1-600x316.jpg 600w\" sizes=\"(max-width: 1331px) 100vw, 1331px\" \/><\/p>\n<table style=\"height: 391px;\" width=\"1059\">\n<tbody>\n<tr>\n<td width=\"151\"><strong>Producto principal<\/strong><\/td>\n<td width=\"116\"><strong>Eficiencia<\/strong><\/p>\n<p><strong>(Pieza\/hora)<\/strong><\/td>\n<td width=\"74\"><strong>Fuerza<\/strong><\/p>\n<p><strong>(Kw)<\/strong><\/td>\n<td width=\"166\"><strong>Tama\u00f1o<\/strong><\/p>\n<p><strong>Largo x Ancho x Ancho (mm)<\/strong><\/td>\n<td width=\"236\"><strong>Observaciones<\/strong><\/td>\n<\/tr>\n<tr>\n<td width=\"151\">M\u00e1quina de llenado de tres estaciones<\/td>\n<td width=\"116\">400<\/td>\n<td width=\"74\">4<\/td>\n<td width=\"166\">1300*1300*2000<\/td>\n<td width=\"236\">Para 4 kg\/pieza;<\/td>\n<\/tr>\n<tr>\n<td width=\"151\">m\u00e1quina de aplicaci\u00f3n de aceite<\/td>\n<td width=\"116\">500<\/td>\n<td width=\"74\">0.45<\/td>\n<td width=\"166\">850*620*2692<\/td>\n<td width=\"236\">F\u00e1cil inserci\u00f3n y engrase de la pajita.<\/td>\n<\/tr>\n<tr>\n<td width=\"151\">M\u00e1quina de v\u00e1lvulas pre-atornilladas<\/td>\n<td width=\"116\">500<\/td>\n<td width=\"74\">0.45<\/td>\n<td width=\"166\">620*780*900<\/td>\n<td width=\"236\">Mejorar la eficiencia del pre-atornillado manual de v\u00e1lvulas<\/td>\n<\/tr>\n<tr>\n<td width=\"151\">M\u00e1quina de apriete de v\u00e1lvulas<\/td>\n<td width=\"116\">500<\/td>\n<td width=\"74\">3.5<\/td>\n<td width=\"166\">900**90*1200<\/td>\n<td width=\"236\">Control de par con par ajustable<\/td>\n<\/tr>\n<tr>\n<td width=\"151\">l\u00ednea transportadora<\/td>\n<td width=\"116\">500<\/td>\n<td width=\"74\">3<\/td>\n<td width=\"166\">4000*300*800-2 l\u00edneas<\/td>\n<td width=\"236\">La placa de cadena de acero inoxidable resiste eficazmente la corrosi\u00f3n del polvo seco.<\/td>\n<\/tr>\n<\/tbody>\n<\/table>","protected":false},"excerpt":{"rendered":"<p><strong>Capacidad de producci\u00f3n<\/strong>: 400 piezas \/ hora<\/p>\n<p><strong>Rango de llenado<\/strong>:1-12 kilos<\/p>\n<ul>\n<li>Alto grado de automatizaci\u00f3n<\/li>\n<li>Especificaciones aplicables<\/li>\n<li>Eficiencia absoluta<\/li>\n<li><strong>Alto rendimiento en cuanto a costo<\/strong><\/li>\n<li>Contaminaci\u00f3n sin polvo<\/li>\n<li>Control de pantalla<\/li>\n<\/ul>","protected":false},"featured_media":4212,"template":"","meta":{"_acf_changed":false,"_seopress_robots_primary_cat":"none","_seopress_titles_title":"","_seopress_titles_desc":"","_seopress_robots_index":""},"product_brand":[],"product_cat":[48],"product_tag":[],"class_list":{"0":"post-4209","1":"product","2":"type-product","3":"status-publish","4":"has-post-thumbnail","6":"product_cat-dry-powder-filling-machine","8":"first","9":"instock","10":"shipping-taxable","11":"product-type-simple"},"acf":[],"_links":{"self":[{"href":"https:\/\/firesafer.com\/es\/wp-json\/wp\/v2\/product\/4209","targetHints":{"allow":["GET"]}}],"collection":[{"href":"https:\/\/firesafer.com\/es\/wp-json\/wp\/v2\/product"}],"about":[{"href":"https:\/\/firesafer.com\/es\/wp-json\/wp\/v2\/types\/product"}],"wp:featuredmedia":[{"embeddable":true,"href":"https:\/\/firesafer.com\/es\/wp-json\/wp\/v2\/media\/4212"}],"wp:attachment":[{"href":"https:\/\/firesafer.com\/es\/wp-json\/wp\/v2\/media?parent=4209"}],"wp:term":[{"taxonomy":"product_brand","embeddable":true,"href":"https:\/\/firesafer.com\/es\/wp-json\/wp\/v2\/product_brand?post=4209"},{"taxonomy":"product_cat","embeddable":true,"href":"https:\/\/firesafer.com\/es\/wp-json\/wp\/v2\/product_cat?post=4209"},{"taxonomy":"product_tag","embeddable":true,"href":"https:\/\/firesafer.com\/es\/wp-json\/wp\/v2\/product_tag?post=4209"}],"curies":[{"name":"wp","href":"https:\/\/api.w.org\/{rel}","templated":true}]}}