{"id":196,"date":"2021-11-04T20:14:45","date_gmt":"2021-11-05T04:14:45","guid":{"rendered":"https:\/\/firesafer.com\/?post_type=product&#038;p=196"},"modified":"2023-04-06T05:59:46","modified_gmt":"2023-04-06T13:59:46","slug":"machine-de-remplissage-de-co2","status":"publish","type":"product","link":"https:\/\/firesafer.com\/fr\/product\/co2-refilling-machine\/","title":{"rendered":"Machine de remplissage d&#039;extincteur CO2 GMT-C"},"content":{"rendered":"<p>Caract\u00e9ristiques et avantages :<\/p>\n<ul>\n<li>Aucun chauffage ni refroidissement requis<\/li>\n<li>Ind\u00e9pendant de la temp\u00e9rature ambiante pendant le remplissage<\/li>\n<li>Les pi\u00e8ces importantes du segment de piston sont constitu\u00e9es de mat\u00e9riaux r\u00e9sistants \u00e0 l&#039;usure fritt\u00e9s \u00e0 haute temp\u00e9rature, avec les avantages de r\u00e9sistance \u00e0 l&#039;usure, de r\u00e9sistance \u00e0 haute pression, de r\u00e9sistance \u00e0 haute temp\u00e9rature, etc.<\/li>\n<li>Les soupapes d&#039;admission et d&#039;\u00e9chappement sont fabriqu\u00e9es avec la derni\u00e8re technologie pour les pompes de remplissage de gaz haute pression<\/li>\n<li>Cylindre tout en acier inoxydable et carter tout en aluminium avec moteur de marque haute puissance de 1,5 kW<\/li>\n<\/ul>\n<p>&nbsp;<\/p>\n<p>La machine de remplissage de CO2 de troisi\u00e8me g\u00e9n\u00e9ration n&#039;a pas besoin de chauffage ou de refroidissement lors du remplissage, et elle n&#039;est pas affect\u00e9e par la temp\u00e9rature ambiante (-25 \u00b0C \u00e0 +40 \u00b0C peut \u00eatre remplie normalement), lors du remplissage, le CO2 dans le grand cylindre est d&#039;abord pomp\u00e9, puis il est rapidement rempli dans le petit cylindre apr\u00e8s avoir \u00e9t\u00e9 pressuris\u00e9 par la presse professionnelle de CO2 dans la machine de remplissage. Il ne faut qu&#039;une minute pour remplir 1 bouteille de 3 kg de CO2 et 5 \u00e0 10 secondes pour remplir le CO2, et le co\u00fbt de l&#039;\u00e9lectricit\u00e9 est de 3 \u00e0 5 centimes. Il peut remplir un extincteur C2 portable de 1, 2, 3, 5, 7, 9 kg et un extincteur CO2 de type chariot de 25 kg, 45 kg, 100 kg, et peut \u00e9galement refouler le CO2, qui peut refouler le CO2 d&#039;un petit cylindre vers un grand cylindre ou d&#039;autres petits cylindres. Il pr\u00e9sente les avantages d&#039;un remplissage facile, rapide, d&#039;une \u00e9conomie d&#039;\u00e9nergie, d&#039;une \u00e9conomie de gaz, d&#039;un entretien facile, etc. C&#039;est l&#039;\u00e9quipement de remplissage associ\u00e9 \u00e0 la production d&#039;extincteurs et \u00e0 l&#039;usine de maintenance d&#039;extincteurs.<\/p>\n<p>&nbsp;<\/p>\n<ol>\n<li><span data-spm-anchor-id=\"a2700.details.0.i51.2463729d5lqq1N\">Nous sommes des professionnels dans la fabrication de produits de sauvetage<\/span><\/li>\n<li data-spm-anchor-id=\"a2700.details.0.i50.2463729d5lqq1N\">OEM disponible et imprimez votre logo<\/li>\n<li>Nous avons plus de 10 ans d&#039;exp\u00e9rience en mati\u00e8re de service client et sommes familiers avec l&#039;exp\u00e9dition<\/li>\n<li>Ce qui permettra une exp\u00e9dition rapide et en douceur et r\u00e9duira les co\u00fbts pour le client.<\/li>\n<li data-spm-anchor-id=\"a2700.details.0.i49.2463729d5lqq1N\">Le service client est le premier et r\u00e9pondra dans les 24 heures.<\/li>\n<\/ol>","protected":false},"excerpt":{"rendered":"<p data-spm-anchor-id=\"a2700.details.0.i29.2463729d5lqq1N\"><span data-spm-anchor-id=\"a2700.details.0.i28.2463729d5lqq1N\">La machine de remplissage de CO2 GMT-C est une machine de remplissage de petit type et portable. Le flacon avec siphon et <\/span>Le r\u00e9servoir \u00e0 pression moyenne peut \u00eatre utilis\u00e9 pour le remplissage au CO2.<\/p>\n<p><span data-spm-anchor-id=\"a2700.details.0.i34.2463729d5lqq1N\">Doit utiliser une balance \u00e9lectronique comme base de poids de remplissage lors du remplissage.<\/span><\/p>\n<p data-spm-anchor-id=\"a2700.details.0.i47.2463729d5lqq1N\">","protected":false},"featured_media":1867,"template":"","meta":{"_acf_changed":false,"_seopress_robots_primary_cat":"none","_seopress_titles_title":"","_seopress_titles_desc":"","_seopress_robots_index":""},"product_brand":[],"product_cat":[50],"product_tag":[],"class_list":{"0":"post-196","1":"product","2":"type-product","3":"status-publish","4":"has-post-thumbnail","6":"product_cat-co2-refilling-machine","8":"first","9":"instock","10":"shipping-taxable","11":"product-type-simple"},"acf":[],"_links":{"self":[{"href":"https:\/\/firesafer.com\/fr\/wp-json\/wp\/v2\/product\/196","targetHints":{"allow":["GET"]}}],"collection":[{"href":"https:\/\/firesafer.com\/fr\/wp-json\/wp\/v2\/product"}],"about":[{"href":"https:\/\/firesafer.com\/fr\/wp-json\/wp\/v2\/types\/product"}],"wp:featuredmedia":[{"embeddable":true,"href":"https:\/\/firesafer.com\/fr\/wp-json\/wp\/v2\/media\/1867"}],"wp:attachment":[{"href":"https:\/\/firesafer.com\/fr\/wp-json\/wp\/v2\/media?parent=196"}],"wp:term":[{"taxonomy":"product_brand","embeddable":true,"href":"https:\/\/firesafer.com\/fr\/wp-json\/wp\/v2\/product_brand?post=196"},{"taxonomy":"product_cat","embeddable":true,"href":"https:\/\/firesafer.com\/fr\/wp-json\/wp\/v2\/product_cat?post=196"},{"taxonomy":"product_tag","embeddable":true,"href":"https:\/\/firesafer.com\/fr\/wp-json\/wp\/v2\/product_tag?post=196"}],"curies":[{"name":"wp","href":"https:\/\/api.w.org\/{rel}","templated":true}]}}