{"id":3626,"date":"2022-05-13T05:07:31","date_gmt":"2022-05-13T13:07:31","guid":{"rendered":"https:\/\/firesafer.com\/?post_type=product&#038;p=3626"},"modified":"2024-07-10T06:48:33","modified_gmt":"2024-07-10T14:48:33","slug":"machine-de-remplissage-dextincteur-fs-20a","status":"publish","type":"product","link":"https:\/\/firesafer.com\/fr\/product\/fs-20a-extinguisher-filling-machine\/","title":{"rendered":"Machine de remplissage d&#039;extincteur \u00e0 poudre s\u00e8che \u00e0 grande vitesse FS-20A ABC"},"content":{"rendered":"<p><strong>Ligne de remplissage de poudre s\u00e8che pour extincteur portable de type simple \u00e0 deux positions<\/strong><\/p>\n<p>&nbsp;<\/p>\n<p><img fetchpriority=\"high\" decoding=\"async\" class=\"wp-image-3854 size-large\" src=\"http:\/\/firesafer.com\/wp-content\/uploads\/2022\/05\/double-station-powder-filling-machine-1024x667.jpg\" alt=\"machine de remplissage de poudre \u00e0 double station\" width=\"800\" height=\"521\" srcset=\"https:\/\/firesafer.com\/wp-content\/uploads\/2022\/05\/double-station-powder-filling-machine.jpg 1024w, https:\/\/firesafer.com\/wp-content\/uploads\/2022\/05\/double-station-powder-filling-machine-300x196.jpg 300w, https:\/\/firesafer.com\/wp-content\/uploads\/2022\/05\/double-station-powder-filling-machine-768x500.jpg 768w, https:\/\/firesafer.com\/wp-content\/uploads\/2022\/05\/double-station-powder-filling-machine-600x391.jpg 600w\" sizes=\"(max-width: 800px) 100vw, 800px\" \/><\/p>\n<p><strong>Avantages<\/strong>:<\/p>\n<p>L&#039;ensemble de l&#039;\u00e9quipement est divis\u00e9 en trois syst\u00e8mes d&#039;interception de poudre s\u00e8che<\/p>\n<p>La premi\u00e8re \u00e9tape : la vanne \u00e0 pincement pneumatique<\/p>\n<p>Deuxi\u00e8me \u00e9tape : vanne \u00e0 boisseau sph\u00e9rique en T et cylindre mince de type SDA<\/p>\n<p>Troisi\u00e8me \u00e9tape : le syst\u00e8me d&#039;interception de poudre s\u00e8che extrait toute la poussi\u00e8re restante de l&#039;embouchure de la bouteille de la machine de remplissage et la poussi\u00e8re flottant dans la t\u00eate de remplissage vers le r\u00e9servoir de r\u00e9cup\u00e9ration \u00e0 l&#039;ext\u00e9rieur de l&#039;\u00e9quipement, r\u00e9duisant ainsi le gaspillage de mat\u00e9riaux et r\u00e9solvant le ph\u00e9nom\u00e8ne de pollution massive par la poussi\u00e8re.<\/p>","protected":false},"excerpt":{"rendered":"<p><strong>Capacit\u00e9 de production<\/strong>: 350 pi\u00e8ces \/ heure<\/p>\n<p><strong>Gamme de remplissage<\/strong>: 1-12 kg<\/p>\n<ul>\n<li>Haut degr\u00e9 d&#039;automatisation<\/li>\n<li>Sp\u00e9cifications applicables<\/li>\n<li>Haute efficacit\u00e9 de production<\/li>\n<\/ul>","protected":false},"featured_media":3766,"template":"","meta":{"_acf_changed":false,"_seopress_robots_primary_cat":"none","_seopress_titles_title":"","_seopress_titles_desc":"","_seopress_robots_index":""},"product_brand":[],"product_cat":[48],"product_tag":[],"class_list":{"0":"post-3626","1":"product","2":"type-product","3":"status-publish","4":"has-post-thumbnail","6":"product_cat-dry-powder-filling-machine","8":"first","9":"instock","10":"shipping-taxable","11":"product-type-simple"},"acf":[],"_links":{"self":[{"href":"https:\/\/firesafer.com\/fr\/wp-json\/wp\/v2\/product\/3626","targetHints":{"allow":["GET"]}}],"collection":[{"href":"https:\/\/firesafer.com\/fr\/wp-json\/wp\/v2\/product"}],"about":[{"href":"https:\/\/firesafer.com\/fr\/wp-json\/wp\/v2\/types\/product"}],"wp:featuredmedia":[{"embeddable":true,"href":"https:\/\/firesafer.com\/fr\/wp-json\/wp\/v2\/media\/3766"}],"wp:attachment":[{"href":"https:\/\/firesafer.com\/fr\/wp-json\/wp\/v2\/media?parent=3626"}],"wp:term":[{"taxonomy":"product_brand","embeddable":true,"href":"https:\/\/firesafer.com\/fr\/wp-json\/wp\/v2\/product_brand?post=3626"},{"taxonomy":"product_cat","embeddable":true,"href":"https:\/\/firesafer.com\/fr\/wp-json\/wp\/v2\/product_cat?post=3626"},{"taxonomy":"product_tag","embeddable":true,"href":"https:\/\/firesafer.com\/fr\/wp-json\/wp\/v2\/product_tag?post=3626"}],"curies":[{"name":"wp","href":"https:\/\/api.w.org\/{rel}","templated":true}]}}