{"id":4209,"date":"2022-06-16T00:54:53","date_gmt":"2022-06-16T08:54:53","guid":{"rendered":"https:\/\/firesafer.com\/?post_type=product&#038;p=4209"},"modified":"2024-07-10T06:47:55","modified_gmt":"2024-07-10T14:47:55","slug":"machine-de-remplissage-de-poudre-seche-fs-30a","status":"publish","type":"product","link":"https:\/\/firesafer.com\/fr\/product\/fs-30a-dry-powder-filling-machine\/","title":{"rendered":"Machine de remplissage d&#039;extincteur \u00e0 poudre s\u00e8che FS-30A pour la production d&#039;extincteurs"},"content":{"rendered":"<p><strong>Ligne de remplissage de poudre s\u00e8che pour extincteur portable de type simple \u00e0 trois postes<\/strong><\/p>\n<p>&nbsp;<\/p>\n<p><img fetchpriority=\"high\" decoding=\"async\" class=\"wp-image-4217 size-full\" src=\"http:\/\/firesafer.com\/wp-content\/uploads\/2022\/06\/Three-stations-workflow-1.jpg\" alt=\"flux de travail \u00e0 trois stations\" width=\"1331\" height=\"702\" srcset=\"https:\/\/firesafer.com\/wp-content\/uploads\/2022\/06\/Three-stations-workflow-1.jpg 1024w, https:\/\/firesafer.com\/wp-content\/uploads\/2022\/06\/Three-stations-workflow-1-300x158.jpg 300w, https:\/\/firesafer.com\/wp-content\/uploads\/2022\/06\/Three-stations-workflow-1-768x405.jpg 768w, https:\/\/firesafer.com\/wp-content\/uploads\/2022\/06\/Three-stations-workflow-1-600x316.jpg 600w\" sizes=\"(max-width: 1331px) 100vw, 1331px\" \/><\/p>\n<table style=\"height: 391px;\" width=\"1059\">\n<tbody>\n<tr>\n<td width=\"151\"><strong>Produit principal<\/strong><\/td>\n<td width=\"116\"><strong>Efficacit\u00e9<\/strong><\/p>\n<p><strong>( Pi\u00e8ce \/ heure )<\/strong><\/td>\n<td width=\"74\"><strong>Pouvoir<\/strong><\/p>\n<p><strong>(Kw)<\/strong><\/td>\n<td width=\"166\"><strong>Taille<\/strong><\/p>\n<p><strong>L*l*l (mm)<\/strong><\/td>\n<td width=\"236\"><strong>Remarques<\/strong><\/td>\n<\/tr>\n<tr>\n<td width=\"151\">Machine de remplissage \u00e0 trois stations<\/td>\n<td width=\"116\">400<\/td>\n<td width=\"74\">4<\/td>\n<td width=\"166\">1300*1300*2000<\/td>\n<td width=\"236\">Pour 4kg\/pi\u00e8ce ;<\/td>\n<\/tr>\n<tr>\n<td width=\"151\">machine d&#039;application d&#039;huile<\/td>\n<td width=\"116\">500<\/td>\n<td width=\"74\">0.45<\/td>\n<td width=\"166\">850*620*2692<\/td>\n<td width=\"236\">Insertion et graissage faciles de la paille<\/td>\n<\/tr>\n<tr>\n<td width=\"151\">Machine \u00e0 vannes pr\u00e9-viss\u00e9es<\/td>\n<td width=\"116\">500<\/td>\n<td width=\"74\">0.45<\/td>\n<td width=\"166\">620*780*900<\/td>\n<td width=\"236\">Am\u00e9liorer l&#039;efficacit\u00e9 du pr\u00e9-vissage manuel des vannes<\/td>\n<\/tr>\n<tr>\n<td width=\"151\">Machine de serrage de soupapes<\/td>\n<td width=\"116\">500<\/td>\n<td width=\"74\">3.5<\/td>\n<td width=\"166\">900**90*1200<\/td>\n<td width=\"236\">Contr\u00f4le de couple avec couple r\u00e9glable<\/td>\n<\/tr>\n<tr>\n<td width=\"151\">ligne de convoyeur<\/td>\n<td width=\"116\">500<\/td>\n<td width=\"74\">3<\/td>\n<td width=\"166\">4000*300*800-2 lignes<\/td>\n<td width=\"236\">La cad\u00e8ne en acier inoxydable r\u00e9siste efficacement \u00e0 la corrosion par poudre s\u00e8che<\/td>\n<\/tr>\n<\/tbody>\n<\/table>","protected":false},"excerpt":{"rendered":"<p><strong>Capacit\u00e9 de production<\/strong>: 400 pi\u00e8ces \/ heure<\/p>\n<p><strong>Gamme de remplissage<\/strong>: 1-12 kg<\/p>\n<ul>\n<li>Haut degr\u00e9 d&#039;automatisation<\/li>\n<li>Sp\u00e9cifications applicables<\/li>\n<li>Efficacit\u00e9 absolue<\/li>\n<li><strong>Rapport co\u00fbt-performance \u00e9lev\u00e9<\/strong><\/li>\n<li>Pollution sans poussi\u00e8re<\/li>\n<li>Contr\u00f4le de l&#039;\u00e9cran<\/li>\n<\/ul>","protected":false},"featured_media":4212,"template":"","meta":{"_acf_changed":false,"_seopress_robots_primary_cat":"none","_seopress_titles_title":"","_seopress_titles_desc":"","_seopress_robots_index":""},"product_brand":[],"product_cat":[48],"product_tag":[],"class_list":{"0":"post-4209","1":"product","2":"type-product","3":"status-publish","4":"has-post-thumbnail","6":"product_cat-dry-powder-filling-machine","8":"first","9":"instock","10":"shipping-taxable","11":"product-type-simple"},"acf":[],"_links":{"self":[{"href":"https:\/\/firesafer.com\/fr\/wp-json\/wp\/v2\/product\/4209","targetHints":{"allow":["GET"]}}],"collection":[{"href":"https:\/\/firesafer.com\/fr\/wp-json\/wp\/v2\/product"}],"about":[{"href":"https:\/\/firesafer.com\/fr\/wp-json\/wp\/v2\/types\/product"}],"wp:featuredmedia":[{"embeddable":true,"href":"https:\/\/firesafer.com\/fr\/wp-json\/wp\/v2\/media\/4212"}],"wp:attachment":[{"href":"https:\/\/firesafer.com\/fr\/wp-json\/wp\/v2\/media?parent=4209"}],"wp:term":[{"taxonomy":"product_brand","embeddable":true,"href":"https:\/\/firesafer.com\/fr\/wp-json\/wp\/v2\/product_brand?post=4209"},{"taxonomy":"product_cat","embeddable":true,"href":"https:\/\/firesafer.com\/fr\/wp-json\/wp\/v2\/product_cat?post=4209"},{"taxonomy":"product_tag","embeddable":true,"href":"https:\/\/firesafer.com\/fr\/wp-json\/wp\/v2\/product_tag?post=4209"}],"curies":[{"name":"wp","href":"https:\/\/api.w.org\/{rel}","templated":true}]}}