{"id":4222,"date":"2022-06-16T02:09:52","date_gmt":"2022-06-16T10:09:52","guid":{"rendered":"https:\/\/firesafer.com\/?post_type=product&#038;p=4222"},"modified":"2024-07-10T06:46:36","modified_gmt":"2024-07-10T14:46:36","slug":"machine-de-remplissage-fs-40a","status":"publish","type":"product","link":"https:\/\/firesafer.com\/fr\/product\/fs-40a-fiiling-machine\/","title":{"rendered":"Machine de remplissage d&#039;extincteur \u00e0 poudre s\u00e8che enti\u00e8rement automatique FS-40A Ligne de remplissage d&#039;extincteur"},"content":{"rendered":"<p><strong>Ligne de remplissage d&#039;extincteurs \u00e0 poudre s\u00e8che portables \u00e0 quatre postes<\/strong><\/p>\n<p><img fetchpriority=\"high\" decoding=\"async\" class=\"size-full wp-image-4228\" src=\"http:\/\/firesafer.com\/wp-content\/uploads\/2022\/06\/Four-Stations-Work-Flow.jpg\" alt=\"flux de travail \u00e0 quatre stations\" width=\"1724\" height=\"1129\" srcset=\"https:\/\/firesafer.com\/wp-content\/uploads\/2022\/06\/Four-Stations-Work-Flow.jpg 1024w, https:\/\/firesafer.com\/wp-content\/uploads\/2022\/06\/Four-Stations-Work-Flow-300x196.jpg 300w, https:\/\/firesafer.com\/wp-content\/uploads\/2022\/06\/Four-Stations-Work-Flow-768x503.jpg 768w, https:\/\/firesafer.com\/wp-content\/uploads\/2022\/06\/Four-Stations-Work-Flow-1536x1006.jpg 1536w, https:\/\/firesafer.com\/wp-content\/uploads\/2022\/06\/Four-Stations-Work-Flow-600x393.jpg 600w\" sizes=\"(max-width: 1724px) 100vw, 1724px\" \/><\/p>\n<p>&nbsp;<\/p>","protected":false},"excerpt":{"rendered":"<p><strong>Capacit\u00e9 de production<\/strong>: 500 pi\u00e8ces \/ heure<\/p>\n<p><strong>Gamme de remplissage<\/strong>: 3-8 kg<\/p>\n<ul>\n<li>Haut degr\u00e9 d&#039;automatisation<\/li>\n<li>Extr\u00eamement efficace<\/li>\n<li>Bague en caoutchouc personnalis\u00e9e pour \u00e9viter les fuites de poussi\u00e8res minuscules<\/li>\n<li>Trappe d&#039;observation transparente pour bloquer la poussi\u00e8re<\/li>\n<li>Meilleure r\u00e9sistance \u00e0 la corrosion par poudre s\u00e8che<\/li>\n<li>Vissage automatique de la vanne<\/li>\n<li>Remplissage de poudre de transition de grande taille<\/li>\n<\/ul>","protected":false},"featured_media":4227,"template":"","meta":{"_acf_changed":false,"_seopress_robots_primary_cat":"none","_seopress_titles_title":"","_seopress_titles_desc":"","_seopress_robots_index":""},"product_brand":[],"product_cat":[48],"product_tag":[],"class_list":{"0":"post-4222","1":"product","2":"type-product","3":"status-publish","4":"has-post-thumbnail","6":"product_cat-dry-powder-filling-machine","8":"first","9":"instock","10":"shipping-taxable","11":"product-type-simple"},"acf":[],"_links":{"self":[{"href":"https:\/\/firesafer.com\/fr\/wp-json\/wp\/v2\/product\/4222","targetHints":{"allow":["GET"]}}],"collection":[{"href":"https:\/\/firesafer.com\/fr\/wp-json\/wp\/v2\/product"}],"about":[{"href":"https:\/\/firesafer.com\/fr\/wp-json\/wp\/v2\/types\/product"}],"wp:featuredmedia":[{"embeddable":true,"href":"https:\/\/firesafer.com\/fr\/wp-json\/wp\/v2\/media\/4227"}],"wp:attachment":[{"href":"https:\/\/firesafer.com\/fr\/wp-json\/wp\/v2\/media?parent=4222"}],"wp:term":[{"taxonomy":"product_brand","embeddable":true,"href":"https:\/\/firesafer.com\/fr\/wp-json\/wp\/v2\/product_brand?post=4222"},{"taxonomy":"product_cat","embeddable":true,"href":"https:\/\/firesafer.com\/fr\/wp-json\/wp\/v2\/product_cat?post=4222"},{"taxonomy":"product_tag","embeddable":true,"href":"https:\/\/firesafer.com\/fr\/wp-json\/wp\/v2\/product_tag?post=4222"}],"curies":[{"name":"wp","href":"https:\/\/api.w.org\/{rel}","templated":true}]}}