{"id":196,"date":"2021-11-04T20:14:45","date_gmt":"2021-11-05T04:14:45","guid":{"rendered":"https:\/\/firesafer.com\/?post_type=product&#038;p=196"},"modified":"2023-04-06T05:59:46","modified_gmt":"2023-04-06T13:59:46","slug":"macchina-per-ricaricare-co2","status":"publish","type":"product","link":"https:\/\/firesafer.com\/it\/product\/co2-refilling-machine\/","title":{"rendered":"Macchina di ricarica per estintori a CO2 GMT-C"},"content":{"rendered":"<p>Caratteristiche e vantaggi:<\/p>\n<ul>\n<li>Nessun riscaldamento e nessun raffreddamento richiesti<\/li>\n<li>Indipendente dalla temperatura ambiente durante il riempimento<\/li>\n<li>Le parti importanti dell&#039;anello del pistone sono realizzate in materiali resistenti all&#039;usura sinterizzati ad alta temperatura, con i seguenti vantaggi: resistenza all&#039;usura, resistenza all&#039;alta pressione, resistenza all&#039;alta temperatura, ecc.<\/li>\n<li>Le valvole di aspirazione e di scarico sono prodotte con la pi\u00f9 recente tecnologia per pompe di riempimento gas ad alta pressione<\/li>\n<li>Cilindro interamente in acciaio inossidabile e basamento interamente in alluminio con motore di marca ad alta potenza da 1,5 kW<\/li>\n<\/ul>\n<p>&nbsp;<\/p>\n<p>La macchina riempitrice di CO2 di terza generazione non necessita di riscaldamento o raffreddamento durante il riempimento e non \u00e8 influenzata dalla temperatura ambiente (normalmente pu\u00f2 essere riempita da -25 \u00b0C a +40 \u00b0C), durante il riempimento, la CO2 nel cilindro grande viene prima pompata fuori e poi viene rapidamente riempita nel cilindro piccolo dopo essere stata pressurizzata dalla pressa professionale di CO2 nella macchina riempitrice. Ci vuole solo 1 minuto per riempire 1 bombola da 3 kg di CO2 e 5-10 secondi per riempire di nuovo la CO2 e il costo dell&#039;elettricit\u00e0 \u00e8 di 3-5 centesimi. Pu\u00f2 riempire un estintore portatile C2 da 1,2,3,5,7,9 kg e un estintore CO2 a carrello da 25 kg, 45 kg, 100 kg e pu\u00f2 anche pompare di nuovo la CO2, che pu\u00f2 pompare di nuovo la CO2 dal cilindro piccolo al cilindro grande o ad altri piccoli cilindri. Ha i vantaggi di un riempimento facile, veloce, risparmio energetico, risparmio di gas, facile manutenzione, ecc. \u00c8 l&#039;attrezzatura di riempimento associata alla produzione di estintori e alla fabbrica di manutenzione degli estintori.<\/p>\n<p>&nbsp;<\/p>\n<ol>\n<li><span data-spm-anchor-id=\"a2700.details.0.i51.2463729d5lqq1N\">Siamo professionisti nella produzione di prodotti salvavita<\/span><\/li>\n<li data-spm-anchor-id=\"a2700.details.0.i50.2463729d5lqq1N\">Disponibile OEM e stampa il tuo logo<\/li>\n<li>Abbiamo pi\u00f9 di 10 anni di esperienza nel servizio clienti e abbiamo familiarit\u00e0 con le spedizioni<\/li>\n<li>Che garantir\u00e0 una spedizione rapida e senza intoppi, riducendo i costi per il cliente.<\/li>\n<li data-spm-anchor-id=\"a2700.details.0.i49.2463729d5lqq1N\">Il servizio clienti \u00e8 al primo posto e risponder\u00e0 entro 24 ore.<\/li>\n<\/ol>","protected":false},"excerpt":{"rendered":"<p data-spm-anchor-id=\"a2700.details.0.i29.2463729d5lqq1N\"><span data-spm-anchor-id=\"a2700.details.0.i28.2463729d5lqq1N\">La macchina riempitrice di CO2 GMT-C \u00e8 una riempitrice di piccole dimensioni e portatile. Sia la fiaschetta con sifone che <\/span>Il serbatoio a pressione media pu\u00f2 essere utilizzato con riempimento di CO2.<\/p>\n<p><span data-spm-anchor-id=\"a2700.details.0.i34.2463729d5lqq1N\">Durante il riempimento \u00e8 necessario utilizzare una bilancia elettronica come base per il peso del riempimento.<\/span><\/p>\n<p data-spm-anchor-id=\"a2700.details.0.i47.2463729d5lqq1N\">","protected":false},"featured_media":1867,"template":"","meta":{"_acf_changed":false,"_seopress_robots_primary_cat":"none","_seopress_titles_title":"","_seopress_titles_desc":"","_seopress_robots_index":""},"product_brand":[],"product_cat":[50],"product_tag":[],"class_list":{"0":"post-196","1":"product","2":"type-product","3":"status-publish","4":"has-post-thumbnail","6":"product_cat-co2-refilling-machine","8":"first","9":"instock","10":"shipping-taxable","11":"product-type-simple"},"acf":[],"_links":{"self":[{"href":"https:\/\/firesafer.com\/it\/wp-json\/wp\/v2\/product\/196","targetHints":{"allow":["GET"]}}],"collection":[{"href":"https:\/\/firesafer.com\/it\/wp-json\/wp\/v2\/product"}],"about":[{"href":"https:\/\/firesafer.com\/it\/wp-json\/wp\/v2\/types\/product"}],"wp:featuredmedia":[{"embeddable":true,"href":"https:\/\/firesafer.com\/it\/wp-json\/wp\/v2\/media\/1867"}],"wp:attachment":[{"href":"https:\/\/firesafer.com\/it\/wp-json\/wp\/v2\/media?parent=196"}],"wp:term":[{"taxonomy":"product_brand","embeddable":true,"href":"https:\/\/firesafer.com\/it\/wp-json\/wp\/v2\/product_brand?post=196"},{"taxonomy":"product_cat","embeddable":true,"href":"https:\/\/firesafer.com\/it\/wp-json\/wp\/v2\/product_cat?post=196"},{"taxonomy":"product_tag","embeddable":true,"href":"https:\/\/firesafer.com\/it\/wp-json\/wp\/v2\/product_tag?post=196"}],"curies":[{"name":"parola chiave","href":"https:\/\/api.w.org\/{rel}","templated":true}]}}