{"id":196,"date":"2021-11-04T20:14:45","date_gmt":"2021-11-05T04:14:45","guid":{"rendered":"https:\/\/firesafer.com\/?post_type=product&#038;p=196"},"modified":"2023-04-06T05:59:46","modified_gmt":"2023-04-06T13:59:46","slug":"maszyna-do-napelniania-co2","status":"publish","type":"product","link":"https:\/\/firesafer.com\/pl\/product\/co2-refilling-machine\/","title":{"rendered":"Maszyna do nape\u0142niania ga\u015bnic CO2 GMT-C"},"content":{"rendered":"<p>Cechy i zalety:<\/p>\n<ul>\n<li>Nie wymaga ogrzewania ani ch\u0142odzenia<\/li>\n<li>Niezale\u017cnie od temperatury otoczenia podczas nape\u0142niania<\/li>\n<li>Wa\u017cne cz\u0119\u015bci pier\u015bcienia t\u0142okowego wykonane s\u0105 z materia\u0142\u00f3w odpornych na zu\u017cycie, spiekanych w wysokiej temperaturze, co zapewnia im odporno\u015b\u0107 na zu\u017cycie, odporno\u015b\u0107 na wysokie ci\u015bnienie, odporno\u015b\u0107 na wysok\u0105 temperatur\u0119 itp.<\/li>\n<li>Zawory wlotowe i wylotowe s\u0105 produkowane przy u\u017cyciu najnowszej technologii przeznaczonej do pomp do nape\u0142niania gazem wysokoci\u015bnieniowym<\/li>\n<li>Cylinder w ca\u0142o\u015bci wykonany ze stali nierdzewnej i skrzynia korbowa w ca\u0142o\u015bci wykonana z aluminium z silnikiem o mocy 1,5 kW<\/li>\n<\/ul>\n<p>&nbsp;<\/p>\n<p>Maszyna do nape\u0142niania CO2 trzeciej generacji nie wymaga ogrzewania ani ch\u0142odzenia podczas nape\u0142niania i nie jest nara\u017cona na wp\u0142yw temperatury otoczenia (normalnie mo\u017cna nape\u0142nia\u0107 w zakresie od -25\u00b0C do +40\u00b0C), podczas nape\u0142niania CO2 z du\u017cego cylindra jest najpierw wypompowywane, a nast\u0119pnie szybko nape\u0142niane do ma\u0142ego cylindra po spr\u0119\u017ceniu przez profesjonaln\u0105 pras\u0119 CO2 w maszynie do nape\u0142niania. Nape\u0142nienie 1 butelki 3 kg CO2 zajmuje tylko 1 minut\u0119, a ponowne nape\u0142nienie CO2 5-10 sekund, a koszt energii elektrycznej wynosi 3-5 cent\u00f3w. Mo\u017ce nape\u0142nia\u0107 przeno\u015bn\u0105 ga\u015bnic\u0119 C2 o pojemno\u015bci 1, 2, 3, 5, 7, 9 kg oraz ga\u015bnic\u0119 CO2 typu w\u00f3zek o pojemno\u015bci 25 kg, 45 kg, 100 kg, a tak\u017ce mo\u017ce pompowa\u0107 z powrotem C02, co mo\u017ce pompowa\u0107 z powrotem CO2 z ma\u0142ego cylindra do du\u017cego cylindra lub innych ma\u0142ych cylindr\u00f3w. Ma zalety \u0142atwego nape\u0142niania, szybko\u015bci, oszcz\u0119dzania energii, oszcz\u0119dzania gazu, \u0142atwej konserwacji itp. Jest to sprz\u0119t do nape\u0142niania zwi\u0105zany z produkcj\u0105 ga\u015bnic i fabryk\u0105 konserwacji ga\u015bnic.<\/p>\n<p>&nbsp;<\/p>\n<ol>\n<li><span data-spm-anchor-id=\"a2700.details.0.i51.2463729d5lqq1N\">Jeste\u015bmy profesjonalistami w produkcji artyku\u0142\u00f3w ratuj\u0105cych \u017cycie<\/span><\/li>\n<li data-spm-anchor-id=\"a2700.details.0.i50.2463729d5lqq1N\">Dost\u0119pny OEM i mo\u017cliwo\u015b\u0107 wydruku logo<\/li>\n<li>Mamy ponad 10-letni zesp\u00f3\u0142 obs\u0142ugi klienta i znamy si\u0119 na przesy\u0142kach<\/li>\n<li>Co umo\u017cliwi szybk\u0105 i sprawn\u0105 wysy\u0142k\u0119 oraz obni\u017cy koszty dla klienta.<\/li>\n<li data-spm-anchor-id=\"a2700.details.0.i49.2463729d5lqq1N\">Obs\u0142uga klienta jest pierwsza i odpowie w ci\u0105gu 24 godzin.<\/li>\n<\/ol>","protected":false},"excerpt":{"rendered":"<p data-spm-anchor-id=\"a2700.details.0.i29.2463729d5lqq1N\"><span data-spm-anchor-id=\"a2700.details.0.i28.2463729d5lqq1N\">Maszyna do nape\u0142niania CO2 GMT-C to ma\u0142y i przeno\u015bny nape\u0142niacz. Zar\u00f3wno kolba z syfonem, jak i <\/span>Zbiornik ci\u015bnieniowy mo\u017cna nape\u0142nia\u0107 CO2.<\/p>\n<p><span data-spm-anchor-id=\"a2700.details.0.i34.2463729d5lqq1N\">Podczas nape\u0142niania nale\u017cy u\u017cywa\u0107 wagi elektronicznej jako podstawy do okre\u015blenia masy nape\u0142nianego materia\u0142u.<\/span><\/p>\n<p data-spm-anchor-id=\"a2700.details.0.i47.2463729d5lqq1N\">","protected":false},"featured_media":1867,"template":"","meta":{"_acf_changed":false,"_seopress_robots_primary_cat":"none","_seopress_titles_title":"","_seopress_titles_desc":"","_seopress_robots_index":""},"product_brand":[],"product_cat":[50],"product_tag":[],"class_list":{"0":"post-196","1":"product","2":"type-product","3":"status-publish","4":"has-post-thumbnail","6":"product_cat-co2-refilling-machine","8":"first","9":"instock","10":"shipping-taxable","11":"product-type-simple"},"acf":[],"_links":{"self":[{"href":"https:\/\/firesafer.com\/pl\/wp-json\/wp\/v2\/product\/196","targetHints":{"allow":["GET"]}}],"collection":[{"href":"https:\/\/firesafer.com\/pl\/wp-json\/wp\/v2\/product"}],"about":[{"href":"https:\/\/firesafer.com\/pl\/wp-json\/wp\/v2\/types\/product"}],"wp:featuredmedia":[{"embeddable":true,"href":"https:\/\/firesafer.com\/pl\/wp-json\/wp\/v2\/media\/1867"}],"wp:attachment":[{"href":"https:\/\/firesafer.com\/pl\/wp-json\/wp\/v2\/media?parent=196"}],"wp:term":[{"taxonomy":"product_brand","embeddable":true,"href":"https:\/\/firesafer.com\/pl\/wp-json\/wp\/v2\/product_brand?post=196"},{"taxonomy":"product_cat","embeddable":true,"href":"https:\/\/firesafer.com\/pl\/wp-json\/wp\/v2\/product_cat?post=196"},{"taxonomy":"product_tag","embeddable":true,"href":"https:\/\/firesafer.com\/pl\/wp-json\/wp\/v2\/product_tag?post=196"}],"curies":[{"name":"wp","href":"https:\/\/api.w.org\/{rel}","templated":true}]}}