{"id":3470,"date":"2022-03-30T07:16:27","date_gmt":"2022-03-30T15:16:27","guid":{"rendered":"https:\/\/firesafer.com\/?post_type=product&#038;p=3470"},"modified":"2024-07-10T07:13:19","modified_gmt":"2024-07-10T15:13:19","slug":"maszyna-do-napelniania-gasnic-jednostanowiskowych-fs-10a","status":"publish","type":"product","link":"https:\/\/firesafer.com\/pl\/product\/fs-10a-single-station-fire-extinguisher-filling-machine\/","title":{"rendered":"FS-10A Pojedyncza stacja nape\u0142niania ga\u015bnic"},"content":{"rendered":"<p><strong>G\u0142\u00f3wne parametry techniczne.<\/strong><\/p>\n<p>1. PLC: Tajwan Yonghong<br \/>\n2. Temperatura otoczenia roboczego wynosi -10 stopni \u2013 +40 stopni, napi\u0119cie robocze AC380V tr\u00f3jfazowe<br \/>\n3. materia\u0142 cylindra zaworu: gwiazda<br \/>\n4. Ekran dotykowy: Velon<br \/>\n5. Pier\u015bcie\u0144 gumowy: \u015brednica wewn\u0119trzna \u03c628*4 (dla zaworu pr\u00f3\u017cniowego); \u015brednica wewn\u0119trzna \u03c65*1,5 (dla zaworu roz\u0142adowczego pr\u00f3\u017cni)<br \/>\n6. Rozmiar sprz\u0119tu.<br \/>\nPojedyncza stacja do nape\u0142niania proszkiem suchym (d\u0142.*szer.*wys.): 980*660*1100 (przed uwzgl\u0119dnieniem wielko\u015bci pojemnika na proszek) (tylko w celach informacyjnych)<\/p>\n<p>&nbsp;<\/p>\n<h2>Przebieg pracy:<\/h2>\n<p>Uruchom pomp\u0119 pr\u00f3\u017cniow\u0105 i obserwuj wska\u017anik podci\u015bnienia. Gdy podci\u015bnienie b\u0119dzie wy\u017csze ni\u017c -0,085, urz\u0105dzenie g\u0142\u00f3wne b\u0119dzie mog\u0142o pracowa\u0107 normalnie.<br \/>\nPrzygotowanie nape\u0142niania: Kliknij na ekranie dotykowym i wejd\u017a do \u201eekranu parametr\u00f3w\u201d, aby ustawi\u0107 parametry nape\u0142niania, takie jak dolny limit nape\u0142niania, \u015brodkowy limit nape\u0142niania i g\u00f3rny limit nape\u0142niania. Kliknij na odpowiedni\u0105 pozycj\u0119 parametru, aby ustawi\u0107 parametry, kliknij ENTER i wr\u00f3\u0107 do strony g\u0142\u00f3wnej po zako\u0144czeniu obs\u0142ugi sprz\u0119tu.<\/p>\n<p>&nbsp;<\/p>\n<p><strong>Tabela parametr\u00f3w nape\u0142niania (konkretne parametry s\u0105 dostosowywane do rzeczywistej g\u0119sto\u015bci proszku suchego)<\/strong><\/p>\n<p>&nbsp;<\/p>\n<table>\n<tbody>\n<tr>\n<td width=\"130\"><strong>\u3000<\/strong><\/td>\n<td width=\"238\">Dolna warto\u015b\u0107 graniczna<\/td>\n<td width=\"210\">Warto\u015b\u0107 graniczna \u015brodkowa<\/td>\n<td width=\"217\">Warto\u015b\u0107 g\u00f3rnego limitu<\/td>\n<\/tr>\n<tr>\n<td width=\"130\"><strong>0,5 kg<\/strong><\/td>\n<td width=\"238\">0.3<\/td>\n<td width=\"210\">0.5<\/td>\n<td width=\"217\">0.51<\/td>\n<\/tr>\n<tr>\n<td width=\"130\"><strong>1 KG<\/strong><\/td>\n<td width=\"238\">0.3-0.7<\/td>\n<td width=\"210\">0.7-0.95<\/td>\n<td width=\"217\">1.05<\/td>\n<\/tr>\n<tr>\n<td width=\"130\"><strong>2 KG<\/strong><\/td>\n<td width=\"238\">1-1.3<\/td>\n<td width=\"210\">1.6-1.95<\/td>\n<td width=\"217\">2.05<\/td>\n<\/tr>\n<tr>\n<td width=\"130\"><strong>3 kg<\/strong><\/td>\n<td width=\"238\">2-2.3<\/td>\n<td width=\"210\">2.6-2.95<\/td>\n<td width=\"217\">3.09<\/td>\n<\/tr>\n<tr>\n<td width=\"130\"><strong>4 kg<\/strong><\/td>\n<td width=\"238\">3-3.3<\/td>\n<td width=\"210\">3.6-3.95<\/td>\n<td width=\"217\">4.08<\/td>\n<\/tr>\n<tr>\n<td width=\"130\"><strong>6 kg<\/strong><\/td>\n<td width=\"238\">4.5-5.5<\/td>\n<td width=\"210\">5.7-5.95<\/td>\n<td width=\"217\">6.1<\/td>\n<\/tr>\n<tr>\n<td width=\"130\"><strong>8 kg<\/strong><\/td>\n<td width=\"238\">6.5-7.5<\/td>\n<td width=\"210\">7.7-7.95<\/td>\n<td width=\"217\">8.1<\/td>\n<\/tr>\n<\/tbody>\n<\/table>\n<p>&nbsp;<\/p>\n<p>Uwaga: Czas wst\u0119pnego podci\u015bnienia (przy nape\u0142nianiu 3 lub 4 kg) mo\u017cna regulowa\u0107 w zakresie 2-3 s, a (przy nape\u0142nianiu 5 lub 8 kg) w zakresie 5-6 s.<\/p>\n<p>&nbsp;<\/p>\n<h2>Proces nape\u0142niania:<\/h2>\n<p>Po\u0142\u00f3\u017c pust\u0105 butelk\u0119 na platformie i wyr\u00f3wnaj port nape\u0142niania. Po tym, jak d\u0142o\u0144 odsunie pust\u0105 butelk\u0119, sprz\u0119t uruchomi si\u0119 automatycznie (naci\u015bnij przycisk rozpocz\u0119cia nape\u0142niania). Gospodarz automatycznie op\u00f3\u017ani czyszczenie, wytworzy pr\u00f3\u017cni\u0119 wst\u0119pn\u0105, otworzy zaw\u00f3r materia\u0142u, automatycznie zamknie zaw\u00f3r materia\u0142u, gdy ci\u0119\u017car nape\u0142nienia osi\u0105gnie ustawion\u0105 warto\u015b\u0107, wyczy\u015bci ruroci\u0105g i dokona kwalifikowanej oceny produktu.<br \/>\nPodczas wymiany suchego proszku lub bardzo drobnego suchego proszku mo\u017cna dostosowa\u0107 czas odkurzania na ekranie dotykowym, aby uzyska\u0107 najlepszy efekt wype\u0142nienia.<br \/>\nZatrzymaj pomp\u0119 pr\u00f3\u017cniow\u0105 pod koniec ka\u017cdego dnia i kliknij na ekranie dotykowym \u201edebugging screen\u201d i kliknij \u201ecleaning\u201d, aby otworzy\u0107, system przejdzie do automatycznego programu czyszczenia odpylacza. Czy\u015b\u0107 filtr raz w miesi\u0105cu (wyjmij wk\u0142ad filtra i przedmuchaj go suchym powietrzem, aby upewni\u0107 si\u0119, \u017ce nie b\u0119dzie przecieka\u0142 po instalacji).<\/p>","protected":false},"excerpt":{"rendered":"<p><strong>Zdolno\u015b\u0107 produkcyjna<\/strong>: 150 sztuk \/ godzin\u0119<\/p>\n<p><strong>Zakres nape\u0142niania<\/strong>: 1-30 kg<\/p>\n<ul>\n<li>Ci\u0105g\u0142e i automatyczne<\/li>\n<li>Dobre dla \u015brodowiska<\/li>\n<li>Wysoka dok\u0142adno\u015b\u0107 wype\u0142niania<\/li>\n<li>D\u0142ugi okres u\u017cytkowania<\/li>\n<\/ul>\n<p><strong>Wype\u0142nienie Precosion<\/strong> : 1KG\u22640,02<\/p>","protected":false},"featured_media":3693,"template":"","meta":{"_acf_changed":false,"_seopress_robots_primary_cat":"none","_seopress_titles_title":"","_seopress_titles_desc":"","_seopress_robots_index":""},"product_brand":[],"product_cat":[48],"product_tag":[],"class_list":{"0":"post-3470","1":"product","2":"type-product","3":"status-publish","4":"has-post-thumbnail","6":"product_cat-dry-powder-filling-machine","8":"first","9":"instock","10":"shipping-taxable","11":"product-type-simple"},"acf":[],"_links":{"self":[{"href":"https:\/\/firesafer.com\/pl\/wp-json\/wp\/v2\/product\/3470","targetHints":{"allow":["GET"]}}],"collection":[{"href":"https:\/\/firesafer.com\/pl\/wp-json\/wp\/v2\/product"}],"about":[{"href":"https:\/\/firesafer.com\/pl\/wp-json\/wp\/v2\/types\/product"}],"wp:featuredmedia":[{"embeddable":true,"href":"https:\/\/firesafer.com\/pl\/wp-json\/wp\/v2\/media\/3693"}],"wp:attachment":[{"href":"https:\/\/firesafer.com\/pl\/wp-json\/wp\/v2\/media?parent=3470"}],"wp:term":[{"taxonomy":"product_brand","embeddable":true,"href":"https:\/\/firesafer.com\/pl\/wp-json\/wp\/v2\/product_brand?post=3470"},{"taxonomy":"product_cat","embeddable":true,"href":"https:\/\/firesafer.com\/pl\/wp-json\/wp\/v2\/product_cat?post=3470"},{"taxonomy":"product_tag","embeddable":true,"href":"https:\/\/firesafer.com\/pl\/wp-json\/wp\/v2\/product_tag?post=3470"}],"curies":[{"name":"wp","href":"https:\/\/api.w.org\/{rel}","templated":true}]}}