{"id":3626,"date":"2022-05-13T05:07:31","date_gmt":"2022-05-13T13:07:31","guid":{"rendered":"https:\/\/firesafer.com\/?post_type=product&#038;p=3626"},"modified":"2024-07-10T06:48:33","modified_gmt":"2024-07-10T14:48:33","slug":"maszyna-do-napelniania-gasnic-fs-20a","status":"publish","type":"product","link":"https:\/\/firesafer.com\/pl\/product\/fs-20a-extinguisher-filling-machine\/","title":{"rendered":"FS-20A ABC Maszyna do nape\u0142niania ga\u015bnic proszkowych o du\u017cej pr\u0119dko\u015bci"},"content":{"rendered":"<p><strong>Dwustanowiskowa, prosta, przeno\u015bna linia do nape\u0142niania proszkiem ga\u015bniczym<\/strong><\/p>\n<p>&nbsp;<\/p>\n<p><img fetchpriority=\"high\" decoding=\"async\" class=\"wp-image-3854 size-large\" src=\"http:\/\/firesafer.com\/wp-content\/uploads\/2022\/05\/double-station-powder-filling-machine-1024x667.jpg\" alt=\"maszyna do nape\u0142niania proszkiem dwustanowiskowa\" width=\"800\" height=\"521\" srcset=\"https:\/\/firesafer.com\/wp-content\/uploads\/2022\/05\/double-station-powder-filling-machine.jpg 1024w, https:\/\/firesafer.com\/wp-content\/uploads\/2022\/05\/double-station-powder-filling-machine-300x196.jpg 300w, https:\/\/firesafer.com\/wp-content\/uploads\/2022\/05\/double-station-powder-filling-machine-768x500.jpg 768w, https:\/\/firesafer.com\/wp-content\/uploads\/2022\/05\/double-station-powder-filling-machine-600x391.jpg 600w\" sizes=\"(max-width: 800px) 100vw, 800px\" \/><\/p>\n<p><strong>Zalety<\/strong>:<\/p>\n<p>Ca\u0142y sprz\u0119t podzielony jest na trzy systemy przechwytywania suchego proszku<\/p>\n<p>Pierwszy etap: pneumatyczny zaw\u00f3r zaciskowy<\/p>\n<p>Drugi etap: zaw\u00f3r kulowy typu T i cienki cylinder typu SDA<\/p>\n<p>Trzeci etap: system przechwytywania suchego proszku usuwa ca\u0142y pozosta\u0142y py\u0142 z otworu butelki maszyny nape\u0142niaj\u0105cej oraz py\u0142 unosz\u0105cy si\u0119 w g\u0142owicy nape\u0142niaj\u0105cej z powrotem do zbiornika odzysku znajduj\u0105cego si\u0119 na zewn\u0105trz urz\u0105dzenia, co zmniejsza ilo\u015b\u0107 odpad\u00f3w materia\u0142owych i rozwi\u0105zuje problem ogromnego zanieczyszczenia py\u0142em.<\/p>","protected":false},"excerpt":{"rendered":"<p><strong>Zdolno\u015b\u0107 produkcyjna<\/strong>: : 350 sztuk \/ godzin\u0119<\/p>\n<p><strong>Zakres nape\u0142niania<\/strong>: 1-12 kg<\/p>\n<ul>\n<li>Wysoki stopie\u0144 automatyzacji<\/li>\n<li>Obowi\u0105zuj\u0105ce specyfikacje<\/li>\n<li>Wysoka wydajno\u015b\u0107 produkcji<\/li>\n<\/ul>","protected":false},"featured_media":3766,"template":"","meta":{"_acf_changed":false,"_seopress_robots_primary_cat":"none","_seopress_titles_title":"","_seopress_titles_desc":"","_seopress_robots_index":""},"product_brand":[],"product_cat":[48],"product_tag":[],"class_list":{"0":"post-3626","1":"product","2":"type-product","3":"status-publish","4":"has-post-thumbnail","6":"product_cat-dry-powder-filling-machine","8":"first","9":"instock","10":"shipping-taxable","11":"product-type-simple"},"acf":[],"_links":{"self":[{"href":"https:\/\/firesafer.com\/pl\/wp-json\/wp\/v2\/product\/3626","targetHints":{"allow":["GET"]}}],"collection":[{"href":"https:\/\/firesafer.com\/pl\/wp-json\/wp\/v2\/product"}],"about":[{"href":"https:\/\/firesafer.com\/pl\/wp-json\/wp\/v2\/types\/product"}],"wp:featuredmedia":[{"embeddable":true,"href":"https:\/\/firesafer.com\/pl\/wp-json\/wp\/v2\/media\/3766"}],"wp:attachment":[{"href":"https:\/\/firesafer.com\/pl\/wp-json\/wp\/v2\/media?parent=3626"}],"wp:term":[{"taxonomy":"product_brand","embeddable":true,"href":"https:\/\/firesafer.com\/pl\/wp-json\/wp\/v2\/product_brand?post=3626"},{"taxonomy":"product_cat","embeddable":true,"href":"https:\/\/firesafer.com\/pl\/wp-json\/wp\/v2\/product_cat?post=3626"},{"taxonomy":"product_tag","embeddable":true,"href":"https:\/\/firesafer.com\/pl\/wp-json\/wp\/v2\/product_tag?post=3626"}],"curies":[{"name":"wp","href":"https:\/\/api.w.org\/{rel}","templated":true}]}}