{"id":4209,"date":"2022-06-16T00:54:53","date_gmt":"2022-06-16T08:54:53","guid":{"rendered":"https:\/\/firesafer.com\/?post_type=product&#038;p=4209"},"modified":"2024-07-10T06:47:55","modified_gmt":"2024-07-10T14:47:55","slug":"maszyna-do-napelniania-proszkiem-suchym-fs-30a","status":"publish","type":"product","link":"https:\/\/firesafer.com\/pl\/product\/fs-30a-dry-powder-filling-machine\/","title":{"rendered":"FS-30A Maszyna do nape\u0142niania ga\u015bnic proszkowych do produkcji ga\u015bnic"},"content":{"rendered":"<p><strong>Trzystanowiskowa, prosta, przeno\u015bna linia do nape\u0142niania proszkiem ga\u015bniczym<\/strong><\/p>\n<p>&nbsp;<\/p>\n<p><img fetchpriority=\"high\" decoding=\"async\" class=\"wp-image-4217 size-full\" src=\"http:\/\/firesafer.com\/wp-content\/uploads\/2022\/06\/Three-stations-workflow-1.jpg\" alt=\"trzy stacje przep\u0142ywu pracy\" width=\"1331\" height=\"702\" srcset=\"https:\/\/firesafer.com\/wp-content\/uploads\/2022\/06\/Three-stations-workflow-1.jpg 1024w, https:\/\/firesafer.com\/wp-content\/uploads\/2022\/06\/Three-stations-workflow-1-300x158.jpg 300w, https:\/\/firesafer.com\/wp-content\/uploads\/2022\/06\/Three-stations-workflow-1-768x405.jpg 768w, https:\/\/firesafer.com\/wp-content\/uploads\/2022\/06\/Three-stations-workflow-1-600x316.jpg 600w\" sizes=\"(max-width: 1331px) 100vw, 1331px\" \/><\/p>\n<table style=\"height: 391px;\" width=\"1059\">\n<tbody>\n<tr>\n<td width=\"151\"><strong>Produkt g\u0142\u00f3wny<\/strong><\/td>\n<td width=\"116\"><strong>Efektywno\u015b\u0107<\/strong><\/p>\n<p><strong>( Sztuka \/ godzina )<\/strong><\/td>\n<td width=\"74\"><strong>Moc<\/strong><\/p>\n<p><strong>(Kw)<\/strong><\/td>\n<td width=\"166\"><strong>Rozmiar<\/strong><\/p>\n<p><strong>D\u0142ugo\u015b\u0107*Szeroko\u015b\u0107*Szeroko\u015b\u0107 (mm)<\/strong><\/td>\n<td width=\"236\"><strong>Uwagi<\/strong><\/td>\n<\/tr>\n<tr>\n<td width=\"151\">Trzystanowiskowa maszyna nape\u0142niaj\u0105ca<\/td>\n<td width=\"116\">400<\/td>\n<td width=\"74\">4<\/td>\n<td width=\"166\">1300*1300*2000<\/td>\n<td width=\"236\">Dla 4kg\/szt.;<\/td>\n<\/tr>\n<tr>\n<td width=\"151\">maszyna do nak\u0142adania oleju<\/td>\n<td width=\"116\">500<\/td>\n<td width=\"74\">0.45<\/td>\n<td width=\"166\">850*620*2692<\/td>\n<td width=\"236\">\u0141atwe wk\u0142adanie i smarowanie s\u0142omki<\/td>\n<\/tr>\n<tr>\n<td width=\"151\">Maszyna do zawor\u00f3w wst\u0119pnie wkr\u0119canych<\/td>\n<td width=\"116\">500<\/td>\n<td width=\"74\">0.45<\/td>\n<td width=\"166\">620*780*900<\/td>\n<td width=\"236\">Poprawa wydajno\u015bci r\u0119cznego wst\u0119pnego wkr\u0119cania zawor\u00f3w<\/td>\n<\/tr>\n<tr>\n<td width=\"151\">Maszyna do dokr\u0119cania zawor\u00f3w<\/td>\n<td width=\"116\">500<\/td>\n<td width=\"74\">3.5<\/td>\n<td width=\"166\">900**90*1200<\/td>\n<td width=\"236\">Kontrola momentu obrotowego z mo\u017cliwo\u015bci\u0105 regulacji momentu obrotowego<\/td>\n<\/tr>\n<tr>\n<td width=\"151\">linia przeno\u015bnikowa<\/td>\n<td width=\"116\">500<\/td>\n<td width=\"74\">3<\/td>\n<td width=\"166\">4000*300*800-2 linie<\/td>\n<td width=\"236\">P\u0142ytka \u0142a\u0144cucha ze stali nierdzewnej skutecznie chroni przed korozj\u0105 spowodowan\u0105 suchym proszkiem<\/td>\n<\/tr>\n<\/tbody>\n<\/table>","protected":false},"excerpt":{"rendered":"<p><strong>Zdolno\u015b\u0107 produkcyjna<\/strong>: : 400 sztuk \/ godzin\u0119<\/p>\n<p><strong>Zakres nape\u0142niania<\/strong>: 1-12 kg<\/p>\n<ul>\n<li>Wysoki stopie\u0144 automatyzacji<\/li>\n<li>Obowi\u0105zuj\u0105ce specyfikacje<\/li>\n<li>Absolutna wydajno\u015b\u0107<\/li>\n<li><strong>Wysoka wydajno\u015b\u0107 kosztowa<\/strong><\/li>\n<li>Zanieczyszczenie bezpy\u0142owe<\/li>\n<li>Sterowanie ekranem<\/li>\n<\/ul>","protected":false},"featured_media":4212,"template":"","meta":{"_acf_changed":false,"_seopress_robots_primary_cat":"none","_seopress_titles_title":"","_seopress_titles_desc":"","_seopress_robots_index":""},"product_brand":[],"product_cat":[48],"product_tag":[],"class_list":{"0":"post-4209","1":"product","2":"type-product","3":"status-publish","4":"has-post-thumbnail","6":"product_cat-dry-powder-filling-machine","8":"first","9":"instock","10":"shipping-taxable","11":"product-type-simple"},"acf":[],"_links":{"self":[{"href":"https:\/\/firesafer.com\/pl\/wp-json\/wp\/v2\/product\/4209","targetHints":{"allow":["GET"]}}],"collection":[{"href":"https:\/\/firesafer.com\/pl\/wp-json\/wp\/v2\/product"}],"about":[{"href":"https:\/\/firesafer.com\/pl\/wp-json\/wp\/v2\/types\/product"}],"wp:featuredmedia":[{"embeddable":true,"href":"https:\/\/firesafer.com\/pl\/wp-json\/wp\/v2\/media\/4212"}],"wp:attachment":[{"href":"https:\/\/firesafer.com\/pl\/wp-json\/wp\/v2\/media?parent=4209"}],"wp:term":[{"taxonomy":"product_brand","embeddable":true,"href":"https:\/\/firesafer.com\/pl\/wp-json\/wp\/v2\/product_brand?post=4209"},{"taxonomy":"product_cat","embeddable":true,"href":"https:\/\/firesafer.com\/pl\/wp-json\/wp\/v2\/product_cat?post=4209"},{"taxonomy":"product_tag","embeddable":true,"href":"https:\/\/firesafer.com\/pl\/wp-json\/wp\/v2\/product_tag?post=4209"}],"curies":[{"name":"wp","href":"https:\/\/api.w.org\/{rel}","templated":true}]}}