{"id":4222,"date":"2022-06-16T02:09:52","date_gmt":"2022-06-16T10:09:52","guid":{"rendered":"https:\/\/firesafer.com\/?post_type=product&#038;p=4222"},"modified":"2024-07-10T06:46:36","modified_gmt":"2024-07-10T14:46:36","slug":"maszyna-do-skladania-plikow-fs-40a","status":"publish","type":"product","link":"https:\/\/firesafer.com\/pl\/product\/fs-40a-fiiling-machine\/","title":{"rendered":"FS-40A W pe\u0142ni automatyczna maszyna do nape\u0142niania ga\u015bnic proszkowych Linia do nape\u0142niania ga\u015bnic"},"content":{"rendered":"<p><strong>Czterostatniowa linia nape\u0142niania przeno\u015bnych ga\u015bnic proszkowych<\/strong><\/p>\n<p><img fetchpriority=\"high\" decoding=\"async\" class=\"size-full wp-image-4228\" src=\"http:\/\/firesafer.com\/wp-content\/uploads\/2022\/06\/Four-Stations-Work-Flow.jpg\" alt=\"przep\u0142yw pracy czterech stacji\" width=\"1724\" height=\"1129\" srcset=\"https:\/\/firesafer.com\/wp-content\/uploads\/2022\/06\/Four-Stations-Work-Flow.jpg 1024w, https:\/\/firesafer.com\/wp-content\/uploads\/2022\/06\/Four-Stations-Work-Flow-300x196.jpg 300w, https:\/\/firesafer.com\/wp-content\/uploads\/2022\/06\/Four-Stations-Work-Flow-768x503.jpg 768w, https:\/\/firesafer.com\/wp-content\/uploads\/2022\/06\/Four-Stations-Work-Flow-1536x1006.jpg 1536w, https:\/\/firesafer.com\/wp-content\/uploads\/2022\/06\/Four-Stations-Work-Flow-600x393.jpg 600w\" sizes=\"(max-width: 1724px) 100vw, 1724px\" \/><\/p>\n<p>&nbsp;<\/p>","protected":false},"excerpt":{"rendered":"<p><strong>Zdolno\u015b\u0107 produkcyjna<\/strong>: : 500 sztuk \/ godzin\u0119<\/p>\n<p><strong>Zakres nape\u0142niania<\/strong>: 3-8 kg<\/p>\n<ul>\n<li>Wysoki stopie\u0144 automatyzacji<\/li>\n<li>Bardzo wydajny<\/li>\n<li>Specjalnie zaprojektowany gumowy pier\u015bcie\u0144 zapobiegaj\u0105cy wydostawaniu si\u0119 drobnego py\u0142u<\/li>\n<li>Przezroczysty w\u0142az obserwacyjny blokuj\u0105cy kurz<\/li>\n<li>Lepsza odporno\u015b\u0107 na korozj\u0119 proszkow\u0105<\/li>\n<li>Automatyczne wkr\u0119canie zaworu<\/li>\n<li>Du\u017ce wype\u0142nienie proszkowe przej\u015bciowe<\/li>\n<\/ul>","protected":false},"featured_media":4227,"template":"","meta":{"_acf_changed":false,"_seopress_robots_primary_cat":"none","_seopress_titles_title":"","_seopress_titles_desc":"","_seopress_robots_index":""},"product_brand":[],"product_cat":[48],"product_tag":[],"class_list":{"0":"post-4222","1":"product","2":"type-product","3":"status-publish","4":"has-post-thumbnail","6":"product_cat-dry-powder-filling-machine","8":"first","9":"instock","10":"shipping-taxable","11":"product-type-simple"},"acf":[],"_links":{"self":[{"href":"https:\/\/firesafer.com\/pl\/wp-json\/wp\/v2\/product\/4222","targetHints":{"allow":["GET"]}}],"collection":[{"href":"https:\/\/firesafer.com\/pl\/wp-json\/wp\/v2\/product"}],"about":[{"href":"https:\/\/firesafer.com\/pl\/wp-json\/wp\/v2\/types\/product"}],"wp:featuredmedia":[{"embeddable":true,"href":"https:\/\/firesafer.com\/pl\/wp-json\/wp\/v2\/media\/4227"}],"wp:attachment":[{"href":"https:\/\/firesafer.com\/pl\/wp-json\/wp\/v2\/media?parent=4222"}],"wp:term":[{"taxonomy":"product_brand","embeddable":true,"href":"https:\/\/firesafer.com\/pl\/wp-json\/wp\/v2\/product_brand?post=4222"},{"taxonomy":"product_cat","embeddable":true,"href":"https:\/\/firesafer.com\/pl\/wp-json\/wp\/v2\/product_cat?post=4222"},{"taxonomy":"product_tag","embeddable":true,"href":"https:\/\/firesafer.com\/pl\/wp-json\/wp\/v2\/product_tag?post=4222"}],"curies":[{"name":"wp","href":"https:\/\/api.w.org\/{rel}","templated":true}]}}