{"id":196,"date":"2021-11-04T20:14:45","date_gmt":"2021-11-05T04:14:45","guid":{"rendered":"https:\/\/firesafer.com\/?post_type=product&#038;p=196"},"modified":"2023-04-06T05:59:46","modified_gmt":"2023-04-06T13:59:46","slug":"co2-dolum-makinasi","status":"publish","type":"product","link":"https:\/\/firesafer.com\/tr\/product\/co2-refilling-machine\/","title":{"rendered":"GMT-C CO2 Yang\u0131n S\u00f6nd\u00fcrme Dolum Makinas\u0131"},"content":{"rendered":"<p>\u00d6zellikler ve avantajlar:<\/p>\n<ul>\n<li>Is\u0131tma ve so\u011futma gerekmez<\/li>\n<li>Doldurma s\u0131ras\u0131nda ortam s\u0131cakl\u0131\u011f\u0131ndan ba\u011f\u0131ms\u0131z<\/li>\n<li>Piston segman\u0131n\u0131n \u00f6nemli par\u00e7alar\u0131, a\u015f\u0131nma direnci, y\u00fcksek bas\u0131n\u00e7 direnci, y\u00fcksek s\u0131cakl\u0131k direnci vb. avantajlara sahip, y\u00fcksek s\u0131cakl\u0131kta sinterlenmi\u015f a\u015f\u0131nmaya dayan\u0131kl\u0131 malzemelerden yap\u0131lm\u0131\u015ft\u0131r.<\/li>\n<li>Y\u00fcksek bas\u0131n\u00e7l\u0131 gaz dolum pompalar\u0131 i\u00e7in giri\u015f ve \u00e7\u0131k\u0131\u015f valfleri son teknoloji ile \u00fcretilmektedir.<\/li>\n<li>1,5kw y\u00fcksek g\u00fc\u00e7l\u00fc marka motorlu, tamam\u0131 paslanmaz \u00e7elik silindir ve tamam\u0131 al\u00fcminyum karter<\/li>\n<\/ul>\n<p>&nbsp;<\/p>\n<p>\u00dc\u00e7\u00fcnc\u00fc nesil CO2 dolum makinesi dolum yaparken \u0131s\u0131tma veya so\u011futmaya ihtiya\u00e7 duymaz ve ortam s\u0131cakl\u0131\u011f\u0131ndan etkilenmez (-25C ile +40C aras\u0131 normal dolum yap\u0131labilir), dolum s\u0131ras\u0131nda \u00f6nce b\u00fcy\u00fck silindir i\u00e7indeki CO2 d\u0131\u015far\u0131 pompalan\u0131r. Dolum makinas\u0131nda CO2 profesyonel pres ile bas\u0131n\u00e7land\u0131r\u0131larak h\u0131zl\u0131 bir \u015fekilde k\u00fc\u00e7\u00fck silindire doldurulur. 1 \u015fi\u015fe 3kg CO2&#039;yi doldurmak sadece 1 dakika, CO2&#039;yi yeniden doldurmak ise 5-10 saniye s\u00fcr\u00fcyor ve elektrik maliyeti 3-5 sent. 1,2,3,5,7,9KG ta\u015f\u0131nabilir C2 yang\u0131n s\u00f6nd\u00fcr\u00fcc\u00fcy\u00fc ve 25kg, 45kg, 100kg araba tipi CO2 yang\u0131n s\u00f6nd\u00fcr\u00fcc\u00fcy\u00fc doldurabilir ve ayr\u0131ca CO2&#039;yi k\u00fc\u00e7\u00fck silindirden b\u00fcy\u00fck silindire veya di\u011fer silindirlere geri pompalayabilen C02&#039;yi geri pompalayabilir. k\u00fc\u00e7\u00fck silindirler. Kolay dolum, h\u0131zl\u0131, g\u00fc\u00e7 tasarrufu, gaz tasarrufu, kolay bak\u0131m vb. avantajlara sahiptir. Yang\u0131n s\u00f6nd\u00fcr\u00fcc\u00fc \u00fcretimi ve yang\u0131n s\u00f6nd\u00fcr\u00fcc\u00fc bak\u0131m fabrikas\u0131 ile ilgili dolum ekipmanlar\u0131d\u0131r.<\/p>\n<p>&nbsp;<\/p>\n<ol>\n<li><span data-spm-anchor-id=\"a2700.details.0.i51.2463729d5lqq1N\">Hayat kurtaran \u00fcr\u00fcnler \u00fcretme konusunda profesyoneliz<\/span><\/li>\n<li data-spm-anchor-id=\"a2700.details.0.i50.2463729d5lqq1N\">OEM mevcuttur ve logonuzu yazd\u0131r\u0131n<\/li>\n<li>10 y\u0131ldan fazla m\u00fc\u015fteri hizmetleri grubumuz var ve sevkiyata a\u015finay\u0131z<\/li>\n<li>Bu, sevkiyat\u0131n erken ve sorunsuz olmas\u0131n\u0131 sa\u011flayacak ve m\u00fc\u015fteri maliyetini azaltacakt\u0131r.<\/li>\n<li data-spm-anchor-id=\"a2700.details.0.i49.2463729d5lqq1N\">M\u00fc\u015fteri hizmetleri ilktir ve 24 saat i\u00e7inde yan\u0131t verilecektir.<\/li>\n<\/ol>","protected":false},"excerpt":{"rendered":"<p data-spm-anchor-id=\"a2700.details.0.i29.2463729d5lqq1N\"><span data-spm-anchor-id=\"a2700.details.0.i28.2463729d5lqq1N\">GMT-C CO2 Dolum Makinas\u0131 k\u00fc\u00e7\u00fck tip ve portatif bir dolum makinas\u0131d\u0131r. Hem sifonlu \u015fi\u015fe hem de <\/span>orta bas\u0131n\u00e7 tank\u0131 CO2 dolumu ile kullan\u0131labilir.<\/p>\n<p><span data-spm-anchor-id=\"a2700.details.0.i34.2463729d5lqq1N\">Dolum yaparken dolum a\u011f\u0131rl\u0131\u011f\u0131na esas olarak elektronik terazi kullan\u0131lmal\u0131d\u0131r.<\/span><\/p>\n<p data-spm-anchor-id=\"a2700.details.0.i47.2463729d5lqq1N\">","protected":false},"featured_media":1867,"template":"","meta":{"_acf_changed":false,"_seopress_robots_primary_cat":"none","_seopress_titles_title":"","_seopress_titles_desc":"","_seopress_robots_index":""},"product_brand":[],"product_cat":[50],"product_tag":[],"class_list":{"0":"post-196","1":"product","2":"type-product","3":"status-publish","4":"has-post-thumbnail","6":"product_cat-co2-refilling-machine","8":"first","9":"instock","10":"shipping-taxable","11":"product-type-simple"},"acf":[],"_links":{"self":[{"href":"https:\/\/firesafer.com\/tr\/wp-json\/wp\/v2\/product\/196","targetHints":{"allow":["GET"]}}],"collection":[{"href":"https:\/\/firesafer.com\/tr\/wp-json\/wp\/v2\/product"}],"about":[{"href":"https:\/\/firesafer.com\/tr\/wp-json\/wp\/v2\/types\/product"}],"wp:featuredmedia":[{"embeddable":true,"href":"https:\/\/firesafer.com\/tr\/wp-json\/wp\/v2\/media\/1867"}],"wp:attachment":[{"href":"https:\/\/firesafer.com\/tr\/wp-json\/wp\/v2\/media?parent=196"}],"wp:term":[{"taxonomy":"product_brand","embeddable":true,"href":"https:\/\/firesafer.com\/tr\/wp-json\/wp\/v2\/product_brand?post=196"},{"taxonomy":"product_cat","embeddable":true,"href":"https:\/\/firesafer.com\/tr\/wp-json\/wp\/v2\/product_cat?post=196"},{"taxonomy":"product_tag","embeddable":true,"href":"https:\/\/firesafer.com\/tr\/wp-json\/wp\/v2\/product_tag?post=196"}],"curies":[{"name":"wp","href":"https:\/\/api.w.org\/{rel}","templated":true}]}}