{"id":3470,"date":"2022-03-30T07:16:27","date_gmt":"2022-03-30T15:16:27","guid":{"rendered":"https:\/\/firesafer.com\/?post_type=product&#038;p=3470"},"modified":"2024-07-10T07:13:19","modified_gmt":"2024-07-10T15:13:19","slug":"fs-10a-tek-istasyonlu-yangin-sondurucu-dolum-makinasi","status":"publish","type":"product","link":"https:\/\/firesafer.com\/tr\/product\/fs-10a-single-station-fire-extinguisher-filling-machine\/","title":{"rendered":"FS-10A Tek \u0130stasyonlu Yang\u0131n S\u00f6nd\u00fcrme Dolum Makinesi"},"content":{"rendered":"<p><strong>Ana teknik parametreler.<\/strong><\/p>\n<p>1. PLC: Tayvan Yonghong<br \/>\n2. \u00e7al\u0131\u015fma ortam\u0131 s\u0131cakl\u0131\u011f\u0131 -10 derece \u2013 +40 derece, \u00e7al\u0131\u015fma voltaj\u0131 AC380V \u00fc\u00e7 fazl\u0131<br \/>\n3. malzeme valf silindiri: y\u0131ld\u0131z<br \/>\n4. Dokunmatik ekran: Velon<br \/>\n5. kau\u00e7uk halka: i\u00e7 \u00e7ap \u03c628*4 (vakum valfi i\u00e7in); i\u00e7 \u00e7ap \u03c65*1,5 (vakum bo\u015faltma valfi i\u00e7in)<br \/>\n6. Ekipman boyutu.<br \/>\nTek istasyonlu kuru toz dolum makinas\u0131 (U*G*Y): 980*660*1100 (toz haznesinin boyutunu saymadan \u00f6nce) (yaln\u0131zca referans ama\u00e7l\u0131)<\/p>\n<p>&nbsp;<\/p>\n<h2>\u0130\u015f ak\u0131\u015f\u0131:<\/h2>\n<p>Vakum pompas\u0131n\u0131 \u00e7al\u0131\u015ft\u0131r\u0131n ve vakum g\u00f6stergesini g\u00f6zlemleyin; vakum -0,085&#039;in \u00fczerinde oldu\u011funda ana makine normal \u015fekilde \u00e7al\u0131\u015fabilir.<br \/>\nDoldurma haz\u0131rl\u0131\u011f\u0131: Dolumun alt limiti, orta dolum limiti ve dolum \u00fcst limiti gibi dolum parametrelerini ayarlamak i\u00e7in dokunmatik ekrana t\u0131klay\u0131n ve \u201cparametre ekran\u0131na\u201d girin. Parametreleri ayarlamak i\u00e7in ilgili parametre konumuna t\u0131klay\u0131n, ENTER&#039;a t\u0131klay\u0131n ve ekipman\u0131 bitirdikten sonra ana sayfaya d\u00f6n\u00fcn.<\/p>\n<p>&nbsp;<\/p>\n<p><strong>Dolum parametreleri tablosu (belirli parametreler ger\u00e7ek kuru toz seyrek yo\u011funlu\u011funa g\u00f6re ayarlan\u0131r)<\/strong><\/p>\n<p>&nbsp;<\/p>\n<table>\n<tbody>\n<tr>\n<td width=\"130\"><strong>\u3000<\/strong><\/td>\n<td width=\"238\">Alt s\u0131n\u0131r de\u011feri<\/td>\n<td width=\"210\">Orta s\u0131n\u0131r de\u011feri<\/td>\n<td width=\"217\">\u00dcst s\u0131n\u0131r de\u011feri<\/td>\n<\/tr>\n<tr>\n<td width=\"130\"><strong>0.5kg<\/strong><\/td>\n<td width=\"238\">0.3<\/td>\n<td width=\"210\">0.5<\/td>\n<td width=\"217\">0.51<\/td>\n<\/tr>\n<tr>\n<td width=\"130\"><strong>1 KG<\/strong><\/td>\n<td width=\"238\">0.3-0.7<\/td>\n<td width=\"210\">0.7-0.95<\/td>\n<td width=\"217\">1.05<\/td>\n<\/tr>\n<tr>\n<td width=\"130\"><strong>2kg<\/strong><\/td>\n<td width=\"238\">1-1.3<\/td>\n<td width=\"210\">1.6-1.95<\/td>\n<td width=\"217\">2.05<\/td>\n<\/tr>\n<tr>\n<td width=\"130\"><strong>3kg<\/strong><\/td>\n<td width=\"238\">2-2.3<\/td>\n<td width=\"210\">2.6-2.95<\/td>\n<td width=\"217\">3.09<\/td>\n<\/tr>\n<tr>\n<td width=\"130\"><strong>4kg<\/strong><\/td>\n<td width=\"238\">3-3.3<\/td>\n<td width=\"210\">3.6-3.95<\/td>\n<td width=\"217\">4.08<\/td>\n<\/tr>\n<tr>\n<td width=\"130\"><strong>6kg<\/strong><\/td>\n<td width=\"238\">4.5-5.5<\/td>\n<td width=\"210\">5.7-5.95<\/td>\n<td width=\"217\">6.1<\/td>\n<\/tr>\n<tr>\n<td width=\"130\"><strong>8kg<\/strong><\/td>\n<td width=\"238\">6.5-7.5<\/td>\n<td width=\"210\">7.7-7.95<\/td>\n<td width=\"217\">8.1<\/td>\n<\/tr>\n<\/tbody>\n<\/table>\n<p>&nbsp;<\/p>\n<p>Not: \u00d6n vakum s\u00fcresi (3 veya 4kg doldurulurken) 2-3S, (5 veya 8kg doldurulurken) 5-6S olarak ayarlanabilir.<\/p>\n<p>&nbsp;<\/p>\n<h2>Doldurma i\u015flemi s\u00fcreci:<\/h2>\n<p>Bo\u015f \u015fi\u015feyi platforma koyun ve doldurma portunu hizalay\u0131n, el bo\u015f \u015fi\u015feyi terk ettikten sonra ekipman otomatik olarak ba\u015flayacakt\u0131r (doldurma ba\u015flat d\u00fc\u011fmesine bas\u0131n), ev sahibi otomatik olarak temizlemeyi geciktirecek, \u00f6n vakum yapacak, a\u00e7acak malzeme valfi, dolum a\u011f\u0131rl\u0131\u011f\u0131 ayarlanan de\u011fere ula\u015ft\u0131\u011f\u0131nda malzeme valfini otomatik olarak kapat\u0131r, boru hatt\u0131n\u0131 temizler ve \u00fcr\u00fcn hakk\u0131nda nitelikli bir karar verir.<br \/>\nKuru tozu de\u011fi\u015ftirirken veya kuru toz s\u00fcper ince oldu\u011funda, en iyi doldurma efektini elde etmek i\u00e7in vakumlama s\u00fcresini dokunmatik ekrandan ayarlayabilirsiniz.<br \/>\nHer g\u00fcn\u00fcn sonunda vakum pompas\u0131n\u0131 durdurun ve dokunmatik ekrandaki \u201chata ay\u0131klama ekran\u0131\u201dna t\u0131klay\u0131n ve a\u00e7mak i\u00e7in \u201ctemizleme\u201dye t\u0131klay\u0131n, sistem toz toplay\u0131c\u0131 otomatik temizleme program\u0131na girecektir. Filtreyi ayda bir kez temizleyin (filtre kartu\u015funu \u00e7\u0131kar\u0131n ve kurulumdan sonra s\u0131z\u0131nt\u0131 yapmamas\u0131 i\u00e7in kuru hava \u00fcfleyin).<\/p>","protected":false},"excerpt":{"rendered":"<p><strong>\u00dcretim kapasitesi<\/strong>: 150 adet\/saat<\/p>\n<p><strong>Dolum Aral\u0131\u011f\u0131<\/strong>: 1-30kg<\/p>\n<ul>\n<li>S\u00fcrekli ve otomatik olarak<\/li>\n<li>\u00c7evreye iyi<\/li>\n<li>Y\u00fcksek do\u011frulukta doldurma<\/li>\n<li>Uzun kullan\u0131m s\u00fcresi<\/li>\n<\/ul>\n<p><strong>Dolum Precosion<\/strong> : 1KG\u22640,02<\/p>","protected":false},"featured_media":3693,"template":"","meta":{"_acf_changed":false,"_seopress_robots_primary_cat":"none","_seopress_titles_title":"","_seopress_titles_desc":"","_seopress_robots_index":""},"product_brand":[],"product_cat":[48],"product_tag":[],"class_list":{"0":"post-3470","1":"product","2":"type-product","3":"status-publish","4":"has-post-thumbnail","6":"product_cat-dry-powder-filling-machine","8":"first","9":"instock","10":"shipping-taxable","11":"product-type-simple"},"acf":[],"_links":{"self":[{"href":"https:\/\/firesafer.com\/tr\/wp-json\/wp\/v2\/product\/3470","targetHints":{"allow":["GET"]}}],"collection":[{"href":"https:\/\/firesafer.com\/tr\/wp-json\/wp\/v2\/product"}],"about":[{"href":"https:\/\/firesafer.com\/tr\/wp-json\/wp\/v2\/types\/product"}],"wp:featuredmedia":[{"embeddable":true,"href":"https:\/\/firesafer.com\/tr\/wp-json\/wp\/v2\/media\/3693"}],"wp:attachment":[{"href":"https:\/\/firesafer.com\/tr\/wp-json\/wp\/v2\/media?parent=3470"}],"wp:term":[{"taxonomy":"product_brand","embeddable":true,"href":"https:\/\/firesafer.com\/tr\/wp-json\/wp\/v2\/product_brand?post=3470"},{"taxonomy":"product_cat","embeddable":true,"href":"https:\/\/firesafer.com\/tr\/wp-json\/wp\/v2\/product_cat?post=3470"},{"taxonomy":"product_tag","embeddable":true,"href":"https:\/\/firesafer.com\/tr\/wp-json\/wp\/v2\/product_tag?post=3470"}],"curies":[{"name":"wp","href":"https:\/\/api.w.org\/{rel}","templated":true}]}}