{"id":3626,"date":"2022-05-13T05:07:31","date_gmt":"2022-05-13T13:07:31","guid":{"rendered":"https:\/\/firesafer.com\/?post_type=product&#038;p=3626"},"modified":"2024-07-10T06:48:33","modified_gmt":"2024-07-10T14:48:33","slug":"fs-20a-sondurucu-dolum-makinasi","status":"publish","type":"product","link":"https:\/\/firesafer.com\/tr\/product\/fs-20a-extinguisher-filling-machine\/","title":{"rendered":"FS-20A ABC Y\u00fcksek H\u0131zl\u0131 Kuru Tozlu S\u00f6nd\u00fcrme Dolum Makinesi"},"content":{"rendered":"<p><strong>\u0130ki konumlu basit tip ta\u015f\u0131nabilir yang\u0131n s\u00f6nd\u00fcr\u00fcc\u00fc kuru toz dolum hatt\u0131<\/strong><\/p>\n<p>&nbsp;<\/p>\n<p><img fetchpriority=\"high\" decoding=\"async\" class=\"wp-image-3854 size-large\" src=\"http:\/\/firesafer.com\/wp-content\/uploads\/2022\/05\/double-station-powder-filling-machine-1024x667.jpg\" alt=\"\u00e7ift istasyonlu toz dolum makinas\u0131\" width=\"800\" height=\"521\" srcset=\"https:\/\/firesafer.com\/wp-content\/uploads\/2022\/05\/double-station-powder-filling-machine.jpg 1024w, https:\/\/firesafer.com\/wp-content\/uploads\/2022\/05\/double-station-powder-filling-machine-300x196.jpg 300w, https:\/\/firesafer.com\/wp-content\/uploads\/2022\/05\/double-station-powder-filling-machine-768x500.jpg 768w, https:\/\/firesafer.com\/wp-content\/uploads\/2022\/05\/double-station-powder-filling-machine-600x391.jpg 600w\" sizes=\"(max-width: 800px) 100vw, 800px\" \/><\/p>\n<p><strong>Avantajlar\u0131<\/strong>:<\/p>\n<p>Ekipman\u0131n tamam\u0131 \u00fc\u00e7 kuru toz \u00f6nleme sistemine b\u00f6l\u00fcnm\u00fc\u015ft\u00fcr<\/p>\n<p>\u0130lk a\u015fama: pn\u00f6matik pin\u00e7 vanas\u0131<\/p>\n<p>\u0130kinci a\u015fama: T k\u00fcresel vana ve SDA tipi ince silindir<\/p>\n<p>\u00dc\u00e7\u00fcnc\u00fc a\u015fama: kuru toz \u00f6nleme sistemi, dolum makinesinin \u015fi\u015fe a\u011fz\u0131ndan kalan t\u00fcm tozu ve dolum kafas\u0131nda y\u00fczen tozu ekipman\u0131n d\u0131\u015f\u0131ndaki geri kazan\u0131m tank\u0131na geri \u00e7ekerek malzeme israf\u0131n\u0131 azalt\u0131r ve b\u00fcy\u00fck toz kirlili\u011fi olgusunu \u00e7\u00f6zer.<\/p>","protected":false},"excerpt":{"rendered":"<p><strong>\u00dcretim kapasitesi<\/strong>: 350 adet\/saat<\/p>\n<p><strong>Dolum Aral\u0131\u011f\u0131<\/strong>: 1-12kg<\/p>\n<ul>\n<li>Y\u00fcksek otomasyon derecesi<\/li>\n<li>Ge\u00e7erli \u00f6zellikler<\/li>\n<li>Y\u00fcksek \u00fcretim verimlili\u011fi<\/li>\n<\/ul>","protected":false},"featured_media":3766,"template":"","meta":{"_acf_changed":false,"_seopress_robots_primary_cat":"none","_seopress_titles_title":"","_seopress_titles_desc":"","_seopress_robots_index":""},"product_brand":[],"product_cat":[48],"product_tag":[],"class_list":{"0":"post-3626","1":"product","2":"type-product","3":"status-publish","4":"has-post-thumbnail","6":"product_cat-dry-powder-filling-machine","8":"first","9":"instock","10":"shipping-taxable","11":"product-type-simple"},"acf":[],"_links":{"self":[{"href":"https:\/\/firesafer.com\/tr\/wp-json\/wp\/v2\/product\/3626","targetHints":{"allow":["GET"]}}],"collection":[{"href":"https:\/\/firesafer.com\/tr\/wp-json\/wp\/v2\/product"}],"about":[{"href":"https:\/\/firesafer.com\/tr\/wp-json\/wp\/v2\/types\/product"}],"wp:featuredmedia":[{"embeddable":true,"href":"https:\/\/firesafer.com\/tr\/wp-json\/wp\/v2\/media\/3766"}],"wp:attachment":[{"href":"https:\/\/firesafer.com\/tr\/wp-json\/wp\/v2\/media?parent=3626"}],"wp:term":[{"taxonomy":"product_brand","embeddable":true,"href":"https:\/\/firesafer.com\/tr\/wp-json\/wp\/v2\/product_brand?post=3626"},{"taxonomy":"product_cat","embeddable":true,"href":"https:\/\/firesafer.com\/tr\/wp-json\/wp\/v2\/product_cat?post=3626"},{"taxonomy":"product_tag","embeddable":true,"href":"https:\/\/firesafer.com\/tr\/wp-json\/wp\/v2\/product_tag?post=3626"}],"curies":[{"name":"wp","href":"https:\/\/api.w.org\/{rel}","templated":true}]}}