{"id":4209,"date":"2022-06-16T00:54:53","date_gmt":"2022-06-16T08:54:53","guid":{"rendered":"https:\/\/firesafer.com\/?post_type=product&#038;p=4209"},"modified":"2024-07-10T06:47:55","modified_gmt":"2024-07-10T14:47:55","slug":"fs-30a-kuru-toz-dolum-makinasi","status":"publish","type":"product","link":"https:\/\/firesafer.com\/tr\/product\/fs-30a-dry-powder-filling-machine\/","title":{"rendered":"FS-30A S\u00f6nd\u00fcr\u00fcc\u00fc \u00dcretimi \u0130\u00e7in Kuru Toz S\u00f6nd\u00fcr\u00fcc\u00fc Dolum Makinesi"},"content":{"rendered":"<p><strong>\u00dc\u00e7 istasyonlu basit tip ta\u015f\u0131nabilir yang\u0131n s\u00f6nd\u00fcr\u00fcc\u00fc kuru toz dolum hatt\u0131<\/strong><\/p>\n<p>&nbsp;<\/p>\n<p><img fetchpriority=\"high\" decoding=\"async\" class=\"wp-image-4217 size-full\" src=\"http:\/\/firesafer.com\/wp-content\/uploads\/2022\/06\/Three-stations-workflow-1.jpg\" alt=\"\u00fc\u00e7 istasyonlu i\u015f ak\u0131\u015f\u0131\" width=\"1331\" height=\"702\" srcset=\"https:\/\/firesafer.com\/wp-content\/uploads\/2022\/06\/Three-stations-workflow-1.jpg 1024w, https:\/\/firesafer.com\/wp-content\/uploads\/2022\/06\/Three-stations-workflow-1-300x158.jpg 300w, https:\/\/firesafer.com\/wp-content\/uploads\/2022\/06\/Three-stations-workflow-1-768x405.jpg 768w, https:\/\/firesafer.com\/wp-content\/uploads\/2022\/06\/Three-stations-workflow-1-600x316.jpg 600w\" sizes=\"(max-width: 1331px) 100vw, 1331px\" \/><\/p>\n<table style=\"height: 391px;\" width=\"1059\">\n<tbody>\n<tr>\n<td width=\"151\"><strong>Ana \u00fcr\u00fcn<\/strong><\/td>\n<td width=\"116\"><strong>Yeterlik<\/strong><\/p>\n<p><strong>(Adet\/saat)<\/strong><\/td>\n<td width=\"74\"><strong>G\u00fc\u00e7<\/strong><\/p>\n<p><strong>(kw)<\/strong><\/td>\n<td width=\"166\"><strong>Boyut<\/strong><\/p>\n<p><strong>U*G*G(mm)<\/strong><\/td>\n<td width=\"236\"><strong>Notlar<\/strong><\/td>\n<\/tr>\n<tr>\n<td width=\"151\">\u00dc\u00e7 \u0130stasyonlu Dolum Makinas\u0131<\/td>\n<td width=\"116\">400<\/td>\n<td width=\"74\">4<\/td>\n<td width=\"166\">1300*1300*2000<\/td>\n<td width=\"236\">4 kg\/adet i\u00e7in;<\/td>\n<\/tr>\n<tr>\n<td width=\"151\">ya\u011f uygulama makinesi<\/td>\n<td width=\"116\">500<\/td>\n<td width=\"74\">0.45<\/td>\n<td width=\"166\">850*620*2692<\/td>\n<td width=\"236\">Kolay saman yerle\u015ftirme ve ya\u011flama<\/td>\n<\/tr>\n<tr>\n<td width=\"151\">\u00d6n vidal\u0131 valf makinesi<\/td>\n<td width=\"116\">500<\/td>\n<td width=\"74\">0.45<\/td>\n<td width=\"166\">620*780*900<\/td>\n<td width=\"236\">Valflerin manuel olarak \u00f6n vidalanmas\u0131n\u0131n verimlili\u011fini art\u0131r\u0131n<\/td>\n<\/tr>\n<tr>\n<td width=\"151\">Valf s\u0131kma makinesi<\/td>\n<td width=\"116\">500<\/td>\n<td width=\"74\">3.5<\/td>\n<td width=\"166\">900**90*1200<\/td>\n<td width=\"236\">Ayarlanabilir torkla tork kontrol\u00fc<\/td>\n<\/tr>\n<tr>\n<td width=\"151\">konvey\u00f6r hatt\u0131<\/td>\n<td width=\"116\">500<\/td>\n<td width=\"74\">3<\/td>\n<td width=\"166\">4000*300*800-2 sat\u0131r<\/td>\n<td width=\"236\">Paslanmaz \u00e7elik zincir plakas\u0131 kuru toz korozyonuna etkili bir \u015fekilde diren\u00e7 g\u00f6sterir<\/td>\n<\/tr>\n<\/tbody>\n<\/table>","protected":false},"excerpt":{"rendered":"<p><strong>\u00dcretim kapasitesi<\/strong>: 400 adet\/saat<\/p>\n<p><strong>Dolum Aral\u0131\u011f\u0131<\/strong>: 1-12kg<\/p>\n<ul>\n<li>Y\u00fcksek otomasyon derecesi<\/li>\n<li>Ge\u00e7erli \u00f6zellikler<\/li>\n<li>Mutlak verimlilik<\/li>\n<li><strong>Y\u00fcksek maliyet performans\u0131<\/strong><\/li>\n<li>Tozsuz kirlilik<\/li>\n<li>Ekran Kontrol\u00fc<\/li>\n<\/ul>","protected":false},"featured_media":4212,"template":"","meta":{"_acf_changed":false,"_seopress_robots_primary_cat":"none","_seopress_titles_title":"","_seopress_titles_desc":"","_seopress_robots_index":""},"product_brand":[],"product_cat":[48],"product_tag":[],"class_list":{"0":"post-4209","1":"product","2":"type-product","3":"status-publish","4":"has-post-thumbnail","6":"product_cat-dry-powder-filling-machine","8":"first","9":"instock","10":"shipping-taxable","11":"product-type-simple"},"acf":[],"_links":{"self":[{"href":"https:\/\/firesafer.com\/tr\/wp-json\/wp\/v2\/product\/4209","targetHints":{"allow":["GET"]}}],"collection":[{"href":"https:\/\/firesafer.com\/tr\/wp-json\/wp\/v2\/product"}],"about":[{"href":"https:\/\/firesafer.com\/tr\/wp-json\/wp\/v2\/types\/product"}],"wp:featuredmedia":[{"embeddable":true,"href":"https:\/\/firesafer.com\/tr\/wp-json\/wp\/v2\/media\/4212"}],"wp:attachment":[{"href":"https:\/\/firesafer.com\/tr\/wp-json\/wp\/v2\/media?parent=4209"}],"wp:term":[{"taxonomy":"product_brand","embeddable":true,"href":"https:\/\/firesafer.com\/tr\/wp-json\/wp\/v2\/product_brand?post=4209"},{"taxonomy":"product_cat","embeddable":true,"href":"https:\/\/firesafer.com\/tr\/wp-json\/wp\/v2\/product_cat?post=4209"},{"taxonomy":"product_tag","embeddable":true,"href":"https:\/\/firesafer.com\/tr\/wp-json\/wp\/v2\/product_tag?post=4209"}],"curies":[{"name":"wp","href":"https:\/\/api.w.org\/{rel}","templated":true}]}}