{"id":4222,"date":"2022-06-16T02:09:52","date_gmt":"2022-06-16T10:09:52","guid":{"rendered":"https:\/\/firesafer.com\/?post_type=product&#038;p=4222"},"modified":"2024-07-10T06:46:36","modified_gmt":"2024-07-10T14:46:36","slug":"fs-40a-dolum-makinasi","status":"publish","type":"product","link":"https:\/\/firesafer.com\/tr\/product\/fs-40a-fiiling-machine\/","title":{"rendered":"FS-40A Tam Otomatik Kuru Tozlu S\u00f6nd\u00fcr\u00fcc\u00fc Dolum Makinesi S\u00f6nd\u00fcr\u00fcc\u00fc Dolum Hatt\u0131"},"content":{"rendered":"<p><strong>D\u00f6rt istasyonlu ta\u015f\u0131nabilir kuru tozlu yang\u0131n s\u00f6nd\u00fcr\u00fcc\u00fc dolum hatt\u0131<\/strong><\/p>\n<p><img fetchpriority=\"high\" decoding=\"async\" class=\"size-full wp-image-4228\" src=\"http:\/\/firesafer.com\/wp-content\/uploads\/2022\/06\/Four-Stations-Work-Flow.jpg\" alt=\"d\u00f6rt istasyonlu i\u015f ak\u0131\u015f\u0131\" width=\"1724\" height=\"1129\" srcset=\"https:\/\/firesafer.com\/wp-content\/uploads\/2022\/06\/Four-Stations-Work-Flow.jpg 1024w, https:\/\/firesafer.com\/wp-content\/uploads\/2022\/06\/Four-Stations-Work-Flow-300x196.jpg 300w, https:\/\/firesafer.com\/wp-content\/uploads\/2022\/06\/Four-Stations-Work-Flow-768x503.jpg 768w, https:\/\/firesafer.com\/wp-content\/uploads\/2022\/06\/Four-Stations-Work-Flow-1536x1006.jpg 1536w, https:\/\/firesafer.com\/wp-content\/uploads\/2022\/06\/Four-Stations-Work-Flow-600x393.jpg 600w\" sizes=\"(max-width: 1724px) 100vw, 1724px\" \/><\/p>\n<p>&nbsp;<\/p>","protected":false},"excerpt":{"rendered":"<p><strong>\u00dcretim kapasitesi<\/strong>: 500 adet\/saat<\/p>\n<p><strong>Dolum Aral\u0131\u011f\u0131<\/strong>: 3-8kg<\/p>\n<ul>\n<li>Y\u00fcksek otomasyon derecesi<\/li>\n<li>Son derece verimli<\/li>\n<li>Dakika tozunun s\u0131zmas\u0131n\u0131 \u00f6nlemek i\u00e7in \u00f6zelle\u015ftirilmi\u015f kau\u00e7uk halka<\/li>\n<li>Tozu engellemek i\u00e7in \u015feffaf g\u00f6zlem kapa\u011f\u0131<\/li>\n<li>Kuru toz korozyonuna kar\u015f\u0131 daha iyi diren\u00e7<\/li>\n<li>Otomatik valf vidalama<\/li>\n<li>B\u00fcy\u00fck ge\u00e7i\u015fli toz dolumu<\/li>\n<\/ul>","protected":false},"featured_media":4227,"template":"","meta":{"_acf_changed":false,"_seopress_robots_primary_cat":"none","_seopress_titles_title":"","_seopress_titles_desc":"","_seopress_robots_index":""},"product_brand":[],"product_cat":[48],"product_tag":[],"class_list":{"0":"post-4222","1":"product","2":"type-product","3":"status-publish","4":"has-post-thumbnail","6":"product_cat-dry-powder-filling-machine","8":"first","9":"instock","10":"shipping-taxable","11":"product-type-simple"},"acf":[],"_links":{"self":[{"href":"https:\/\/firesafer.com\/tr\/wp-json\/wp\/v2\/product\/4222","targetHints":{"allow":["GET"]}}],"collection":[{"href":"https:\/\/firesafer.com\/tr\/wp-json\/wp\/v2\/product"}],"about":[{"href":"https:\/\/firesafer.com\/tr\/wp-json\/wp\/v2\/types\/product"}],"wp:featuredmedia":[{"embeddable":true,"href":"https:\/\/firesafer.com\/tr\/wp-json\/wp\/v2\/media\/4227"}],"wp:attachment":[{"href":"https:\/\/firesafer.com\/tr\/wp-json\/wp\/v2\/media?parent=4222"}],"wp:term":[{"taxonomy":"product_brand","embeddable":true,"href":"https:\/\/firesafer.com\/tr\/wp-json\/wp\/v2\/product_brand?post=4222"},{"taxonomy":"product_cat","embeddable":true,"href":"https:\/\/firesafer.com\/tr\/wp-json\/wp\/v2\/product_cat?post=4222"},{"taxonomy":"product_tag","embeddable":true,"href":"https:\/\/firesafer.com\/tr\/wp-json\/wp\/v2\/product_tag?post=4222"}],"curies":[{"name":"wp","href":"https:\/\/api.w.org\/{rel}","templated":true}]}}