{"id":5996,"date":"2023-03-28T23:46:25","date_gmt":"2023-03-29T07:46:25","guid":{"rendered":"https:\/\/firesafer.com\/?page_id=5996"},"modified":"2024-04-09T07:29:19","modified_gmt":"2024-04-09T15:29:19","slug":"may-san-xuat-binh-chua-chay-2","status":"publish","type":"page","link":"https:\/\/firesafer.com\/vi\/fire-extinguisher-manufacturing-making-machine\/","title":{"rendered":"M\u00e1y s\u1ea3n xu\u1ea5t b\u00ecnh ch\u1eefa ch\u00e1y"},"content":{"rendered":"<div data-elementor-type=\"wp-page\" data-elementor-id=\"5996\" class=\"elementor elementor-5996\" data-elementor-post-type=\"page\">\n\t\t\t\t\t\t<section class=\"elementor-section elementor-top-section elementor-element elementor-element-9ead2eb elementor-section-content-middle elementor-section-boxed elementor-section-height-default elementor-section-height-default\" data-id=\"9ead2eb\" data-element_type=\"section\" data-e-type=\"section\" data-settings=\"{&quot;background_background&quot;:&quot;classic&quot;}\">\n\t\t\t\t\t\t\t<div class=\"elementor-background-overlay\"><\/div>\n\t\t\t\t\t\t\t<div class=\"elementor-container elementor-column-gap-default\">\n\t\t\t\t\t<div class=\"elementor-column elementor-col-100 elementor-top-column elementor-element elementor-element-a953826\" data-id=\"a953826\" data-element_type=\"column\" data-e-type=\"column\">\n\t\t\t<div class=\"elementor-widget-wrap elementor-element-populated\">\n\t\t\t\t\t\t<div class=\"elementor-element elementor-element-cc02dc8 elementor-widget__width-initial elementor-widget elementor-widget-heading\" data-id=\"cc02dc8\" data-element_type=\"widget\" data-e-type=\"widget\" data-widget_type=\"heading.default\">\n\t\t\t\t<div class=\"elementor-widget-container\">\n\t\t\t\t\t<h1 class=\"elementor-heading-title elementor-size-default\">M\u00e1y s\u1ea3n xu\u1ea5t b\u00ecnh ch\u1eefa ch\u00e1y M\u00e1y l\u00e0m b\u00ecnh ch\u1eefa ch\u00e1y<\/h1>\t\t\t\t<\/div>\n\t\t\t\t<\/div>\n\t\t\t\t<div class=\"elementor-element elementor-element-8fd4044 elementor-widget elementor-widget-sp-breadcrumbs\" data-id=\"8fd4044\" data-element_type=\"widget\" data-e-type=\"widget\" data-widget_type=\"sp-breadcrumbs.default\">\n\t\t\t\t<div class=\"elementor-widget-container\">\n\t\t\t\t\t<nav  aria-label=\"m\u1ea9u b\u00e1nh m\u00ec\"><ol class=\"breadcrumb\" itemscope itemtype=\"https:\/\/schema.org\/BreadcrumbList\"><li class=\"breadcrumb-item active\" aria-current=\"page\" itemprop=\"itemListElement\" itemscope itemtype=\"https:\/\/schema.org\/ListItem\"><span itemprop=\"name\">Trang ch\u1ee7<\/span><meta itemprop=\"position\" content=\"1\"><\/li><\/ol><\/nav>\t\t\t\t<\/div>\n\t\t\t\t<\/div>\n\t\t\t\t\t<\/div>\n\t\t<\/div>\n\t\t\t\t\t<\/div>\n\t\t<\/section>\n\t\t\t\t<section class=\"elementor-section elementor-top-section elementor-element elementor-element-0bcbd14 elementor-section-boxed elementor-section-height-default elementor-section-height-default\" data-id=\"0bcbd14\" data-element_type=\"section\" data-e-type=\"section\">\n\t\t\t\t\t\t<div class=\"elementor-container elementor-column-gap-default\">\n\t\t\t\t\t<div class=\"elementor-column elementor-col-100 elementor-top-column elementor-element elementor-element-46b4362\" data-id=\"46b4362\" data-element_type=\"column\" data-e-type=\"column\">\n\t\t\t<div class=\"elementor-widget-wrap elementor-element-populated\">\n\t\t\t\t\t\t<div class=\"elementor-element elementor-element-85d8da9 elementor-widget elementor-widget-text-editor\" data-id=\"85d8da9\" data-element_type=\"widget\" data-e-type=\"widget\" data-widget_type=\"text-editor.default\">\n\t\t\t\t<div class=\"elementor-widget-container\">\n\t\t\t\t\t\t\t\t\t<p>Firesafer, v\u1edbi t\u01b0 c\u00e1ch l\u00e0 m\u1ed9t nh\u00e0 m\u00e1y s\u1ea3n xu\u1ea5t m\u00e1y ch\u1eefa ch\u00e1y chuy\u00ean nghi\u1ec7p, \u0111\u00e3 tham gia s\u1ea3n xu\u1ea5t v\u00e0 ph\u00e1t tri\u1ec3n s\u1ea3n xu\u1ea5t b\u00ecnh ch\u1eefa ch\u00e1y trong h\u01a1n 10 n\u0103m. Ch\u00fang t\u00f4i cung c\u1ea5p m\u1ed9t b\u1ed9 thi\u1ebft b\u1ecb s\u1ea3n xu\u1ea5t b\u00ecnh ch\u1eefa ch\u00e1y ho\u00e0n ch\u1ec9nh \u0111\u1ec3 gi\u00fap b\u1ea1n s\u1ea3n xu\u1ea5t b\u00ecnh ch\u1eefa ch\u00e1y hi\u1ec7u qu\u1ea3 th\u00f4ng qua c\u00f4ng ngh\u1ec7 chuy\u00ean nghi\u1ec7p v\u00e0 kh\u1ea3 n\u0103ng s\u1ea3n xu\u1ea5t h\u00e0ng \u0111\u1ea7u trong ng\u00e0nh c\u1ee7a ch\u00fang t\u00f4i. V\u00e0 ch\u00fang t\u00f4i cung c\u1ea5p c\u00e1c gi\u1ea3i ph\u00e1p ch\u00eca kh\u00f3a trao tay \u0111\u1ec3 gi\u00fap d\u1ef1 \u00e1n c\u1ee7a b\u1ea1n di\u1ec5n ra su\u00f4n s\u1ebb.<\/p>\t\t\t\t\t\t\t\t<\/div>\n\t\t\t\t<\/div>\n\t\t\t\t\t<\/div>\n\t\t<\/div>\n\t\t\t\t\t<\/div>\n\t\t<\/section>\n\t\t\t\t<section class=\"elementor-section elementor-top-section elementor-element elementor-element-e63a3fc elementor-section-boxed elementor-section-height-default elementor-section-height-default\" data-id=\"e63a3fc\" data-element_type=\"section\" data-e-type=\"section\">\n\t\t\t\t\t\t<div class=\"elementor-container elementor-column-gap-default\">\n\t\t\t\t\t<div class=\"elementor-column elementor-col-100 elementor-top-column elementor-element elementor-element-1e6d028\" data-id=\"1e6d028\" data-element_type=\"column\" data-e-type=\"column\">\n\t\t\t<div class=\"elementor-widget-wrap elementor-element-populated\">\n\t\t\t\t\t\t<section class=\"elementor-section elementor-inner-section elementor-element elementor-element-57972a0 elementor-section-full_width elementor-section-height-default elementor-section-height-default\" data-id=\"57972a0\" data-element_type=\"section\" data-e-type=\"section\">\n\t\t\t\t\t\t<div class=\"elementor-container elementor-column-gap-default\">\n\t\t\t\t\t<div class=\"elementor-column elementor-col-25 elementor-inner-column elementor-element elementor-element-a35266d\" data-id=\"a35266d\" data-element_type=\"column\" data-e-type=\"column\">\n\t\t\t<div class=\"elementor-widget-wrap elementor-element-populated\">\n\t\t\t\t\t\t<div class=\"elementor-element elementor-element-5b2c0b7 elementor-widget elementor-widget-image\" data-id=\"5b2c0b7\" data-element_type=\"widget\" data-e-type=\"widget\" data-widget_type=\"image.default\">\n\t\t\t\t<div class=\"elementor-widget-container\">\n\t\t\t\t\t\t\t\t\t\t\t\t\t\t\t<img fetchpriority=\"high\" decoding=\"async\" width=\"800\" height=\"800\" src=\"https:\/\/firesafer.com\/wp-content\/uploads\/2023\/03\/Stamping-equipment.webp\" class=\"attachment-large size-large wp-image-6052\" alt=\"thi\u1ebft b\u1ecb d\u1eadp\" \/>\t\t\t\t\t\t\t\t\t\t\t\t\t\t\t<\/div>\n\t\t\t\t<\/div>\n\t\t\t\t<div class=\"elementor-element elementor-element-975f66d elementor-widget elementor-widget-heading\" data-id=\"975f66d\" data-element_type=\"widget\" data-e-type=\"widget\" data-widget_type=\"heading.default\">\n\t\t\t\t<div class=\"elementor-widget-container\">\n\t\t\t\t\t<p class=\"elementor-heading-title elementor-size-default\">D\u00e2y chuy\u1ec1n n\u1ea1p v\u00e0 \u0111\u1ed9t d\u1eadp servo t\u1ef1 \u0111\u1ed9ng<\/p>\t\t\t\t<\/div>\n\t\t\t\t<\/div>\n\t\t\t\t\t<\/div>\n\t\t<\/div>\n\t\t\t\t<div class=\"elementor-column elementor-col-25 elementor-inner-column elementor-element elementor-element-c823953\" data-id=\"c823953\" data-element_type=\"column\" data-e-type=\"column\">\n\t\t\t<div class=\"elementor-widget-wrap elementor-element-populated\">\n\t\t\t\t\t\t<div class=\"elementor-element elementor-element-af921f0 elementor-widget elementor-widget-image\" data-id=\"af921f0\" data-element_type=\"widget\" data-e-type=\"widget\" data-widget_type=\"image.default\">\n\t\t\t\t<div class=\"elementor-widget-container\">\n\t\t\t\t\t\t\t\t\t\t\t\t\t\t\t<img decoding=\"async\" width=\"800\" height=\"800\" src=\"https:\/\/firesafer.com\/wp-content\/uploads\/2023\/03\/Cylinder-body-shaping-line-02.webp\" class=\"attachment-large size-large wp-image-6005\" alt=\"d\u00e2y chuy\u1ec1n t\u1ea1o h\u00ecnh th\u00e2n xi lanh 02\" \/>\t\t\t\t\t\t\t\t\t\t\t\t\t\t\t<\/div>\n\t\t\t\t<\/div>\n\t\t\t\t<div class=\"elementor-element elementor-element-4fd6905 elementor-widget elementor-widget-heading\" data-id=\"4fd6905\" data-element_type=\"widget\" data-e-type=\"widget\" data-widget_type=\"heading.default\">\n\t\t\t\t<div class=\"elementor-widget-container\">\n\t\t\t\t\t<p class=\"elementor-heading-title elementor-size-default\">\u0110\u01b0\u1eddng \u1ed1ng c\u00e1n t\u1ef1 \u0111\u1ed9ng<\/p>\t\t\t\t<\/div>\n\t\t\t\t<\/div>\n\t\t\t\t\t<\/div>\n\t\t<\/div>\n\t\t\t\t<div class=\"elementor-column elementor-col-25 elementor-inner-column elementor-element elementor-element-095b273\" data-id=\"095b273\" data-element_type=\"column\" data-e-type=\"column\">\n\t\t\t<div class=\"elementor-widget-wrap elementor-element-populated\">\n\t\t\t\t\t\t<div class=\"elementor-element elementor-element-1adbf2e elementor-widget elementor-widget-image\" data-id=\"1adbf2e\" data-element_type=\"widget\" data-e-type=\"widget\" data-widget_type=\"image.default\">\n\t\t\t\t<div class=\"elementor-widget-container\">\n\t\t\t\t\t\t\t\t\t\t\t\t\t\t\t<img decoding=\"async\" width=\"800\" height=\"800\" src=\"https:\/\/firesafer.com\/wp-content\/uploads\/2023\/03\/deep-drawing-machines.webp\" class=\"attachment-large size-large wp-image-6054\" alt=\"m\u00e1y v\u1ebd s\u00e2u\" \/>\t\t\t\t\t\t\t\t\t\t\t\t\t\t\t<\/div>\n\t\t\t\t<\/div>\n\t\t\t\t<div class=\"elementor-element elementor-element-8b874b3 elementor-widget elementor-widget-heading\" data-id=\"8b874b3\" data-element_type=\"widget\" data-e-type=\"widget\" data-widget_type=\"heading.default\">\n\t\t\t\t<div class=\"elementor-widget-container\">\n\t\t\t\t\t<p class=\"elementor-heading-title elementor-size-default\">M\u00e1y v\u1ebd s\u00e2u<\/p>\t\t\t\t<\/div>\n\t\t\t\t<\/div>\n\t\t\t\t\t<\/div>\n\t\t<\/div>\n\t\t\t\t<div class=\"elementor-column elementor-col-25 elementor-inner-column elementor-element elementor-element-0a3a009\" data-id=\"0a3a009\" data-element_type=\"column\" data-e-type=\"column\">\n\t\t\t<div class=\"elementor-widget-wrap elementor-element-populated\">\n\t\t\t\t\t\t<div class=\"elementor-element elementor-element-0764013 elementor-widget elementor-widget-image\" data-id=\"0764013\" data-element_type=\"widget\" data-e-type=\"widget\" data-widget_type=\"image.default\">\n\t\t\t\t<div class=\"elementor-widget-container\">\n\t\t\t\t\t\t\t\t\t\t\t\t\t\t\t<img loading=\"lazy\" decoding=\"async\" width=\"800\" height=\"800\" src=\"https:\/\/firesafer.com\/wp-content\/uploads\/2023\/03\/welding-machine.webp\" class=\"attachment-large size-large wp-image-5848\" alt=\"m\u00e1y h\u00e0n\" \/>\t\t\t\t\t\t\t\t\t\t\t\t\t\t\t<\/div>\n\t\t\t\t<\/div>\n\t\t\t\t<div class=\"elementor-element elementor-element-f11123f elementor-widget elementor-widget-heading\" data-id=\"f11123f\" data-element_type=\"widget\" data-e-type=\"widget\" data-widget_type=\"heading.default\">\n\t\t\t\t<div class=\"elementor-widget-container\">\n\t\t\t\t\t<p class=\"elementor-heading-title elementor-size-default\">M\u00e1y h\u00e0n<\/p>\t\t\t\t<\/div>\n\t\t\t\t<\/div>\n\t\t\t\t\t<\/div>\n\t\t<\/div>\n\t\t\t\t\t<\/div>\n\t\t<\/section>\n\t\t\t\t<section class=\"elementor-section elementor-inner-section elementor-element elementor-element-0fa98e6 elementor-section-full_width elementor-section-height-default elementor-section-height-default\" data-id=\"0fa98e6\" data-element_type=\"section\" data-e-type=\"section\">\n\t\t\t\t\t\t<div class=\"elementor-container elementor-column-gap-default\">\n\t\t\t\t\t<div class=\"elementor-column elementor-col-25 elementor-inner-column elementor-element elementor-element-88d2ecd\" data-id=\"88d2ecd\" data-element_type=\"column\" data-e-type=\"column\">\n\t\t\t<div class=\"elementor-widget-wrap elementor-element-populated\">\n\t\t\t\t\t\t<div class=\"elementor-element elementor-element-b6a9b0e elementor-widget elementor-widget-image\" data-id=\"b6a9b0e\" data-element_type=\"widget\" data-e-type=\"widget\" data-widget_type=\"image.default\">\n\t\t\t\t<div class=\"elementor-widget-container\">\n\t\t\t\t\t\t\t\t\t\t\t\t\t\t\t<img loading=\"lazy\" decoding=\"async\" width=\"800\" height=\"800\" src=\"https:\/\/firesafer.com\/wp-content\/uploads\/2023\/03\/pressure-testing-machine.webp\" class=\"attachment-large size-large wp-image-6002\" alt=\"m\u00e1y ki\u1ec3m tra \u00e1p su\u1ea5t\" \/>\t\t\t\t\t\t\t\t\t\t\t\t\t\t\t<\/div>\n\t\t\t\t<\/div>\n\t\t\t\t<div class=\"elementor-element elementor-element-d24d41d elementor-widget elementor-widget-heading\" data-id=\"d24d41d\" data-element_type=\"widget\" data-e-type=\"widget\" data-widget_type=\"heading.default\">\n\t\t\t\t<div class=\"elementor-widget-container\">\n\t\t\t\t\t<p class=\"elementor-heading-title elementor-size-default\">M\u00e1y ki\u1ec3m tra<\/p>\t\t\t\t<\/div>\n\t\t\t\t<\/div>\n\t\t\t\t\t<\/div>\n\t\t<\/div>\n\t\t\t\t<div class=\"elementor-column elementor-col-25 elementor-inner-column elementor-element elementor-element-e7e373f\" data-id=\"e7e373f\" data-element_type=\"column\" data-e-type=\"column\">\n\t\t\t<div class=\"elementor-widget-wrap elementor-element-populated\">\n\t\t\t\t\t\t<div class=\"elementor-element elementor-element-f407e8c elementor-widget elementor-widget-image\" data-id=\"f407e8c\" data-element_type=\"widget\" data-e-type=\"widget\" data-widget_type=\"image.default\">\n\t\t\t\t<div class=\"elementor-widget-container\">\n\t\t\t\t\t\t\t\t\t\t\t\t\t\t\t<img loading=\"lazy\" decoding=\"async\" width=\"800\" height=\"250\" src=\"https:\/\/firesafer.com\/wp-content\/uploads\/2023\/03\/fire-extinguisher-production-line-03.webp\" class=\"attachment-large size-large wp-image-5865\" alt=\"d\u00e2y chuy\u1ec1n s\u1ea3n xu\u1ea5t b\u00ecnh ch\u1eefa ch\u00e1y 03\" \/>\t\t\t\t\t\t\t\t\t\t\t\t\t\t\t<\/div>\n\t\t\t\t<\/div>\n\t\t\t\t<div class=\"elementor-element elementor-element-c319237 elementor-widget elementor-widget-heading\" data-id=\"c319237\" data-element_type=\"widget\" data-e-type=\"widget\" data-widget_type=\"heading.default\">\n\t\t\t\t<div class=\"elementor-widget-container\">\n\t\t\t\t\t<p class=\"elementor-heading-title elementor-size-default\">D\u00e2y chuy\u1ec1n chi\u1ebft r\u00f3t b\u00ecnh ch\u1eefa ch\u00e1y b\u00e1n t\u1ef1 \u0111\u1ed9ng<\/p>\t\t\t\t<\/div>\n\t\t\t\t<\/div>\n\t\t\t\t\t<\/div>\n\t\t<\/div>\n\t\t\t\t<div class=\"elementor-column elementor-col-25 elementor-inner-column elementor-element elementor-element-8a84c5f\" data-id=\"8a84c5f\" data-element_type=\"column\" data-e-type=\"column\">\n\t\t\t<div class=\"elementor-widget-wrap elementor-element-populated\">\n\t\t\t\t\t\t<div class=\"elementor-element elementor-element-b4fd7a6 elementor-widget elementor-widget-image\" data-id=\"b4fd7a6\" data-element_type=\"widget\" data-e-type=\"widget\" data-widget_type=\"image.default\">\n\t\t\t\t<div class=\"elementor-widget-container\">\n\t\t\t\t\t\t\t\t\t\t\t\t\t\t\t<img loading=\"lazy\" decoding=\"async\" width=\"800\" height=\"800\" src=\"https:\/\/firesafer.com\/wp-content\/uploads\/2023\/03\/label-machine.webp\" class=\"attachment-large size-large wp-image-5845\" alt=\"m\u00e1y d\u00e1n nh\u00e3n\" \/>\t\t\t\t\t\t\t\t\t\t\t\t\t\t\t<\/div>\n\t\t\t\t<\/div>\n\t\t\t\t<div class=\"elementor-element elementor-element-e269edb elementor-widget elementor-widget-heading\" data-id=\"e269edb\" data-element_type=\"widget\" data-e-type=\"widget\" data-widget_type=\"heading.default\">\n\t\t\t\t<div class=\"elementor-widget-container\">\n\t\t\t\t\t<p class=\"elementor-heading-title elementor-size-default\">M\u00e1y d\u00e1n nh\u00e3n v\u00e0 \u0111\u00f3ng g\u00f3i<\/p>\t\t\t\t<\/div>\n\t\t\t\t<\/div>\n\t\t\t\t\t<\/div>\n\t\t<\/div>\n\t\t\t\t<div class=\"elementor-column elementor-col-25 elementor-inner-column elementor-element elementor-element-e37f190\" data-id=\"e37f190\" data-element_type=\"column\" data-e-type=\"column\">\n\t\t\t<div class=\"elementor-widget-wrap elementor-element-populated\">\n\t\t\t\t\t\t<div class=\"elementor-element elementor-element-0a6be67 elementor-widget elementor-widget-image\" data-id=\"0a6be67\" data-element_type=\"widget\" data-e-type=\"widget\" data-widget_type=\"image.default\">\n\t\t\t\t<div class=\"elementor-widget-container\">\n\t\t\t\t\t\t\t\t\t\t\t\t\t\t\t<img loading=\"lazy\" decoding=\"async\" width=\"800\" height=\"800\" src=\"https:\/\/firesafer.com\/wp-content\/uploads\/2023\/03\/Spraying.webp\" class=\"attachment-large size-large wp-image-5847\" alt=\"phun thu\u1ed1c\" \/>\t\t\t\t\t\t\t\t\t\t\t\t\t\t\t<\/div>\n\t\t\t\t<\/div>\n\t\t\t\t<div class=\"elementor-element elementor-element-64dff71 elementor-widget elementor-widget-heading\" data-id=\"64dff71\" data-element_type=\"widget\" data-e-type=\"widget\" data-widget_type=\"heading.default\">\n\t\t\t\t<div class=\"elementor-widget-container\">\n\t\t\t\t\t<h4 class=\"elementor-heading-title elementor-size-default\">D\u00e2y chuy\u1ec1n s\u01a1n t\u0129nh \u0111i\u1ec7n<\/h4>\t\t\t\t<\/div>\n\t\t\t\t<\/div>\n\t\t\t\t\t<\/div>\n\t\t<\/div>\n\t\t\t\t\t<\/div>\n\t\t<\/section>\n\t\t\t\t\t<\/div>\n\t\t<\/div>\n\t\t\t\t\t<\/div>\n\t\t<\/section>\n\t\t\t\t<section class=\"elementor-section elementor-top-section elementor-element elementor-element-fb621a7 elementor-section-boxed elementor-section-height-default elementor-section-height-default\" data-id=\"fb621a7\" data-element_type=\"section\" data-e-type=\"section\">\n\t\t\t\t\t\t<div class=\"elementor-container elementor-column-gap-default\">\n\t\t\t\t\t<div class=\"elementor-column elementor-col-50 elementor-top-column elementor-element elementor-element-cb547eb\" data-id=\"cb547eb\" data-element_type=\"column\" data-e-type=\"column\" data-settings=\"{&quot;background_background&quot;:&quot;classic&quot;}\">\n\t\t\t<div class=\"elementor-widget-wrap elementor-element-populated\">\n\t\t\t\t\t\t<div class=\"elementor-element elementor-element-c6b2c9a elementor-widget elementor-widget-heading\" data-id=\"c6b2c9a\" data-element_type=\"widget\" data-e-type=\"widget\" data-widget_type=\"heading.default\">\n\t\t\t\t<div class=\"elementor-widget-container\">\n\t\t\t\t\t<h2 class=\"elementor-heading-title elementor-size-default\">Ch\u1ea5p nh\u1eadn ho\u00e0n to\u00e0n t\u00f9y ch\u1ec9nh<\/h2>\t\t\t\t<\/div>\n\t\t\t\t<\/div>\n\t\t\t\t<div class=\"elementor-element elementor-element-bdb92f1 elementor-widget elementor-widget-text-editor\" data-id=\"bdb92f1\" data-element_type=\"widget\" data-e-type=\"widget\" data-widget_type=\"text-editor.default\">\n\t\t\t\t<div class=\"elementor-widget-container\">\n\t\t\t\t\t\t\t\t\t<p>Ch\u00fang t\u00f4i t\u00f9y ch\u1ec9nh thi\u1ebft b\u1ecb c\u1ee7a m\u00ecnh \u0111\u1ec3 \u0111\u00e1p \u1ee9ng nhu c\u1ea7u c\u00e1 nh\u00e2n c\u1ee7a b\u1ea1n v\u1ec1 c\u00f4ng su\u1ea5t, ng\u00e2n s\u00e1ch v\u00e0 c\u00e1c y\u1ebfu t\u1ed1 kh\u00e1c, \u0111\u1ed3ng th\u1eddi s\u1ea3n xu\u1ea5t n\u1ed9i b\u1ed9 \u0111\u1ec3 gi\u1ea3m chi ph\u00ed mua s\u1eafm chung c\u1ee7a ch\u01b0\u01a1ng tr\u00ecnh.<\/p>\t\t\t\t\t\t\t\t<\/div>\n\t\t\t\t<\/div>\n\t\t\t\t\t<\/div>\n\t\t<\/div>\n\t\t\t\t<div class=\"elementor-column elementor-col-50 elementor-top-column elementor-element elementor-element-f3bf153\" data-id=\"f3bf153\" data-element_type=\"column\" data-e-type=\"column\">\n\t\t\t<div class=\"elementor-widget-wrap elementor-element-populated\">\n\t\t\t\t\t\t<div class=\"elementor-element elementor-element-a549d91 elementor-widget elementor-widget-image\" data-id=\"a549d91\" data-element_type=\"widget\" data-e-type=\"widget\" data-widget_type=\"image.default\">\n\t\t\t\t<div class=\"elementor-widget-container\">\n\t\t\t\t\t\t\t\t\t\t\t\t\t\t\t<img loading=\"lazy\" decoding=\"async\" width=\"800\" height=\"600\" src=\"https:\/\/firesafer.com\/wp-content\/uploads\/2023\/03\/custom-solution.webp\" class=\"attachment-large size-large wp-image-5780\" alt=\"gi\u1ea3i ph\u00e1p t\u00f9y ch\u1ec9nh\" \/>\t\t\t\t\t\t\t\t\t\t\t\t\t\t\t<\/div>\n\t\t\t\t<\/div>\n\t\t\t\t\t<\/div>\n\t\t<\/div>\n\t\t\t\t\t<\/div>\n\t\t<\/section>\n\t\t\t\t<section class=\"elementor-section elementor-top-section elementor-element elementor-element-dffb379 elementor-section-boxed elementor-section-height-default elementor-section-height-default\" data-id=\"dffb379\" data-element_type=\"section\" data-e-type=\"section\">\n\t\t\t\t\t\t<div class=\"elementor-container elementor-column-gap-default\">\n\t\t\t\t\t<div class=\"elementor-column elementor-col-50 elementor-top-column elementor-element elementor-element-cc6eb50\" data-id=\"cc6eb50\" data-element_type=\"column\" data-e-type=\"column\">\n\t\t\t<div class=\"elementor-widget-wrap elementor-element-populated\">\n\t\t\t\t\t\t<div class=\"elementor-element elementor-element-2960d0e elementor-widget elementor-widget-image\" data-id=\"2960d0e\" data-element_type=\"widget\" data-e-type=\"widget\" data-widget_type=\"image.default\">\n\t\t\t\t<div class=\"elementor-widget-container\">\n\t\t\t\t\t\t\t\t\t\t\t\t\t\t\t<img loading=\"lazy\" decoding=\"async\" width=\"800\" height=\"600\" src=\"https:\/\/firesafer.com\/wp-content\/uploads\/2023\/03\/turnkey-extinguisher-solution.webp\" class=\"attachment-large size-large wp-image-5441\" alt=\"gi\u1ea3i ph\u00e1p ch\u1eefa ch\u00e1y ch\u00eca kh\u00f3a trao tay\" \/>\t\t\t\t\t\t\t\t\t\t\t\t\t\t\t<\/div>\n\t\t\t\t<\/div>\n\t\t\t\t\t<\/div>\n\t\t<\/div>\n\t\t\t\t<div class=\"elementor-column elementor-col-50 elementor-top-column elementor-element elementor-element-5106e44\" data-id=\"5106e44\" data-element_type=\"column\" data-e-type=\"column\" data-settings=\"{&quot;background_background&quot;:&quot;classic&quot;}\">\n\t\t\t<div class=\"elementor-widget-wrap elementor-element-populated\">\n\t\t\t\t\t\t<div class=\"elementor-element elementor-element-dddd5ea elementor-widget elementor-widget-heading\" data-id=\"dddd5ea\" data-element_type=\"widget\" data-e-type=\"widget\" data-widget_type=\"heading.default\">\n\t\t\t\t<div class=\"elementor-widget-container\">\n\t\t\t\t\t<h2 class=\"elementor-heading-title elementor-size-default\">C\u00e1c gi\u1ea3i ph\u00e1p ch\u00eca kh\u00f3a trao tay<\/h2>\t\t\t\t<\/div>\n\t\t\t\t<\/div>\n\t\t\t\t<div class=\"elementor-element elementor-element-91780c3 elementor-widget elementor-widget-text-editor\" data-id=\"91780c3\" data-element_type=\"widget\" data-e-type=\"widget\" data-widget_type=\"text-editor.default\">\n\t\t\t\t<div class=\"elementor-widget-container\">\n\t\t\t\t\t\t\t\t\t<p>Ch\u00fang t\u00f4i c\u00f3 th\u1ec3 x\u00e2y d\u1ef1ng cho b\u1ea1n m\u1ed9t d\u00e2y chuy\u1ec1n s\u1ea3n xu\u1ea5t t\u1ea5t c\u1ea3 c\u00e1c lo\u1ea1i b\u00ecnh ch\u1eefa ch\u00e1y, t\u1eeb s\u1ea3n xu\u1ea5t thi\u1ebft b\u1ecb \u0111\u1ebfn l\u1eafp \u0111\u1eb7t \u0111\u1ecba \u0111i\u1ec3m v\u00e0 \u0111\u00e0o t\u1ea1o nh\u00e2n vi\u00ean, gi\u00fap b\u1ea1n ti\u1ebft ki\u1ec7m th\u1eddi gian v\u00e0 ti\u1ec1n b\u1ea1c.<\/p>\t\t\t\t\t\t\t\t<\/div>\n\t\t\t\t<\/div>\n\t\t\t\t\t<\/div>\n\t\t<\/div>\n\t\t\t\t\t<\/div>\n\t\t<\/section>\n\t\t\t\t<\/div>","protected":false},"excerpt":{"rendered":"<p>Fire Extinguisher Manufacturing Machine Fire Extinguisher Making Machine Home Firesafer, as a professional fire extinguisher manufacturing machine factory, has been engaged in the production and development of fire extinguisher cylinder manufacturing for more than 10 years. We provide a complete set of fire extinguisher manufacturing equipment to help you achieve efficient fire extinguisher production through [&hellip;]<\/p>\n","protected":false},"author":1,"featured_media":0,"parent":0,"menu_order":0,"comment_status":"closed","ping_status":"closed","template":"","meta":{"_acf_changed":false,"_seopress_robots_primary_cat":"","_seopress_titles_title":"Fire Extinguisher Manufacturing Making Machine - Firesafer","_seopress_titles_desc":"Firesafer is the leading manfacturer of fire exitnguisher manufacturing and making machine. We can provide in-house production and custom solution to meet your demand of production of different types of fire extinguishers with factory direct price.","_seopress_robots_index":"","footnotes":""},"class_list":["post-5996","page","type-page","status-publish"],"acf":[],"_links":{"self":[{"href":"https:\/\/firesafer.com\/vi\/wp-json\/wp\/v2\/pages\/5996","targetHints":{"allow":["GET"]}}],"collection":[{"href":"https:\/\/firesafer.com\/vi\/wp-json\/wp\/v2\/pages"}],"about":[{"href":"https:\/\/firesafer.com\/vi\/wp-json\/wp\/v2\/types\/page"}],"author":[{"embeddable":true,"href":"https:\/\/firesafer.com\/vi\/wp-json\/wp\/v2\/users\/1"}],"replies":[{"embeddable":true,"href":"https:\/\/firesafer.com\/vi\/wp-json\/wp\/v2\/comments?post=5996"}],"version-history":[{"count":0,"href":"https:\/\/firesafer.com\/vi\/wp-json\/wp\/v2\/pages\/5996\/revisions"}],"wp:attachment":[{"href":"https:\/\/firesafer.com\/vi\/wp-json\/wp\/v2\/media?parent=5996"}],"curies":[{"name":"wp","href":"https:\/\/api.w.org\/{rel}","templated":true}]}}