{"id":196,"date":"2021-11-04T20:14:45","date_gmt":"2021-11-05T04:14:45","guid":{"rendered":"https:\/\/firesafer.com\/?post_type=product&#038;p=196"},"modified":"2023-04-06T05:59:46","modified_gmt":"2023-04-06T13:59:46","slug":"may-nap-co2","status":"publish","type":"product","link":"https:\/\/firesafer.com\/vi\/product\/co2-refilling-machine\/","title":{"rendered":"M\u00e1y n\u1ea1p b\u00ecnh ch\u1eefa ch\u00e1y CO2 GMT-C"},"content":{"rendered":"<p>C\u00e1c t\u00ednh n\u0103ng v\u00e0 \u01b0u \u0111i\u1ec3m:<\/p>\n<ul>\n<li>Kh\u00f4ng c\u1ea7n s\u01b0\u1edfi \u1ea5m v\u00e0 kh\u00f4ng c\u1ea7n l\u00e0m m\u00e1t<\/li>\n<li>Kh\u00f4ng ph\u1ee5 thu\u1ed9c v\u00e0o nhi\u1ec7t \u0111\u1ed9 m\u00f4i tr\u01b0\u1eddng trong qu\u00e1 tr\u00ecnh \u0111\u1ed5 \u0111\u1ea7y<\/li>\n<li>C\u00e1c b\u1ed9 ph\u1eadn quan tr\u1ecdng c\u1ee7a v\u00f2ng piston \u0111\u01b0\u1ee3c l\u00e0m b\u1eb1ng v\u1eadt li\u1ec7u ch\u1ecbu m\u00e0i m\u00f2n thi\u00eau k\u1ebft \u1edf nhi\u1ec7t \u0111\u1ed9 cao, v\u1edbi \u01b0u \u0111i\u1ec3m l\u00e0 ch\u1ed1ng m\u00e0i m\u00f2n, ch\u1ecbu \u00e1p su\u1ea5t cao, ch\u1ecbu nhi\u1ec7t \u0111\u1ed9 cao, v.v.<\/li>\n<li>Van n\u1ea1p v\u00e0 x\u1ea3 \u0111\u01b0\u1ee3c s\u1ea3n xu\u1ea5t theo c\u00f4ng ngh\u1ec7 m\u1edbi nh\u1ea5t d\u00e0nh cho b\u01a1m n\u1ea1p kh\u00ed cao \u00e1p<\/li>\n<li>T\u1ea5t c\u1ea3 c\u00e1c xi lanh b\u1eb1ng th\u00e9p kh\u00f4ng g\u1ec9 v\u00e0 cacte ho\u00e0n to\u00e0n b\u1eb1ng nh\u00f4m v\u1edbi \u0111\u1ed9ng c\u01a1 th\u01b0\u01a1ng hi\u1ec7u c\u00f4ng su\u1ea5t cao 1,5kw<\/li>\n<\/ul>\n<p>&nbsp;<\/p>\n<p>M\u00e1y n\u1ea1p CO2 th\u1ebf h\u1ec7 th\u1ee9 ba kh\u00f4ng c\u1ea7n l\u00e0m n\u00f3ng ho\u1eb7c l\u00e0m m\u00e1t khi n\u1ea1p v\u00e0 kh\u00f4ng b\u1ecb \u1ea3nh h\u01b0\u1edfng b\u1edfi nhi\u1ec7t \u0111\u1ed9 m\u00f4i tr\u01b0\u1eddng (-25C \u0111\u1ebfn +40C c\u00f3 th\u1ec3 n\u1ea1p b\u00ecnh th\u01b0\u1eddng), khi n\u1ea1p, CO2 trong xi lanh l\u1edbn l\u1ea7n \u0111\u1ea7u ti\u00ean \u0111\u01b0\u1ee3c b\u01a1m ra ngo\u00e0i , sau \u0111\u00f3 nhanh ch\u00f3ng \u0111\u01b0\u1ee3c \u0111\u1ed5 \u0111\u1ea7y v\u00e0o xi lanh nh\u1ecf sau khi \u0111\u01b0\u1ee3c t\u1ea1o \u00e1p su\u1ea5t b\u1eb1ng m\u00e1y \u00e9p CO2 chuy\u00ean nghi\u1ec7p trong m\u00e1y r\u00f3t. Ch\u1ec9 m\u1ea5t 1 ph\u00fat \u0111\u1ec3 \u0111\u1ed5 \u0111\u1ea7y 1 chai CO2 3kg v\u00e0 5-10 gi\u00e2y \u0111\u1ec3 n\u1ea1p l\u1ea1i CO2, \u0111\u1ed3ng th\u1eddi ti\u1ec1n \u0111i\u1ec7n l\u00e0 3-5 cent. N\u00f3 c\u00f3 th\u1ec3 \u0111\u1ed5 \u0111\u1ea7y b\u00ecnh ch\u1eefa ch\u00e1y C2 c\u1ea7m tay 1,2,3,5,7,9kg v\u00e0 b\u00ecnh ch\u1eefa ch\u00e1y CO2 lo\u1ea1i xe \u0111\u1ea9y 25kg, 45kg, 100kg, \u0111\u1ed3ng th\u1eddi c\u0169ng c\u00f3 th\u1ec3 b\u01a1m l\u1ea1i C02, c\u00f3 th\u1ec3 b\u01a1m ng\u01b0\u1ee3c CO2 t\u1eeb xi lanh nh\u1ecf sang xi lanh l\u1edbn ho\u1eb7c lo\u1ea1i kh\u00e1c. xi lanh nh\u1ecf. N\u00f3 c\u00f3 \u01b0u \u0111i\u1ec3m l\u00e0 \u0111\u1ed5 \u0111\u1ea7y d\u1ec5 d\u00e0ng, nhanh ch\u00f3ng, ti\u1ebft ki\u1ec7m \u0111i\u1ec7n, ti\u1ebft ki\u1ec7m gas, b\u1ea3o tr\u00ec d\u1ec5 d\u00e0ng, v.v. \u0110\u00e2y l\u00e0 thi\u1ebft b\u1ecb \u0111\u1ed5 \u0111\u1ea7y g\u1eafn li\u1ec1n v\u1edbi nh\u00e0 m\u00e1y s\u1ea3n xu\u1ea5t b\u00ecnh ch\u1eefa ch\u00e1y v\u00e0 b\u1ea3o tr\u00ec b\u00ecnh ch\u1eefa ch\u00e1y.<\/p>\n<p>&nbsp;<\/p>\n<ol>\n<li><span data-spm-anchor-id=\"a2700.details.0.i51.2463729d5lqq1N\">Ch\u00fang t\u00f4i chuy\u00ean s\u1ea3n xu\u1ea5t c\u00e1c s\u1ea3n ph\u1ea9m c\u1ee9u sinh<\/span><\/li>\n<li data-spm-anchor-id=\"a2700.details.0.i50.2463729d5lqq1N\">OEM c\u00f3 s\u1eb5n v\u00e0 in logo c\u1ee7a b\u1ea1n<\/li>\n<li>Ch\u00fang t\u00f4i c\u00f3 nh\u00f3m d\u1ecbch v\u1ee5 kh\u00e1ch h\u00e0ng h\u01a1n 10 n\u0103m v\u00e0 quen thu\u1ed9c v\u1edbi vi\u1ec7c v\u1eadn chuy\u1ec3n<\/li>\n<li>\u0110i\u1ec1u n\u00e0y s\u1ebd v\u1eadn chuy\u1ec3n s\u1edbm v\u00e0 su\u00f4n s\u1ebb v\u00e0 gi\u1ea3m chi ph\u00ed cho kh\u00e1ch h\u00e0ng.<\/li>\n<li data-spm-anchor-id=\"a2700.details.0.i49.2463729d5lqq1N\">D\u1ecbch v\u1ee5 kh\u00e1ch h\u00e0ng l\u00e0 \u01b0u ti\u00ean h\u00e0ng \u0111\u1ea7u v\u00e0 s\u1ebd \u0111\u01b0\u1ee3c ph\u1ea3n h\u1ed3i trong v\u00f2ng 24 gi\u1edd.<\/li>\n<\/ol>","protected":false},"excerpt":{"rendered":"<p data-spm-anchor-id=\"a2700.details.0.i29.2463729d5lqq1N\"><span data-spm-anchor-id=\"a2700.details.0.i28.2463729d5lqq1N\">M\u00e1y \u0111\u00f3ng g\u00f3i CO2 GMT-C l\u00e0 lo\u1ea1i m\u00e1y n\u1ea1p kh\u00ed CO2 lo\u1ea1i nh\u1ecf v\u00e0 di \u0111\u1ed9ng. C\u1ea3 hai b\u00ecnh c\u00f3 siphon v\u00e0 <\/span>b\u00ecnh \u00e1p l\u1ef1c trung gian c\u00f3 th\u1ec3 \u0111\u01b0\u1ee3c s\u1eed d\u1ee5ng l\u00e0m \u0111\u1ea7y CO2.<\/p>\n<p><span data-spm-anchor-id=\"a2700.details.0.i34.2463729d5lqq1N\">Ph\u1ea3i s\u1eed d\u1ee5ng c\u00e2n \u0111i\u1ec7n t\u1eed l\u00e0m c\u0103n c\u1ee9 c\u00e2n tr\u1ecdng l\u01b0\u1ee3ng khi chi\u1ebft r\u00f3t.<\/span><\/p>\n<p data-spm-anchor-id=\"a2700.details.0.i47.2463729d5lqq1N\">","protected":false},"featured_media":1867,"template":"","meta":{"_acf_changed":false,"_seopress_robots_primary_cat":"none","_seopress_titles_title":"","_seopress_titles_desc":"","_seopress_robots_index":""},"product_brand":[],"product_cat":[50],"product_tag":[],"class_list":{"0":"post-196","1":"product","2":"type-product","3":"status-publish","4":"has-post-thumbnail","6":"product_cat-co2-refilling-machine","8":"first","9":"instock","10":"shipping-taxable","11":"product-type-simple"},"acf":[],"_links":{"self":[{"href":"https:\/\/firesafer.com\/vi\/wp-json\/wp\/v2\/product\/196","targetHints":{"allow":["GET"]}}],"collection":[{"href":"https:\/\/firesafer.com\/vi\/wp-json\/wp\/v2\/product"}],"about":[{"href":"https:\/\/firesafer.com\/vi\/wp-json\/wp\/v2\/types\/product"}],"wp:featuredmedia":[{"embeddable":true,"href":"https:\/\/firesafer.com\/vi\/wp-json\/wp\/v2\/media\/1867"}],"wp:attachment":[{"href":"https:\/\/firesafer.com\/vi\/wp-json\/wp\/v2\/media?parent=196"}],"wp:term":[{"taxonomy":"product_brand","embeddable":true,"href":"https:\/\/firesafer.com\/vi\/wp-json\/wp\/v2\/product_brand?post=196"},{"taxonomy":"product_cat","embeddable":true,"href":"https:\/\/firesafer.com\/vi\/wp-json\/wp\/v2\/product_cat?post=196"},{"taxonomy":"product_tag","embeddable":true,"href":"https:\/\/firesafer.com\/vi\/wp-json\/wp\/v2\/product_tag?post=196"}],"curies":[{"name":"wp","href":"https:\/\/api.w.org\/{rel}","templated":true}]}}