{"id":3626,"date":"2022-05-13T05:07:31","date_gmt":"2022-05-13T13:07:31","guid":{"rendered":"https:\/\/firesafer.com\/?post_type=product&#038;p=3626"},"modified":"2024-07-10T06:48:33","modified_gmt":"2024-07-10T14:48:33","slug":"may-nap-binh-chua-chay-fs-20a","status":"publish","type":"product","link":"https:\/\/firesafer.com\/vi\/product\/fs-20a-extinguisher-filling-machine\/","title":{"rendered":"M\u00e1y chi\u1ebft r\u00f3t b\u1ed9t kh\u00f4 t\u1ed1c \u0111\u1ed9 cao FS-20A ABC"},"content":{"rendered":"<p><strong>D\u00e2y chuy\u1ec1n n\u1ea1p b\u1ed9t kh\u00f4 b\u00ecnh ch\u1eefa ch\u00e1y x\u00e1ch tay lo\u1ea1i \u0111\u01a1n gi\u1ea3n hai v\u1ecb tr\u00ed<\/strong><\/p>\n<p>&nbsp;<\/p>\n<p><img fetchpriority=\"high\" decoding=\"async\" class=\"wp-image-3854 size-large\" src=\"http:\/\/firesafer.com\/wp-content\/uploads\/2022\/05\/double-station-powder-filling-machine-1024x667.jpg\" alt=\"m\u00e1y r\u00f3t b\u1ed9t tr\u1ea1m \u0111\u00f4i\" width=\"800\" height=\"521\" srcset=\"https:\/\/firesafer.com\/wp-content\/uploads\/2022\/05\/double-station-powder-filling-machine.jpg 1024w, https:\/\/firesafer.com\/wp-content\/uploads\/2022\/05\/double-station-powder-filling-machine-300x196.jpg 300w, https:\/\/firesafer.com\/wp-content\/uploads\/2022\/05\/double-station-powder-filling-machine-768x500.jpg 768w, https:\/\/firesafer.com\/wp-content\/uploads\/2022\/05\/double-station-powder-filling-machine-600x391.jpg 600w\" sizes=\"(max-width: 800px) 100vw, 800px\" \/><\/p>\n<p><strong>Thu\u1eadn l\u1ee3i<\/strong>:<\/p>\n<p>To\u00e0n b\u1ed9 thi\u1ebft b\u1ecb \u0111\u01b0\u1ee3c chia th\u00e0nh ba h\u1ec7 th\u1ed1ng ch\u1eb7n b\u1ed9t kh\u00f4<\/p>\n<p>Giai \u0111o\u1ea1n \u0111\u1ea7u ti\u00ean: van k\u1eb9p kh\u00ed n\u00e9n<\/p>\n<p>Giai \u0111o\u1ea1n th\u1ee9 hai: van bi ch\u1eef T v\u00e0 xi lanh m\u1ecfng lo\u1ea1i SDA<\/p>\n<p>Giai \u0111o\u1ea1n th\u1ee9 ba: h\u1ec7 th\u1ed1ng thu gom b\u1ed9t kh\u00f4 h\u00fat to\u00e0n b\u1ed9 b\u1ee5i c\u00f2n l\u1ea1i t\u1eeb mi\u1ec7ng chai c\u1ee7a m\u00e1y chi\u1ebft v\u00e0 b\u1ee5i tr\u00f4i n\u1ed5i trong \u0111\u1ea7u chi\u1ebft tr\u1edf l\u1ea1i b\u1ec3 thu h\u1ed3i b\u00ean ngo\u00e0i thi\u1ebft b\u1ecb, gi\u00fap gi\u1ea3m thi\u1ec3u l\u00e3ng ph\u00ed v\u1eadt li\u1ec7u v\u00e0 gi\u1ea3i quy\u1ebft hi\u1ec7n t\u01b0\u1ee3ng \u00f4 nhi\u1ec5m b\u1ee5i l\u1edbn.<\/p>","protected":false},"excerpt":{"rendered":"<p><strong>Kh\u1ea3 n\u0103ng s\u1ea3n xu\u1ea5t<\/strong>: 350 chi\u1ebfc\/gi\u1edd<\/p>\n<p><strong>Ph\u1ea1m vi \u0111i\u1ec1n<\/strong>: 1-12kg<\/p>\n<ul>\n<li>High degree of automation<\/li>\n<li>Th\u00f4ng s\u1ed1 k\u1ef9 thu\u1eadt \u00e1p d\u1ee5ng<\/li>\n<li>Hi\u1ec7u qu\u1ea3 s\u1ea3n xu\u1ea5t cao<\/li>\n<\/ul>","protected":false},"featured_media":3766,"template":"","meta":{"_acf_changed":false,"_seopress_robots_primary_cat":"none","_seopress_titles_title":"","_seopress_titles_desc":"","_seopress_robots_index":""},"product_brand":[],"product_cat":[48],"product_tag":[],"class_list":{"0":"post-3626","1":"product","2":"type-product","3":"status-publish","4":"has-post-thumbnail","6":"product_cat-dry-powder-filling-machine","8":"first","9":"instock","10":"shipping-taxable","11":"product-type-simple"},"acf":[],"_links":{"self":[{"href":"https:\/\/firesafer.com\/vi\/wp-json\/wp\/v2\/product\/3626","targetHints":{"allow":["GET"]}}],"collection":[{"href":"https:\/\/firesafer.com\/vi\/wp-json\/wp\/v2\/product"}],"about":[{"href":"https:\/\/firesafer.com\/vi\/wp-json\/wp\/v2\/types\/product"}],"wp:featuredmedia":[{"embeddable":true,"href":"https:\/\/firesafer.com\/vi\/wp-json\/wp\/v2\/media\/3766"}],"wp:attachment":[{"href":"https:\/\/firesafer.com\/vi\/wp-json\/wp\/v2\/media?parent=3626"}],"wp:term":[{"taxonomy":"product_brand","embeddable":true,"href":"https:\/\/firesafer.com\/vi\/wp-json\/wp\/v2\/product_brand?post=3626"},{"taxonomy":"product_cat","embeddable":true,"href":"https:\/\/firesafer.com\/vi\/wp-json\/wp\/v2\/product_cat?post=3626"},{"taxonomy":"product_tag","embeddable":true,"href":"https:\/\/firesafer.com\/vi\/wp-json\/wp\/v2\/product_tag?post=3626"}],"curies":[{"name":"wp","href":"https:\/\/api.w.org\/{rel}","templated":true}]}}