{"id":4209,"date":"2022-06-16T00:54:53","date_gmt":"2022-06-16T08:54:53","guid":{"rendered":"https:\/\/firesafer.com\/?post_type=product&#038;p=4209"},"modified":"2024-07-10T06:47:55","modified_gmt":"2024-07-10T14:47:55","slug":"may-lam-bot-kho-fs-30a","status":"publish","type":"product","link":"https:\/\/firesafer.com\/vi\/product\/fs-30a-dry-powder-filling-machine\/","title":{"rendered":"M\u00e1y chi\u1ebft r\u00f3t b\u00ecnh ch\u1eefa ch\u00e1y b\u1ed9t kh\u00f4 FS-30A \u0111\u1ec3 s\u1ea3n xu\u1ea5t b\u00ecnh ch\u1eefa ch\u00e1y"},"content":{"rendered":"<p><strong>D\u00e2y chuy\u1ec1n n\u1ea1p b\u1ed9t kh\u00f4 c\u1ea7m tay lo\u1ea1i \u0111\u01a1n gi\u1ea3n ba tr\u1ea1m<\/strong><\/p>\n<p>&nbsp;<\/p>\n<p><img fetchpriority=\"high\" decoding=\"async\" class=\"wp-image-4217 size-full\" src=\"http:\/\/firesafer.com\/wp-content\/uploads\/2022\/06\/Three-stations-workflow-1.jpg\" alt=\"quy tr\u00ecnh l\u00e0m vi\u1ec7c ba tr\u1ea1m\" width=\"1331\" height=\"702\" srcset=\"https:\/\/firesafer.com\/wp-content\/uploads\/2022\/06\/Three-stations-workflow-1.jpg 1024w, https:\/\/firesafer.com\/wp-content\/uploads\/2022\/06\/Three-stations-workflow-1-300x158.jpg 300w, https:\/\/firesafer.com\/wp-content\/uploads\/2022\/06\/Three-stations-workflow-1-768x405.jpg 768w, https:\/\/firesafer.com\/wp-content\/uploads\/2022\/06\/Three-stations-workflow-1-600x316.jpg 600w\" sizes=\"(max-width: 1331px) 100vw, 1331px\" \/><\/p>\n<table style=\"height: 391px;\" width=\"1059\">\n<tbody>\n<tr>\n<td width=\"151\"><strong>S\u1ea3n ph\u1ea9m ch\u00ednh<\/strong><\/td>\n<td width=\"116\"><strong>Hi\u1ec7u qu\u1ea3<\/strong><\/p>\n<p><strong>(C\u00e1i\/gi\u1edd)<\/strong><\/td>\n<td width=\"74\"><strong>Quy\u1ec1n l\u1ef1c<\/strong><\/p>\n<p><strong>(Kw)<\/strong><\/td>\n<td width=\"166\"><strong>K\u00edch c\u1ee1<\/strong><\/p>\n<p><strong>D\u00e0i*W*W(mm)<\/strong><\/td>\n<td width=\"236\"><strong>B\u00ecnh lu\u1eadn<\/strong><\/td>\n<\/tr>\n<tr>\n<td width=\"151\">M\u00e1y chi\u1ebft r\u00f3t ba tr\u1ea1m<\/td>\n<td width=\"116\">400<\/td>\n<td width=\"74\">4<\/td>\n<td width=\"166\">1300*1300*2000<\/td>\n<td width=\"236\">V\u1edbi gi\u00e1 4kg\/chi\u1ebfc;<\/td>\n<\/tr>\n<tr>\n<td width=\"151\">m\u00e1y \u1ee9ng d\u1ee5ng d\u1ea7u<\/td>\n<td width=\"116\">500<\/td>\n<td width=\"74\">0.45<\/td>\n<td width=\"166\">850*620*2692<\/td>\n<td width=\"236\">D\u1ec5 d\u00e0ng ch\u00e8n v\u00e0 b\u00f4i tr\u01a1n \u1ed1ng h\u00fat<\/td>\n<\/tr>\n<tr>\n<td width=\"151\">M\u00e1y van v\u1eb7n tr\u01b0\u1edbc<\/td>\n<td width=\"116\">500<\/td>\n<td width=\"74\">0.45<\/td>\n<td width=\"166\">620*780*900<\/td>\n<td width=\"236\">N\u00e2ng cao hi\u1ec7u qu\u1ea3 c\u1ee7a vi\u1ec7c v\u1eb7n tr\u01b0\u1edbc van b\u1eb1ng tay<\/td>\n<\/tr>\n<tr>\n<td width=\"151\">M\u00e1y si\u1ebft van<\/td>\n<td width=\"116\">500<\/td>\n<td width=\"74\">3.5<\/td>\n<td width=\"166\">900**90*1200<\/td>\n<td width=\"236\">Ki\u1ec3m so\u00e1t m\u00f4-men xo\u1eafn v\u1edbi m\u00f4-men xo\u1eafn c\u00f3 th\u1ec3 \u0111i\u1ec1u ch\u1ec9nh<\/td>\n<\/tr>\n<tr>\n<td width=\"151\">d\u00e2y chuy\u1ec1n b\u0103ng t\u1ea3i<\/td>\n<td width=\"116\">500<\/td>\n<td width=\"74\">3<\/td>\n<td width=\"166\">4000*300*800-2 d\u00f2ng<\/td>\n<td width=\"236\">T\u1ea5m x\u00edch th\u00e9p kh\u00f4ng g\u1ec9 ch\u1ed1ng \u0103n m\u00f2n b\u1ed9t kh\u00f4 hi\u1ec7u qu\u1ea3<\/td>\n<\/tr>\n<\/tbody>\n<\/table>","protected":false},"excerpt":{"rendered":"<p><strong>Kh\u1ea3 n\u0103ng s\u1ea3n xu\u1ea5t<\/strong>: 400 chi\u1ebfc\/gi\u1edd<\/p>\n<p><strong>Ph\u1ea1m vi \u0111i\u1ec1n<\/strong>: 1-12kg<\/p>\n<ul>\n<li>High degree of automation<\/li>\n<li>Th\u00f4ng s\u1ed1 k\u1ef9 thu\u1eadt \u00e1p d\u1ee5ng<\/li>\n<li>Hi\u1ec7u qu\u1ea3 tuy\u1ec7t \u0111\u1ed1i<\/li>\n<li><strong>Hi\u1ec7u su\u1ea5t chi ph\u00ed cao<\/strong><\/li>\n<li>\u00d4 nhi\u1ec5m kh\u00f4ng b\u1ee5i<\/li>\n<li>\u0110i\u1ec1u khi\u1ec3n m\u00e0n h\u00ecnh<\/li>\n<\/ul>","protected":false},"featured_media":4212,"template":"","meta":{"_acf_changed":false,"_seopress_robots_primary_cat":"none","_seopress_titles_title":"","_seopress_titles_desc":"","_seopress_robots_index":""},"product_brand":[],"product_cat":[48],"product_tag":[],"class_list":{"0":"post-4209","1":"product","2":"type-product","3":"status-publish","4":"has-post-thumbnail","6":"product_cat-dry-powder-filling-machine","8":"first","9":"instock","10":"shipping-taxable","11":"product-type-simple"},"acf":[],"_links":{"self":[{"href":"https:\/\/firesafer.com\/vi\/wp-json\/wp\/v2\/product\/4209","targetHints":{"allow":["GET"]}}],"collection":[{"href":"https:\/\/firesafer.com\/vi\/wp-json\/wp\/v2\/product"}],"about":[{"href":"https:\/\/firesafer.com\/vi\/wp-json\/wp\/v2\/types\/product"}],"wp:featuredmedia":[{"embeddable":true,"href":"https:\/\/firesafer.com\/vi\/wp-json\/wp\/v2\/media\/4212"}],"wp:attachment":[{"href":"https:\/\/firesafer.com\/vi\/wp-json\/wp\/v2\/media?parent=4209"}],"wp:term":[{"taxonomy":"product_brand","embeddable":true,"href":"https:\/\/firesafer.com\/vi\/wp-json\/wp\/v2\/product_brand?post=4209"},{"taxonomy":"product_cat","embeddable":true,"href":"https:\/\/firesafer.com\/vi\/wp-json\/wp\/v2\/product_cat?post=4209"},{"taxonomy":"product_tag","embeddable":true,"href":"https:\/\/firesafer.com\/vi\/wp-json\/wp\/v2\/product_tag?post=4209"}],"curies":[{"name":"wp","href":"https:\/\/api.w.org\/{rel}","templated":true}]}}