{"id":4222,"date":"2022-06-16T02:09:52","date_gmt":"2022-06-16T10:09:52","guid":{"rendered":"https:\/\/firesafer.com\/?post_type=product&#038;p=4222"},"modified":"2024-07-10T06:46:36","modified_gmt":"2024-07-10T14:46:36","slug":"may-dong-goi-fs-40a","status":"publish","type":"product","link":"https:\/\/firesafer.com\/vi\/product\/fs-40a-fiiling-machine\/","title":{"rendered":"D\u00e2y chuy\u1ec1n chi\u1ebft r\u00f3t b\u00ecnh ch\u1eefa ch\u00e1y b\u1ed9t kh\u00f4 ho\u00e0n to\u00e0n t\u1ef1 \u0111\u1ed9ng FS-40A"},"content":{"rendered":"<p><strong>D\u00e2y chuy\u1ec1n n\u1ea1p b\u00ecnh ch\u1eefa ch\u00e1y b\u1ed9t kh\u00f4 di \u0111\u1ed9ng b\u1ed1n tr\u1ea1m<\/strong><\/p>\n<p><img fetchpriority=\"high\" decoding=\"async\" class=\"size-full wp-image-4228\" src=\"http:\/\/firesafer.com\/wp-content\/uploads\/2022\/06\/Four-Stations-Work-Flow.jpg\" alt=\"b\u1ed1n tr\u1ea1m l\u00e0m vi\u1ec7c d\u00f2ng ch\u1ea3y\" width=\"1724\" height=\"1129\" srcset=\"https:\/\/firesafer.com\/wp-content\/uploads\/2022\/06\/Four-Stations-Work-Flow.jpg 1024w, https:\/\/firesafer.com\/wp-content\/uploads\/2022\/06\/Four-Stations-Work-Flow-300x196.jpg 300w, https:\/\/firesafer.com\/wp-content\/uploads\/2022\/06\/Four-Stations-Work-Flow-768x503.jpg 768w, https:\/\/firesafer.com\/wp-content\/uploads\/2022\/06\/Four-Stations-Work-Flow-1536x1006.jpg 1536w, https:\/\/firesafer.com\/wp-content\/uploads\/2022\/06\/Four-Stations-Work-Flow-600x393.jpg 600w\" sizes=\"(max-width: 1724px) 100vw, 1724px\" \/><\/p>\n<p>&nbsp;<\/p>","protected":false},"excerpt":{"rendered":"<p><strong>Kh\u1ea3 n\u0103ng s\u1ea3n xu\u1ea5t<\/strong>: 500 chi\u1ebfc\/gi\u1edd<\/p>\n<p><strong>Ph\u1ea1m vi \u0111i\u1ec1n<\/strong>: 3-8kg<\/p>\n<ul>\n<li>High degree of automation<\/li>\n<li>C\u1ef1c k\u1ef3 hi\u1ec7u qu\u1ea3<\/li>\n<li>V\u00f2ng cao su t\u00f9y ch\u1ec9nh \u0111\u1ec3 ng\u0103n ch\u1eb7n r\u00f2 r\u1ec9 b\u1ee5i nh\u1ecf<\/li>\n<li>C\u1eeda quan s\u00e1t trong su\u1ed1t \u0111\u1ec3 ch\u1eb7n b\u1ee5i<\/li>\n<li>Kh\u1ea3 n\u0103ng ch\u1ed1ng \u0103n m\u00f2n b\u1ed9t kh\u00f4 t\u1ed1t h\u01a1n<\/li>\n<li>V\u1eb7n van t\u1ef1 \u0111\u1ed9ng<\/li>\n<li>B\u1ed9t chuy\u1ec3n ti\u1ebfp l\u1edbn<\/li>\n<\/ul>","protected":false},"featured_media":4227,"template":"","meta":{"_acf_changed":false,"_seopress_robots_primary_cat":"none","_seopress_titles_title":"","_seopress_titles_desc":"","_seopress_robots_index":""},"product_brand":[],"product_cat":[48],"product_tag":[],"class_list":{"0":"post-4222","1":"product","2":"type-product","3":"status-publish","4":"has-post-thumbnail","6":"product_cat-dry-powder-filling-machine","8":"first","9":"instock","10":"shipping-taxable","11":"product-type-simple"},"acf":[],"_links":{"self":[{"href":"https:\/\/firesafer.com\/vi\/wp-json\/wp\/v2\/product\/4222","targetHints":{"allow":["GET"]}}],"collection":[{"href":"https:\/\/firesafer.com\/vi\/wp-json\/wp\/v2\/product"}],"about":[{"href":"https:\/\/firesafer.com\/vi\/wp-json\/wp\/v2\/types\/product"}],"wp:featuredmedia":[{"embeddable":true,"href":"https:\/\/firesafer.com\/vi\/wp-json\/wp\/v2\/media\/4227"}],"wp:attachment":[{"href":"https:\/\/firesafer.com\/vi\/wp-json\/wp\/v2\/media?parent=4222"}],"wp:term":[{"taxonomy":"product_brand","embeddable":true,"href":"https:\/\/firesafer.com\/vi\/wp-json\/wp\/v2\/product_brand?post=4222"},{"taxonomy":"product_cat","embeddable":true,"href":"https:\/\/firesafer.com\/vi\/wp-json\/wp\/v2\/product_cat?post=4222"},{"taxonomy":"product_tag","embeddable":true,"href":"https:\/\/firesafer.com\/vi\/wp-json\/wp\/v2\/product_tag?post=4222"}],"curies":[{"name":"wp","href":"https:\/\/api.w.org\/{rel}","templated":true}]}}